{"id":9443,"date":"2025-12-17T08:16:48","date_gmt":"2025-12-17T07:16:48","guid":{"rendered":"https:\/\/www.waefler-hufbeschlag.ch\/?post_type=product&#038;p=9443"},"modified":"2025-12-17T08:18:57","modified_gmt":"2025-12-17T07:18:57","slug":"kerzenstaender-aus-hufeisen-schwarz-lackiert-kopie","status":"publish","type":"product","link":"https:\/\/www.waefler-hufbeschlag.ch\/?product=kerzenstaender-aus-hufeisen-schwarz-lackiert-kopie","title":{"rendered":"Kerzenst\u00e4nder aus Hufeisen Schwarz-Lackiert"},"content":{"rendered":"<p>Kerzenst\u00e4nder f\u00fcr Kugelkerze (ohne Kerze)<\/p>\n<p>Farbe Schwarz Lackiert<\/p>\n","protected":false},"excerpt":{"rendered":"<p>Kerzenst\u00e4nder f\u00fcr Kugelkerze (ohne Kerze)<\/p>\n<p>Farbe Natur Lackiert<\/p>\n","protected":false},"featured_media":9433,"template":"","meta":[],"product_brand":[],"product_cat":[163],"product_tag":[172],"class_list":{"0":"post-9443","1":"product","2":"type-product","3":"status-publish","4":"has-post-thumbnail","6":"product_cat-geschenk-ideen","7":"product_tag-kerzenstaender-aus-hufeisen-fuer-kugelkerzen","8":"product_shipping_class-0-1-1-0-kg","10":"first","11":"instock","12":"taxable","13":"shipping-taxable","14":"purchasable","15":"product-type-simple"},"_links":{"self":[{"href":"https:\/\/www.waefler-hufbeschlag.ch\/index.php?rest_route=\/wp\/v2\/product\/9443","targetHints":{"allow":["GET"]}}],"collection":[{"href":"https:\/\/www.waefler-hufbeschlag.ch\/index.php?rest_route=\/wp\/v2\/product"}],"about":[{"href":"https:\/\/www.waefler-hufbeschlag.ch\/index.php?rest_route=\/wp\/v2\/types\/product"}],"wp:featuredmedia":[{"embeddable":true,"href":"https:\/\/www.waefler-hufbeschlag.ch\/index.php?rest_route=\/wp\/v2\/media\/9433"}],"wp:attachment":[{"href":"https:\/\/www.waefler-hufbeschlag.ch\/index.php?rest_route=%2Fwp%2Fv2%2Fmedia&parent=9443"}],"wp:term":[{"taxonomy":"product_brand","embeddable":true,"href":"https:\/\/www.waefler-hufbeschlag.ch\/index.php?rest_route=%2Fwp%2Fv2%2Fproduct_brand&post=9443"},{"taxonomy":"product_cat","embeddable":true,"href":"https:\/\/www.waefler-hufbeschlag.ch\/index.php?rest_route=%2Fwp%2Fv2%2Fproduct_cat&post=9443"},{"taxonomy":"product_tag","embeddable":true,"href":"https:\/\/www.waefler-hufbeschlag.ch\/index.php?rest_route=%2Fwp%2Fv2%2Fproduct_tag&post=9443"}],"curies":[{"name":"wp","href":"https:\/\/api.w.org\/{rel}","templated":true}]}}