{"id":9350,"date":"2025-08-15T18:32:55","date_gmt":"2025-08-15T16:32:55","guid":{"rendered":"https:\/\/www.waefler-hufbeschlag.ch\/?post_type=product&#038;p=9350"},"modified":"2025-08-15T18:55:49","modified_gmt":"2025-08-15T16:55:49","slug":"spezial-hufpflegespray-frey","status":"publish","type":"product","link":"https:\/\/www.waefler-hufbeschlag.ch\/?product=spezial-hufpflegespray-frey","title":{"rendered":"Spezial-Hufpflegespray Frey"},"content":{"rendered":"<p>Hippo Sol von Frey ist ein Spray f\u00fcr die effektive Hufpflege. Das Produkt ist feuchtigkeitsspendend und kann speziell bei trockenem Wetter angewendet werden. Es f\u00f6rdert das Wachstum und die Elastizit\u00e4t des Horngewebes und eignet sich sowohl vor als auch nach der Weide sowie nach dem Hufschmied. Die 150 ml Flasche enth\u00e4lt ausreichend Inhalt f\u00fcr eine langanhaltende Pflege.<\/p>\n<p><strong>Anwendung:<\/strong><\/p>\n<p>Hufsohle gr\u00fcndlich reinigen, unn\u00f6tige und \u00fcbelriechende Hornteile entfernen. Sohle und besonders den Strahl grossz\u00fcgig mit Hippo Sol einspr\u00fchen. Ca. 10 Minuten trocknen lassen, bevor das Pferd wieder auf Eintreu gestellt wird. Bei akuter Strahlf\u00e4ule t\u00e4glich behandeln. F\u00fcr die Erhaltung eines tadellosen Hufes gen\u00fcgt eine w\u00f6chentliche Anwendung auf Sohle, Hufwand und Kronenrand.<\/p>\n","protected":false},"excerpt":{"rendered":"<p>Mit Hoof Solution kann die Hufgesundheit schnell und einfach wieder hergestellt werden<\/p>\n","protected":false},"featured_media":9351,"template":"","meta":[],"product_brand":[],"product_cat":[147],"product_tag":[160,161],"class_list":{"0":"post-9350","1":"product","2":"type-product","3":"status-publish","4":"has-post-thumbnail","6":"product_cat-hufpflegeprodukte","7":"product_tag-keratex-hoof-hardener","8":"product_tag-kevin-bacons-hoof-solution","9":"product_shipping_class-0-1-1-0-kg","11":"first","12":"instock","13":"taxable","14":"shipping-taxable","15":"purchasable","16":"product-type-simple"},"_links":{"self":[{"href":"https:\/\/www.waefler-hufbeschlag.ch\/index.php?rest_route=\/wp\/v2\/product\/9350","targetHints":{"allow":["GET"]}}],"collection":[{"href":"https:\/\/www.waefler-hufbeschlag.ch\/index.php?rest_route=\/wp\/v2\/product"}],"about":[{"href":"https:\/\/www.waefler-hufbeschlag.ch\/index.php?rest_route=\/wp\/v2\/types\/product"}],"wp:featuredmedia":[{"embeddable":true,"href":"https:\/\/www.waefler-hufbeschlag.ch\/index.php?rest_route=\/wp\/v2\/media\/9351"}],"wp:attachment":[{"href":"https:\/\/www.waefler-hufbeschlag.ch\/index.php?rest_route=%2Fwp%2Fv2%2Fmedia&parent=9350"}],"wp:term":[{"taxonomy":"product_brand","embeddable":true,"href":"https:\/\/www.waefler-hufbeschlag.ch\/index.php?rest_route=%2Fwp%2Fv2%2Fproduct_brand&post=9350"},{"taxonomy":"product_cat","embeddable":true,"href":"https:\/\/www.waefler-hufbeschlag.ch\/index.php?rest_route=%2Fwp%2Fv2%2Fproduct_cat&post=9350"},{"taxonomy":"product_tag","embeddable":true,"href":"https:\/\/www.waefler-hufbeschlag.ch\/index.php?rest_route=%2Fwp%2Fv2%2Fproduct_tag&post=9350"}],"curies":[{"name":"wp","href":"https:\/\/api.w.org\/{rel}","templated":true}]}}