{"id":927,"date":"2021-01-03T18:06:20","date_gmt":"2021-01-03T17:06:20","guid":{"rendered":"https:\/\/www.waefler-hufbeschlag.ch\/?post_type=product&#038;p=927"},"modified":"2025-08-15T16:57:55","modified_gmt":"2025-08-15T14:57:55","slug":"keratex-hoof-hardener","status":"publish","type":"product","link":"https:\/\/www.waefler-hufbeschlag.ch\/?product=keratex-hoof-hardener","title":{"rendered":"Kevin Bacons Hoof Solution"},"content":{"rendered":"<p>Oft werden Sohle und Strahl unserer Pferde durch den Feuchtigkeits- und S\u00e4uregehalt in der Box in Mitleidenschaft gezogen.<\/p>\n<p>Mit Hoof Solution kann die Hufgesundheit schnell und einfach wieder hergestellt werden. Die ersten 24 Stunden wirk Hoof Solution wie ein Verband, welcher Sohle und Strahl vor \u00e4u\u00dferen Einfl\u00fcssen sch\u00fctzt. Dank der sch\u00fctzenden Wirkung des gesunden, neu regenerierten Gewebes heilt das gesch\u00e4digte Gewebe viel schneller. Durch eine regelm\u00e4\u00dfige Anwendung kann eine optimale Hufhygiene erreicht werden.<\/p>\n<p>Hoof Solution wird mit einem B\u00fcrstenpinsel geliefert. Dieser erleichtert die Anwendung verhindert unn\u00f6tiges Versch\u00fctten. Schon ab der ersten Anwendung wirkt Hoof Solution sehr schnell!<\/p>\n<p>Anwendung:<\/p>\n<p>B\u00fcrsten Sie Sohle, Strahl und Strahlfurchen sorgf\u00e4ltig ab (ohne Wasser zu verwenden!), entfernen Sie Verschmutzungen und lose Hornteile. Sch\u00fctteln Sie die Flasche vor jeder Anwendung einige Sekunden, um die aktiven Wirkstoffe zu l\u00f6sen und zu verteilen.<\/p>\n<p>Vorbeugung: 1 Anwendung pro Woche<br \/>\nGesch\u00e4digter Strahl: 1 Anwendung<br \/>\nStark gesch\u00e4digter Strahl: 1 Anwendung t\u00e4glich \u00fcber 3-5 Tage (je nach Schweregrad)<br \/>\nTragen Sie Hoof Solution so oft auf, wie n\u00f6tig.<\/p>\n","protected":false},"excerpt":{"rendered":"<p>Mit Hoof Solution kann die Hufgesundheit schnell und einfach wieder hergestellt werden<\/p>\n","protected":false},"featured_media":9329,"template":"","meta":[],"product_brand":[],"product_cat":[147],"product_tag":[160,161],"class_list":{"0":"post-927","1":"product","2":"type-product","3":"status-publish","4":"has-post-thumbnail","6":"product_cat-hufpflegeprodukte","7":"product_tag-keratex-hoof-hardener","8":"product_tag-kevin-bacons-hoof-solution","9":"product_shipping_class-0-1-1-0-kg","11":"first","12":"instock","13":"taxable","14":"shipping-taxable","15":"purchasable","16":"product-type-simple"},"_links":{"self":[{"href":"https:\/\/www.waefler-hufbeschlag.ch\/index.php?rest_route=\/wp\/v2\/product\/927","targetHints":{"allow":["GET"]}}],"collection":[{"href":"https:\/\/www.waefler-hufbeschlag.ch\/index.php?rest_route=\/wp\/v2\/product"}],"about":[{"href":"https:\/\/www.waefler-hufbeschlag.ch\/index.php?rest_route=\/wp\/v2\/types\/product"}],"wp:featuredmedia":[{"embeddable":true,"href":"https:\/\/www.waefler-hufbeschlag.ch\/index.php?rest_route=\/wp\/v2\/media\/9329"}],"wp:attachment":[{"href":"https:\/\/www.waefler-hufbeschlag.ch\/index.php?rest_route=%2Fwp%2Fv2%2Fmedia&parent=927"}],"wp:term":[{"taxonomy":"product_brand","embeddable":true,"href":"https:\/\/www.waefler-hufbeschlag.ch\/index.php?rest_route=%2Fwp%2Fv2%2Fproduct_brand&post=927"},{"taxonomy":"product_cat","embeddable":true,"href":"https:\/\/www.waefler-hufbeschlag.ch\/index.php?rest_route=%2Fwp%2Fv2%2Fproduct_cat&post=927"},{"taxonomy":"product_tag","embeddable":true,"href":"https:\/\/www.waefler-hufbeschlag.ch\/index.php?rest_route=%2Fwp%2Fv2%2Fproduct_tag&post=927"}],"curies":[{"name":"wp","href":"https:\/\/api.w.org\/{rel}","templated":true}]}}