{"id":915,"date":"2021-01-03T17:31:40","date_gmt":"2021-01-03T16:31:40","guid":{"rendered":"https:\/\/www.waefler-hufbeschlag.ch\/?post_type=product&#038;p=915"},"modified":"2025-07-19T21:50:13","modified_gmt":"2025-07-19T19:50:13","slug":"thrush-stop","status":"publish","type":"product","link":"https:\/\/www.waefler-hufbeschlag.ch\/?product=thrush-stop","title":{"rendered":"Thrush treatment"},"content":{"rendered":"<p>Diese antiseptische Blaugel-Formel reduziert Bakterien und Pilze, ohne das gesunde Gewebe zu beeintr\u00e4chtigen. Es bindet sich an das Hufprotein und bildet eine Schutzbarriere zwischen Strahlf\u00e4ule und gesundem Gewebe. Wenn die Farbe des Gels verblasst, wissen Sie, dass es Zeit f\u00fcr eine Wiederholung ist.<\/p>\n","protected":false},"excerpt":{"rendered":"<p>DIAMOND THRUSH TREATMENT<br \/>\nBlaugel-Formel<\/p>\n","protected":false},"featured_media":8842,"template":"","meta":[],"product_brand":[],"product_cat":[147],"product_tag":[148],"class_list":{"0":"post-915","1":"product","2":"type-product","3":"status-publish","4":"has-post-thumbnail","6":"product_cat-hufpflegeprodukte","7":"product_tag-hoof-hygiene-liquid","8":"product_shipping_class-0-1-1-0-kg","10":"first","11":"instock","12":"taxable","13":"shipping-taxable","14":"purchasable","15":"product-type-simple"},"_links":{"self":[{"href":"https:\/\/www.waefler-hufbeschlag.ch\/index.php?rest_route=\/wp\/v2\/product\/915","targetHints":{"allow":["GET"]}}],"collection":[{"href":"https:\/\/www.waefler-hufbeschlag.ch\/index.php?rest_route=\/wp\/v2\/product"}],"about":[{"href":"https:\/\/www.waefler-hufbeschlag.ch\/index.php?rest_route=\/wp\/v2\/types\/product"}],"wp:featuredmedia":[{"embeddable":true,"href":"https:\/\/www.waefler-hufbeschlag.ch\/index.php?rest_route=\/wp\/v2\/media\/8842"}],"wp:attachment":[{"href":"https:\/\/www.waefler-hufbeschlag.ch\/index.php?rest_route=%2Fwp%2Fv2%2Fmedia&parent=915"}],"wp:term":[{"taxonomy":"product_brand","embeddable":true,"href":"https:\/\/www.waefler-hufbeschlag.ch\/index.php?rest_route=%2Fwp%2Fv2%2Fproduct_brand&post=915"},{"taxonomy":"product_cat","embeddable":true,"href":"https:\/\/www.waefler-hufbeschlag.ch\/index.php?rest_route=%2Fwp%2Fv2%2Fproduct_cat&post=915"},{"taxonomy":"product_tag","embeddable":true,"href":"https:\/\/www.waefler-hufbeschlag.ch\/index.php?rest_route=%2Fwp%2Fv2%2Fproduct_tag&post=915"}],"curies":[{"name":"wp","href":"https:\/\/api.w.org\/{rel}","templated":true}]}}