{"id":902,"date":"2021-01-03T14:17:07","date_gmt":"2021-01-03T13:17:07","guid":{"rendered":"https:\/\/www.waefler-hufbeschlag.ch\/?post_type=product&#038;p=902"},"modified":"2025-08-15T19:29:02","modified_gmt":"2025-08-15T17:29:02","slug":"stollenloch-buerstli","status":"publish","type":"product","link":"https:\/\/www.waefler-hufbeschlag.ch\/?product=stollenloch-buerstli","title":{"rendered":"Stollenloch B\u00fcrstli"},"content":{"rendered":"<p>Zum Reinigen der Stollenl\u00f6cher<br \/>\nGeeignet f\u00fcr Steck- und Schraubstollenl\u00f6cher Gr\u00f6sse M10<br \/>\nMit Kunststoffgriff und Nagelspitze<\/p>\n","protected":false},"excerpt":{"rendered":"<p>Zum Reinigen der Stollenl\u00f6cher<\/p>\n<p>&nbsp;<\/p>\n","protected":false},"featured_media":8849,"template":"","meta":[],"product_brand":[],"product_cat":[237,66],"product_tag":[138],"class_list":{"0":"post-902","1":"product","2":"type-product","3":"status-publish","4":"has-post-thumbnail","6":"product_cat-einsaetzezualternativbeschlaegeundhufschuhe","7":"product_cat-werkzeugefuerstollenmontage","8":"product_tag-stollenlochbuerstli","9":"product_shipping_class-0-1-1-0-kg","11":"first","12":"instock","13":"taxable","14":"shipping-taxable","15":"purchasable","16":"product-type-simple"},"_links":{"self":[{"href":"https:\/\/www.waefler-hufbeschlag.ch\/index.php?rest_route=\/wp\/v2\/product\/902","targetHints":{"allow":["GET"]}}],"collection":[{"href":"https:\/\/www.waefler-hufbeschlag.ch\/index.php?rest_route=\/wp\/v2\/product"}],"about":[{"href":"https:\/\/www.waefler-hufbeschlag.ch\/index.php?rest_route=\/wp\/v2\/types\/product"}],"wp:featuredmedia":[{"embeddable":true,"href":"https:\/\/www.waefler-hufbeschlag.ch\/index.php?rest_route=\/wp\/v2\/media\/8849"}],"wp:attachment":[{"href":"https:\/\/www.waefler-hufbeschlag.ch\/index.php?rest_route=%2Fwp%2Fv2%2Fmedia&parent=902"}],"wp:term":[{"taxonomy":"product_brand","embeddable":true,"href":"https:\/\/www.waefler-hufbeschlag.ch\/index.php?rest_route=%2Fwp%2Fv2%2Fproduct_brand&post=902"},{"taxonomy":"product_cat","embeddable":true,"href":"https:\/\/www.waefler-hufbeschlag.ch\/index.php?rest_route=%2Fwp%2Fv2%2Fproduct_cat&post=902"},{"taxonomy":"product_tag","embeddable":true,"href":"https:\/\/www.waefler-hufbeschlag.ch\/index.php?rest_route=%2Fwp%2Fv2%2Fproduct_tag&post=902"}],"curies":[{"name":"wp","href":"https:\/\/api.w.org\/{rel}","templated":true}]}}