{"id":900,"date":"2021-01-03T14:11:30","date_gmt":"2021-01-03T13:11:30","guid":{"rendered":"https:\/\/www.waefler-hufbeschlag.ch\/?post_type=product&#038;p=900"},"modified":"2025-08-15T19:29:50","modified_gmt":"2025-08-15T17:29:50","slug":"stollenschluessel-allrounder","status":"publish","type":"product","link":"https:\/\/www.waefler-hufbeschlag.ch\/?product=stollenschluessel-allrounder","title":{"rendered":"Stollenschl\u00fcssel Allrounder"},"content":{"rendered":"<p>F\u00fcr Schraubstollen-Gr\u00f6ssen 10-, 12-, 14-mm-Stollen<\/p>\n<p>Inkl. Gewindereiniger M10<\/p>\n","protected":false},"excerpt":{"rendered":"<p>F\u00fcr Schraubstollen-Gr\u00f6ssen 10-, 12-, 14-mm-Stollen<\/p>\n","protected":false},"featured_media":1622,"template":"","meta":[],"product_brand":[],"product_cat":[237,66],"product_tag":[134],"class_list":{"0":"post-900","1":"product","2":"type-product","3":"status-publish","4":"has-post-thumbnail","6":"product_cat-einsaetzezualternativbeschlaegeundhufschuhe","7":"product_cat-werkzeugefuerstollenmontage","8":"product_tag-allrounder-stollenschluessel","9":"product_shipping_class-0-1-1-0-kg","11":"first","12":"instock","13":"taxable","14":"shipping-taxable","15":"purchasable","16":"product-type-simple"},"_links":{"self":[{"href":"https:\/\/www.waefler-hufbeschlag.ch\/index.php?rest_route=\/wp\/v2\/product\/900","targetHints":{"allow":["GET"]}}],"collection":[{"href":"https:\/\/www.waefler-hufbeschlag.ch\/index.php?rest_route=\/wp\/v2\/product"}],"about":[{"href":"https:\/\/www.waefler-hufbeschlag.ch\/index.php?rest_route=\/wp\/v2\/types\/product"}],"wp:featuredmedia":[{"embeddable":true,"href":"https:\/\/www.waefler-hufbeschlag.ch\/index.php?rest_route=\/wp\/v2\/media\/1622"}],"wp:attachment":[{"href":"https:\/\/www.waefler-hufbeschlag.ch\/index.php?rest_route=%2Fwp%2Fv2%2Fmedia&parent=900"}],"wp:term":[{"taxonomy":"product_brand","embeddable":true,"href":"https:\/\/www.waefler-hufbeschlag.ch\/index.php?rest_route=%2Fwp%2Fv2%2Fproduct_brand&post=900"},{"taxonomy":"product_cat","embeddable":true,"href":"https:\/\/www.waefler-hufbeschlag.ch\/index.php?rest_route=%2Fwp%2Fv2%2Fproduct_cat&post=900"},{"taxonomy":"product_tag","embeddable":true,"href":"https:\/\/www.waefler-hufbeschlag.ch\/index.php?rest_route=%2Fwp%2Fv2%2Fproduct_tag&post=900"}],"curies":[{"name":"wp","href":"https:\/\/api.w.org\/{rel}","templated":true}]}}