{"id":898,"date":"2021-01-03T14:03:45","date_gmt":"2021-01-03T13:03:45","guid":{"rendered":"https:\/\/www.waefler-hufbeschlag.ch\/?post_type=product&#038;p=898"},"modified":"2025-08-15T19:30:23","modified_gmt":"2025-08-15T17:30:23","slug":"duplo-und-hufschuh-stollen","status":"publish","type":"product","link":"https:\/\/www.waefler-hufbeschlag.ch\/?product=duplo-und-hufschuh-stollen","title":{"rendered":"Duplo und Hufschuh  Sommer-Stollen"},"content":{"rendered":"<p>Stollen f\u00fcr die Duplo Alternativbeschl\u00e4ge. Diese Stollen k\u00f6nnen auch bei Hufschuhe montiert werden<\/p>\n<p>Kopfbreite 10.0 x 10.0 mm<br \/>\nKopfh\u00f6he 6.0 mm<br \/>\nGewinde M8<\/p>\n","protected":false},"excerpt":{"rendered":"<p>Stollen f\u00fcr die Duplo Alternativbeschl\u00e4ge und Hufschuhe<\/p>\n<p>&nbsp;<\/p>\n","protected":false},"featured_media":8854,"template":"","meta":[],"product_brand":[],"product_cat":[237,235],"product_tag":[130],"class_list":{"0":"post-898","1":"product","2":"type-product","3":"status-publish","4":"has-post-thumbnail","6":"product_cat-einsaetzezualternativbeschlaegeundhufschuhe","7":"product_cat-schraubstollen","8":"product_tag-duplo","9":"product_shipping_class-0-1-1-0-kg","11":"first","12":"instock","13":"taxable","14":"shipping-taxable","15":"purchasable","16":"product-type-simple"},"_links":{"self":[{"href":"https:\/\/www.waefler-hufbeschlag.ch\/index.php?rest_route=\/wp\/v2\/product\/898","targetHints":{"allow":["GET"]}}],"collection":[{"href":"https:\/\/www.waefler-hufbeschlag.ch\/index.php?rest_route=\/wp\/v2\/product"}],"about":[{"href":"https:\/\/www.waefler-hufbeschlag.ch\/index.php?rest_route=\/wp\/v2\/types\/product"}],"wp:featuredmedia":[{"embeddable":true,"href":"https:\/\/www.waefler-hufbeschlag.ch\/index.php?rest_route=\/wp\/v2\/media\/8854"}],"wp:attachment":[{"href":"https:\/\/www.waefler-hufbeschlag.ch\/index.php?rest_route=%2Fwp%2Fv2%2Fmedia&parent=898"}],"wp:term":[{"taxonomy":"product_brand","embeddable":true,"href":"https:\/\/www.waefler-hufbeschlag.ch\/index.php?rest_route=%2Fwp%2Fv2%2Fproduct_brand&post=898"},{"taxonomy":"product_cat","embeddable":true,"href":"https:\/\/www.waefler-hufbeschlag.ch\/index.php?rest_route=%2Fwp%2Fv2%2Fproduct_cat&post=898"},{"taxonomy":"product_tag","embeddable":true,"href":"https:\/\/www.waefler-hufbeschlag.ch\/index.php?rest_route=%2Fwp%2Fv2%2Fproduct_tag&post=898"}],"curies":[{"name":"wp","href":"https:\/\/api.w.org\/{rel}","templated":true}]}}