{"id":842,"date":"2021-01-03T10:58:56","date_gmt":"2021-01-03T09:58:56","guid":{"rendered":"https:\/\/www.waefler-hufbeschlag.ch\/?post_type=product&#038;p=842"},"modified":"2025-08-15T19:44:05","modified_gmt":"2025-08-15T17:44:05","slug":"beschlags-zange","status":"publish","type":"product","link":"https:\/\/www.waefler-hufbeschlag.ch\/?product=beschlags-zange","title":{"rendered":"Beschlags Zange"},"content":{"rendered":"<p>Beschlags Zange Profiwerkzeug<\/p>\n<p>F\u00fcr Hufn\u00e4gel auszuwechseln und N\u00e4gel ausziehen<\/p>\n","protected":false},"excerpt":{"rendered":"<p>Beschlags Zange Profiwerkzeug<\/p>\n","protected":false},"featured_media":8316,"template":"","meta":[],"product_brand":[],"product_cat":[238],"product_tag":[77],"class_list":{"0":"post-842","1":"product","2":"type-product","3":"status-publish","4":"has-post-thumbnail","6":"product_cat-hufbearbeitung","7":"product_tag-beschlagszange","8":"product_shipping_class-1-0-2-0","10":"first","11":"instock","12":"taxable","13":"shipping-taxable","14":"purchasable","15":"product-type-simple"},"_links":{"self":[{"href":"https:\/\/www.waefler-hufbeschlag.ch\/index.php?rest_route=\/wp\/v2\/product\/842","targetHints":{"allow":["GET"]}}],"collection":[{"href":"https:\/\/www.waefler-hufbeschlag.ch\/index.php?rest_route=\/wp\/v2\/product"}],"about":[{"href":"https:\/\/www.waefler-hufbeschlag.ch\/index.php?rest_route=\/wp\/v2\/types\/product"}],"wp:featuredmedia":[{"embeddable":true,"href":"https:\/\/www.waefler-hufbeschlag.ch\/index.php?rest_route=\/wp\/v2\/media\/8316"}],"wp:attachment":[{"href":"https:\/\/www.waefler-hufbeschlag.ch\/index.php?rest_route=%2Fwp%2Fv2%2Fmedia&parent=842"}],"wp:term":[{"taxonomy":"product_brand","embeddable":true,"href":"https:\/\/www.waefler-hufbeschlag.ch\/index.php?rest_route=%2Fwp%2Fv2%2Fproduct_brand&post=842"},{"taxonomy":"product_cat","embeddable":true,"href":"https:\/\/www.waefler-hufbeschlag.ch\/index.php?rest_route=%2Fwp%2Fv2%2Fproduct_cat&post=842"},{"taxonomy":"product_tag","embeddable":true,"href":"https:\/\/www.waefler-hufbeschlag.ch\/index.php?rest_route=%2Fwp%2Fv2%2Fproduct_tag&post=842"}],"curies":[{"name":"wp","href":"https:\/\/api.w.org\/{rel}","templated":true}]}}