{"id":804,"date":"2021-01-02T21:29:06","date_gmt":"2021-01-02T20:29:06","guid":{"rendered":"https:\/\/www.waefler-hufbeschlag.ch\/?post_type=product&#038;p=804"},"modified":"2026-01-04T14:39:46","modified_gmt":"2026-01-04T13:39:46","slug":"schnee-sohlen","status":"publish","type":"product","link":"https:\/\/www.waefler-hufbeschlag.ch\/?product=schnee-sohlen","title":{"rendered":"Schnee-Sohlen"},"content":{"rendered":"<p>Gegen das Aufstollen von Schnee im Pferdehuf<\/p>\n<p>Die Schnee-Sohlen gibts in drei Gr\u00f6ssen: A= 100x100mm \/ B= 125x125mm \/ C= 150x150mm.<\/p>\n<p>Diese sind aus einem speziellen Kunststoff hergestellt.<\/p>\n<p>Dieser Kunststoff bietet einen hohen Abreibschutz und die n\u00f6tige Elastizit\u00e4t f\u00fcr die einfache Montage.<\/p>\n<p>Die Schnee-Sohlen eignen sich bei jedem Pferd, egal welche Hufform, von Pony bis Kaltblutpferde.<\/p>\n<p><a href=\"http:\/\/www.waefler-hufbeschlag.ch\/?page_id=1300\" rel=\"noopener\" target=\"_blank\">Montageanleitung und Gr\u00f6ssenbestimmung<\/a><\/p>\n","protected":false},"excerpt":{"rendered":"<p>Gegen das Aufstollen von Schnee im Pferdehuf<\/p>\n<p>Die Schnee-Sohlen eignen sich bei jedem Pferd\/Pony<\/p>\n","protected":false},"featured_media":446,"template":"","meta":[],"product_brand":[],"product_cat":[43],"product_tag":[145],"class_list":{"0":"post-804","1":"product","2":"type-product","3":"status-publish","4":"has-post-thumbnail","6":"product_cat-winterausruestung-fuer-den-pferdehuf","7":"product_tag-schnee-sohlen","9":"first","10":"instock","11":"taxable","12":"shipping-taxable","13":"purchasable","14":"product-type-variable","15":"has-default-attributes"},"_links":{"self":[{"href":"https:\/\/www.waefler-hufbeschlag.ch\/index.php?rest_route=\/wp\/v2\/product\/804","targetHints":{"allow":["GET"]}}],"collection":[{"href":"https:\/\/www.waefler-hufbeschlag.ch\/index.php?rest_route=\/wp\/v2\/product"}],"about":[{"href":"https:\/\/www.waefler-hufbeschlag.ch\/index.php?rest_route=\/wp\/v2\/types\/product"}],"wp:featuredmedia":[{"embeddable":true,"href":"https:\/\/www.waefler-hufbeschlag.ch\/index.php?rest_route=\/wp\/v2\/media\/446"}],"wp:attachment":[{"href":"https:\/\/www.waefler-hufbeschlag.ch\/index.php?rest_route=%2Fwp%2Fv2%2Fmedia&parent=804"}],"wp:term":[{"taxonomy":"product_brand","embeddable":true,"href":"https:\/\/www.waefler-hufbeschlag.ch\/index.php?rest_route=%2Fwp%2Fv2%2Fproduct_brand&post=804"},{"taxonomy":"product_cat","embeddable":true,"href":"https:\/\/www.waefler-hufbeschlag.ch\/index.php?rest_route=%2Fwp%2Fv2%2Fproduct_cat&post=804"},{"taxonomy":"product_tag","embeddable":true,"href":"https:\/\/www.waefler-hufbeschlag.ch\/index.php?rest_route=%2Fwp%2Fv2%2Fproduct_tag&post=804"}],"curies":[{"name":"wp","href":"https:\/\/api.w.org\/{rel}","templated":true}]}}