{"id":7793,"date":"2022-10-23T16:51:59","date_gmt":"2022-10-23T14:51:59","guid":{"rendered":"https:\/\/www.waefler-hufbeschlag.ch\/?post_type=product&#038;p=7793"},"modified":"2026-01-24T09:24:32","modified_gmt":"2026-01-24T08:24:32","slug":"kupfer-hufnaegel","status":"publish","type":"product","link":"https:\/\/www.waefler-hufbeschlag.ch\/?product=kupfer-hufnaegel","title":{"rendered":"Kupfer Hufn\u00e4gel"},"content":{"rendered":"<p>Kupfer-Hufn\u00e4gel welche Verkupfert sind. Bei br\u00fcchigen und mit Bakterien versetzte Hufe.<\/p>\n<p>Oder auch zum Basteln mit dem speziellen Kupfer-Effekt.<\/p>\n<p>In drei gr\u00f6ssen erh\u00e4ltlich.<\/p>\n<p>Pro Set 20 Stk.<\/p>\n<p>Klein    E3 48mm<br \/>\nMittel   E4 51mm<br \/>\nGross    E5 58mm<\/p>\n","protected":false},"excerpt":{"rendered":"<p>Kupfer-Hufn\u00e4gel welche Verkupfert sind. Bei br\u00fcchigen und mit Bakterien versetzte Hufe.<\/p>\n<p>Oder auch zum Basteln mit dem speziellen Kupfer-Effekt.<\/p>\n<p>In drei gr\u00f6ssen erh\u00e4ltlich.<\/p>\n<p>Pro Set 20 Stk.<\/p>\n","protected":false},"featured_media":8018,"template":"","meta":[],"product_brand":[],"product_cat":[163,238],"product_tag":[98,208,97],"class_list":{"0":"post-7793","1":"product","2":"type-product","3":"status-publish","4":"has-post-thumbnail","6":"product_cat-geschenk-ideen","7":"product_cat-hufbearbeitung","8":"product_tag-hufnaegel","9":"product_tag-kupferhufnaegel","10":"product_tag-naegel","11":"product_shipping_class-0-1-1-0-kg","13":"first","14":"instock","15":"taxable","16":"shipping-taxable","17":"purchasable","18":"product-type-variable","19":"has-default-attributes"},"_links":{"self":[{"href":"https:\/\/www.waefler-hufbeschlag.ch\/index.php?rest_route=\/wp\/v2\/product\/7793","targetHints":{"allow":["GET"]}}],"collection":[{"href":"https:\/\/www.waefler-hufbeschlag.ch\/index.php?rest_route=\/wp\/v2\/product"}],"about":[{"href":"https:\/\/www.waefler-hufbeschlag.ch\/index.php?rest_route=\/wp\/v2\/types\/product"}],"wp:featuredmedia":[{"embeddable":true,"href":"https:\/\/www.waefler-hufbeschlag.ch\/index.php?rest_route=\/wp\/v2\/media\/8018"}],"wp:attachment":[{"href":"https:\/\/www.waefler-hufbeschlag.ch\/index.php?rest_route=%2Fwp%2Fv2%2Fmedia&parent=7793"}],"wp:term":[{"taxonomy":"product_brand","embeddable":true,"href":"https:\/\/www.waefler-hufbeschlag.ch\/index.php?rest_route=%2Fwp%2Fv2%2Fproduct_brand&post=7793"},{"taxonomy":"product_cat","embeddable":true,"href":"https:\/\/www.waefler-hufbeschlag.ch\/index.php?rest_route=%2Fwp%2Fv2%2Fproduct_cat&post=7793"},{"taxonomy":"product_tag","embeddable":true,"href":"https:\/\/www.waefler-hufbeschlag.ch\/index.php?rest_route=%2Fwp%2Fv2%2Fproduct_tag&post=7793"}],"curies":[{"name":"wp","href":"https:\/\/api.w.org\/{rel}","templated":true}]}}