{"id":1969,"date":"2021-11-03T08:44:25","date_gmt":"2021-11-03T07:44:25","guid":{"rendered":"https:\/\/www.waefler-hufbeschlag.ch\/?post_type=product&#038;p=1969"},"modified":"2025-08-15T19:50:49","modified_gmt":"2025-08-15T17:50:49","slug":"rollgabelschluessel-fuer-stollen-montage","status":"publish","type":"product","link":"https:\/\/www.waefler-hufbeschlag.ch\/?product=rollgabelschluessel-fuer-stollen-montage","title":{"rendered":"Rollgabelschl\u00fcssel f\u00fcr Stollen Montage"},"content":{"rendered":"<p>Handlicher Rollgabelschl\u00fcssel f\u00fcr Schraubstollen Montage<\/p>\n<li>L\u00e4nge 200mm<\/li>\n<li>F\u00fcr Stollen mit bis 25mm<\/li>\n","protected":false},"excerpt":{"rendered":"<p>Rollgabel-Schl\u00fcssel f\u00fcr Schraubstollen<\/p>\n","protected":false},"featured_media":8756,"template":"","meta":[],"product_brand":[],"product_cat":[66],"product_tag":[202],"class_list":{"0":"post-1969","1":"product","2":"type-product","3":"status-publish","4":"has-post-thumbnail","6":"product_cat-werkzeugefuerstollenmontage","7":"product_tag-rollgabelschluessel","8":"product_shipping_class-0-1-1-0-kg","10":"first","11":"instock","12":"taxable","13":"shipping-taxable","14":"purchasable","15":"product-type-simple"},"_links":{"self":[{"href":"https:\/\/www.waefler-hufbeschlag.ch\/index.php?rest_route=\/wp\/v2\/product\/1969","targetHints":{"allow":["GET"]}}],"collection":[{"href":"https:\/\/www.waefler-hufbeschlag.ch\/index.php?rest_route=\/wp\/v2\/product"}],"about":[{"href":"https:\/\/www.waefler-hufbeschlag.ch\/index.php?rest_route=\/wp\/v2\/types\/product"}],"wp:featuredmedia":[{"embeddable":true,"href":"https:\/\/www.waefler-hufbeschlag.ch\/index.php?rest_route=\/wp\/v2\/media\/8756"}],"wp:attachment":[{"href":"https:\/\/www.waefler-hufbeschlag.ch\/index.php?rest_route=%2Fwp%2Fv2%2Fmedia&parent=1969"}],"wp:term":[{"taxonomy":"product_brand","embeddable":true,"href":"https:\/\/www.waefler-hufbeschlag.ch\/index.php?rest_route=%2Fwp%2Fv2%2Fproduct_brand&post=1969"},{"taxonomy":"product_cat","embeddable":true,"href":"https:\/\/www.waefler-hufbeschlag.ch\/index.php?rest_route=%2Fwp%2Fv2%2Fproduct_cat&post=1969"},{"taxonomy":"product_tag","embeddable":true,"href":"https:\/\/www.waefler-hufbeschlag.ch\/index.php?rest_route=%2Fwp%2Fv2%2Fproduct_tag&post=1969"}],"curies":[{"name":"wp","href":"https:\/\/api.w.org\/{rel}","templated":true}]}}