{"id":1968,"date":"2021-11-02T14:59:44","date_gmt":"2021-11-02T13:59:44","guid":{"rendered":"https:\/\/www.waefler-hufbeschlag.ch\/?post_type=product&#038;p=1968"},"modified":"2025-08-15T19:51:12","modified_gmt":"2025-08-15T17:51:12","slug":"stollenschluessel-fuer-schraubstollen-mit-6-kantkopf-14mm","status":"publish","type":"product","link":"https:\/\/www.waefler-hufbeschlag.ch\/?product=stollenschluessel-fuer-schraubstollen-mit-6-kantkopf-14mm","title":{"rendered":"Stollenschl\u00fcssel f\u00fcr Schraubstollen mit 6-Kantkopf 14mm"},"content":{"rendered":"<p>Handlicher Stollenschl\u00fcssel aus Stahl mit Kunststoff-Griff<\/p>\n<p>F\u00fcr Schraub-Stollen mit 6-Kant Kopf Schl\u00fcsselweite 14mm<\/p>\n","protected":false},"excerpt":{"rendered":"<p>Schraubstollenschl\u00fcssel mit Schl\u00fcsselweite von 14mm<\/p>\n","protected":false},"featured_media":8759,"template":"","meta":[],"product_brand":[],"product_cat":[66],"product_tag":[201],"class_list":{"0":"post-1968","1":"product","2":"type-product","3":"status-publish","4":"has-post-thumbnail","6":"product_cat-werkzeugefuerstollenmontage","7":"product_tag-schraubstollenschluessel-mit-schluesselweite-von-14mm","8":"product_shipping_class-0-1-1-0-kg","10":"first","11":"instock","12":"taxable","13":"shipping-taxable","14":"purchasable","15":"product-type-simple"},"_links":{"self":[{"href":"https:\/\/www.waefler-hufbeschlag.ch\/index.php?rest_route=\/wp\/v2\/product\/1968","targetHints":{"allow":["GET"]}}],"collection":[{"href":"https:\/\/www.waefler-hufbeschlag.ch\/index.php?rest_route=\/wp\/v2\/product"}],"about":[{"href":"https:\/\/www.waefler-hufbeschlag.ch\/index.php?rest_route=\/wp\/v2\/types\/product"}],"wp:featuredmedia":[{"embeddable":true,"href":"https:\/\/www.waefler-hufbeschlag.ch\/index.php?rest_route=\/wp\/v2\/media\/8759"}],"wp:attachment":[{"href":"https:\/\/www.waefler-hufbeschlag.ch\/index.php?rest_route=%2Fwp%2Fv2%2Fmedia&parent=1968"}],"wp:term":[{"taxonomy":"product_brand","embeddable":true,"href":"https:\/\/www.waefler-hufbeschlag.ch\/index.php?rest_route=%2Fwp%2Fv2%2Fproduct_brand&post=1968"},{"taxonomy":"product_cat","embeddable":true,"href":"https:\/\/www.waefler-hufbeschlag.ch\/index.php?rest_route=%2Fwp%2Fv2%2Fproduct_cat&post=1968"},{"taxonomy":"product_tag","embeddable":true,"href":"https:\/\/www.waefler-hufbeschlag.ch\/index.php?rest_route=%2Fwp%2Fv2%2Fproduct_tag&post=1968"}],"curies":[{"name":"wp","href":"https:\/\/api.w.org\/{rel}","templated":true}]}}