{"id":1935,"date":"2021-10-24T15:25:25","date_gmt":"2021-10-24T13:25:25","guid":{"rendered":"https:\/\/www.waefler-hufbeschlag.ch\/?post_type=product&#038;p=1935"},"modified":"2025-08-15T19:25:03","modified_gmt":"2025-08-15T17:25:03","slug":"stollen-fuer-hufschuhe-fuer-selbsteinbau","status":"publish","type":"product","link":"https:\/\/www.waefler-hufbeschlag.ch\/?product=stollen-fuer-hufschuhe-fuer-selbsteinbau","title":{"rendered":"Stollen f\u00fcr Hufschuhe f\u00fcr Selbsteinbau"},"content":{"rendered":"<p>Mit einem 10mm Stahlbohrer an der gew\u00fcnschten Stelle vom Hufschuh das Loch Bohren.<\/p>\n<p>Dann fest verschrauben<\/p>\n<p>Bestehend aus:<\/p>\n<p>Mit Hartmetall-Stift Geh\u00e4rtet Stahlschraube<br \/>\nKopfbreite 13.0 mm<br \/>\n13 Schl\u00fcssel<br \/>\nKopfh\u00f6he 6.0 mm<br \/>\nGewindel\u00e4nge 15.0 mm<br \/>\nZapfengr\u00f6sse M 10<br \/>\n1 Unterlagscheibe 25mm<br \/>\nund Steckmutter<\/p>\n","protected":false},"excerpt":{"rendered":"<p>Stollen f\u00fcr Hufschuhe f\u00fcr den Selbsteinbau<\/p>\n","protected":false},"featured_media":8765,"template":"","meta":[],"product_brand":[],"product_cat":[237,235],"product_tag":[110],"class_list":{"0":"post-1935","1":"product","2":"type-product","3":"status-publish","4":"has-post-thumbnail","6":"product_cat-einsaetzezualternativbeschlaegeundhufschuhe","7":"product_cat-schraubstollen","8":"product_tag-ponystollen","9":"product_shipping_class-0-1-1-0-kg","11":"first","12":"instock","13":"taxable","14":"shipping-taxable","15":"purchasable","16":"product-type-simple"},"_links":{"self":[{"href":"https:\/\/www.waefler-hufbeschlag.ch\/index.php?rest_route=\/wp\/v2\/product\/1935","targetHints":{"allow":["GET"]}}],"collection":[{"href":"https:\/\/www.waefler-hufbeschlag.ch\/index.php?rest_route=\/wp\/v2\/product"}],"about":[{"href":"https:\/\/www.waefler-hufbeschlag.ch\/index.php?rest_route=\/wp\/v2\/types\/product"}],"wp:featuredmedia":[{"embeddable":true,"href":"https:\/\/www.waefler-hufbeschlag.ch\/index.php?rest_route=\/wp\/v2\/media\/8765"}],"wp:attachment":[{"href":"https:\/\/www.waefler-hufbeschlag.ch\/index.php?rest_route=%2Fwp%2Fv2%2Fmedia&parent=1935"}],"wp:term":[{"taxonomy":"product_brand","embeddable":true,"href":"https:\/\/www.waefler-hufbeschlag.ch\/index.php?rest_route=%2Fwp%2Fv2%2Fproduct_brand&post=1935"},{"taxonomy":"product_cat","embeddable":true,"href":"https:\/\/www.waefler-hufbeschlag.ch\/index.php?rest_route=%2Fwp%2Fv2%2Fproduct_cat&post=1935"},{"taxonomy":"product_tag","embeddable":true,"href":"https:\/\/www.waefler-hufbeschlag.ch\/index.php?rest_route=%2Fwp%2Fv2%2Fproduct_tag&post=1935"}],"curies":[{"name":"wp","href":"https:\/\/api.w.org\/{rel}","templated":true}]}}