{"id":1787,"date":"2021-06-24T17:55:13","date_gmt":"2021-06-24T15:55:13","guid":{"rendered":"https:\/\/www.waefler-hufbeschlag.ch\/?post_type=product&#038;p=1787"},"modified":"2025-08-15T19:27:11","modified_gmt":"2025-08-15T17:27:11","slug":"hufeisen-not-box","status":"publish","type":"product","link":"https:\/\/www.waefler-hufbeschlag.ch\/?product=hufeisen-not-box","title":{"rendered":"Hufeisen Not Box"},"content":{"rendered":"<p>Not Box f\u00fcr das Hufeisen mit diversen Stollen und Hufn\u00e4gel<\/p>\n","protected":false},"excerpt":{"rendered":"<p>Ideales Geschenk f\u00fcr den Reiter oder Pferdebesitzer<\/p>\n<p>Die Hufeisen Not Box enth\u00e4lt verschiedene Stollen f\u00fcr Schraub- oder Stecksysteme, sowie drei gr\u00f6ssen Hufn\u00e4gel<\/p>\n","protected":false},"featured_media":8771,"template":"","meta":[],"product_brand":[],"product_cat":[163,235,236],"product_tag":[],"class_list":{"0":"post-1787","1":"product","2":"type-product","3":"status-publish","4":"has-post-thumbnail","6":"product_cat-geschenk-ideen","7":"product_cat-schraubstollen","8":"product_cat-steckstollen","9":"product_shipping_class-0-1-1-0-kg","11":"first","12":"instock","13":"taxable","14":"shipping-taxable","15":"purchasable","16":"product-type-simple"},"_links":{"self":[{"href":"https:\/\/www.waefler-hufbeschlag.ch\/index.php?rest_route=\/wp\/v2\/product\/1787","targetHints":{"allow":["GET"]}}],"collection":[{"href":"https:\/\/www.waefler-hufbeschlag.ch\/index.php?rest_route=\/wp\/v2\/product"}],"about":[{"href":"https:\/\/www.waefler-hufbeschlag.ch\/index.php?rest_route=\/wp\/v2\/types\/product"}],"wp:featuredmedia":[{"embeddable":true,"href":"https:\/\/www.waefler-hufbeschlag.ch\/index.php?rest_route=\/wp\/v2\/media\/8771"}],"wp:attachment":[{"href":"https:\/\/www.waefler-hufbeschlag.ch\/index.php?rest_route=%2Fwp%2Fv2%2Fmedia&parent=1787"}],"wp:term":[{"taxonomy":"product_brand","embeddable":true,"href":"https:\/\/www.waefler-hufbeschlag.ch\/index.php?rest_route=%2Fwp%2Fv2%2Fproduct_brand&post=1787"},{"taxonomy":"product_cat","embeddable":true,"href":"https:\/\/www.waefler-hufbeschlag.ch\/index.php?rest_route=%2Fwp%2Fv2%2Fproduct_cat&post=1787"},{"taxonomy":"product_tag","embeddable":true,"href":"https:\/\/www.waefler-hufbeschlag.ch\/index.php?rest_route=%2Fwp%2Fv2%2Fproduct_tag&post=1787"}],"curies":[{"name":"wp","href":"https:\/\/api.w.org\/{rel}","templated":true}]}}