{"id":1573,"date":"2021-01-09T21:24:16","date_gmt":"2021-01-09T20:24:16","guid":{"rendered":"https:\/\/www.waefler-hufbeschlag.ch\/?post_type=product&#038;p=1573"},"modified":"2025-08-15T19:27:31","modified_gmt":"2025-08-15T17:27:31","slug":"spikes-fuer-hufschuhe-und-duplobeschlaege","status":"publish","type":"product","link":"https:\/\/www.waefler-hufbeschlag.ch\/?product=spikes-fuer-hufschuhe-und-duplobeschlaege","title":{"rendered":"Spikes f\u00fcr Hufschuhe und Duplobeschl\u00e4ge"},"content":{"rendered":"<p>Spikes zum einschrauben f\u00fcr alle Hufschuh Typen und Kunststoffbeschl\u00e4ge<\/p>\n","protected":false},"excerpt":{"rendered":"<p>Spikes zum einschrauben f\u00fcr alle Hufschuh Typen und Kunststoffbeschl\u00e4ge<\/p>\n","protected":false},"featured_media":8773,"template":"","meta":[],"product_brand":[],"product_cat":[237],"product_tag":[],"class_list":{"0":"post-1573","1":"product","2":"type-product","3":"status-publish","4":"has-post-thumbnail","6":"product_cat-einsaetzezualternativbeschlaegeundhufschuhe","7":"product_shipping_class-0-1-1-0-kg","9":"first","10":"instock","11":"taxable","12":"shipping-taxable","13":"purchasable","14":"product-type-simple"},"_links":{"self":[{"href":"https:\/\/www.waefler-hufbeschlag.ch\/index.php?rest_route=\/wp\/v2\/product\/1573","targetHints":{"allow":["GET"]}}],"collection":[{"href":"https:\/\/www.waefler-hufbeschlag.ch\/index.php?rest_route=\/wp\/v2\/product"}],"about":[{"href":"https:\/\/www.waefler-hufbeschlag.ch\/index.php?rest_route=\/wp\/v2\/types\/product"}],"wp:featuredmedia":[{"embeddable":true,"href":"https:\/\/www.waefler-hufbeschlag.ch\/index.php?rest_route=\/wp\/v2\/media\/8773"}],"wp:attachment":[{"href":"https:\/\/www.waefler-hufbeschlag.ch\/index.php?rest_route=%2Fwp%2Fv2%2Fmedia&parent=1573"}],"wp:term":[{"taxonomy":"product_brand","embeddable":true,"href":"https:\/\/www.waefler-hufbeschlag.ch\/index.php?rest_route=%2Fwp%2Fv2%2Fproduct_brand&post=1573"},{"taxonomy":"product_cat","embeddable":true,"href":"https:\/\/www.waefler-hufbeschlag.ch\/index.php?rest_route=%2Fwp%2Fv2%2Fproduct_cat&post=1573"},{"taxonomy":"product_tag","embeddable":true,"href":"https:\/\/www.waefler-hufbeschlag.ch\/index.php?rest_route=%2Fwp%2Fv2%2Fproduct_tag&post=1573"}],"curies":[{"name":"wp","href":"https:\/\/api.w.org\/{rel}","templated":true}]}}