{"id":9299,"date":"2025-08-13T19:19:25","date_gmt":"2025-08-13T17:19:25","guid":{"rendered":"https:\/\/www.waefler-hufbeschlag.ch\/?page_id=9299"},"modified":"2026-03-19T16:16:03","modified_gmt":"2026-03-19T15:16:03","slug":"lerne-hufschmied","status":"publish","type":"page","link":"https:\/\/www.waefler-hufbeschlag.ch\/?page_id=9299","title":{"rendered":"Lerne Hufschmied"},"content":{"rendered":"<section  class='av_textblock_section av-meaew20r-1a18e4230f3ed42bf5cd41af3eaa03a2 '   itemscope=\"itemscope\" itemtype=\"https:\/\/schema.org\/CreativeWork\" ><div class='avia_textblock'  itemprop=\"text\" ><div class=\"av-section-containter\"><!-- Header Section --><\/p>\n<section class=\"avia_codeblock_section avia_code_block_1\" style=\"background-color: #c8ad6a; color: #ffffff; padding: 40px 0;\">\n<div class=\"container\">\n<h1 style=\"text-align: center; font-size: 2.5rem; font-weight: bold;\">Werde Hufschmied EFZ bei W\u00e4fler Hufbeschlag!<\/h1>\n<p style=\"text-align: center; font-size: 1.25rem; margin-top: 10px;\">Ein Beruf mit Tradition, Action und Zukunft<\/p>\n<\/div>\n<\/section>\n<p><!-- Apprenticeship Availability Section --><\/p>\n<section class=\"avia_codeblock_section avia_code_block_2\" style=\"background-color: #ffffff; padding: 20px 0; border: 2px solid #c8ad6a;\">\n<div class=\"container\">\n<p style=\"text-align: center; font-size: 1.5rem; font-weight: 600; color: #1f2937;\">N\u00e4chste freie Lehrstelle als Hufschmied\/in EFZ ab 2028 verf\u00fcgbar!<\/p>\n<p style=\"text-align: center; font-size: 1.125rem; color: #4b5563; margin-top: 10px;\">Interessiert? Bewirb dich jetzt f\u00fcr unsere n\u00e4chste Lehrstelle und starte deine Karriere bei uns!<\/p>\n<div style=\"text-align: center; margin-top: 16px;\"><a style=\"background-color: #c8ad6a; color: #ffffff; padding: 12px 24px; border-radius: 8px; font-weight: 600; text-decoration: none; display: inline-block;\" href=\"https:\/\/www.waefler-hufbeschlag.ch\/?page_id=126\">Jetzt bewerben!<\/a><\/div>\n<\/div>\n<\/section>\n<p><!-- Why Us Section --><\/p>\n<section class=\"avia_codeblock_section avia_code_block_3\" style=\"padding: 60px 20px;\">\n<div class=\"container\">\n<h2 style=\"text-align: center; font-size: 2rem; font-weight: 600; color: #1f2937;\">Warum Hufschmied bei uns?<\/h2>\n<p style=\"text-align: center; font-size: 1.125rem; color: #4b5563; max-width: 700px; margin: 20px auto;\">Bei W\u00e4fler Hufbeschlag in Laupersdorf tauchst du ein in einen spannenden Beruf, der handwerkliches K\u00f6nnen, Tierliebe und Teamgeist vereint. Unser Betrieb ist jung, dynamisch und zertifiziert als <strong>TOP-Ausbildungsbetrieb<\/strong> \u2013 hier lernst du von den Besten und arbeitest mit modernster Technik!<\/p>\n<div class=\"grid grid-cols-1 md:grid-cols-3 gap-8\" style=\"margin-top: 40px;\">\n<div class=\"w-full\">\n<div style=\"background-color: #ffffff; padding: 24px; border-radius: 8px; box-shadow: 0 4px 6px rgba(0,0,0,0.1); text-align: center;\">\n<h3 style=\"font-size: 1.25rem; font-weight: 600; color: #c8ad6a;\">Action &amp; Abwechslung<\/h3>\n<p style=\"color: #4b5563; margin-top: 8px;\">Kein Tag ist wie der andere! Du bist bei Pferden, arbeitest im Freien und in der Werkstatt, und bringst Hufe in Topform.<\/p>\n<\/div>\n<\/div>\n<div class=\"w-full\">\n<div style=\"background-color: #ffffff; padding: 24px; border-radius: 8px; box-shadow: 0 4px 6px rgba(0,0,0,0.1); text-align: center;\">\n<h3 style=\"font-size: 1.25rem; font-weight: 600; color: #c8ad6a;\">Karriere mit Zukunft<\/h3>\n<p style=\"color: #4b5563; margin-top: 8px;\">Als Hufschmied EFZ bist du gefragt \u2013 in der Schweiz und weltweit. Deine Arbeit ist unverzichtbar f\u00fcr den Tiersport.<\/p>\n<\/div>\n<\/div>\n<div class=\"w-full\">\n<div style=\"background-color: #ffffff; padding: 24px; border-radius: 8px; box-shadow: 0 4px 6px rgba(0,0,0,0.1); text-align: center;\">\n<h3 style=\"font-size: 1.25rem; font-weight: 600; color: #c8ad6a;\">Team &amp; Gemeinschaft<\/h3>\n<p style=\"color: #4b5563; margin-top: 8px;\">Werde Teil unseres motivierten Teams. Bei uns z\u00e4hlen deine Ideen, und wir feiern Erfolge zusammen!<\/p>\n<\/div>\n<\/div>\n<\/div>\n<\/div>\n<\/section>\n<p><!-- What to Expect Section --><\/p>\n<section class=\"avia_codeblock_section avia_code_block_4\" style=\"background-color: #f5f0e3; padding: 60px 20px;\">\n<div class=\"container\">\n<h2 style=\"text-align: center; font-size: 2rem; font-weight: 600; color: #1f2937;\">Was dich erwartet<\/h2>\n<ul style=\"font-size: 1.125rem; color: #4b5563; max-width: 800px; margin: 24px auto; list-style: disc; padding-left: 20px;\">\n<li>Eine fundierte Ausbildung mit erfahrenen Profis<\/li>\n<li>Modernste Werkzeuge und Techniken<\/li>\n<li>Direkter Kontakt zu Pferden und Kunden<\/li>\n<li>Ein lebhaftes Arbeitsumfeld mit viel Spass<\/li>\n<\/ul>\n<div style=\"text-align: center; margin-top: 32px;\"><a style=\"background-color: #c8ad6a; color: #ffffff; padding: 12px 24px; border-radius: 8px; font-weight: 600; text-decoration: none; display: inline-block;\" href=\"https:\/\/www.waefler-hufbeschlag.ch\/?page_id=126\">Jetzt bewerben!<\/a><\/div>\n<\/div>\n<\/section>\n<p><!-- Hufschmied Profession Section --><\/p>\n<section class=\"avia_codeblock_section avia_code_block_5\" style=\"padding: 60px 20px;\">\n<div class=\"container\">\n<h2 style=\"text-align: center; font-size: 2rem; font-weight: 600; color: #1f2937;\">Hufschmied\/in EFZ \u2013 Der Beruf f\u00fcr Pferdespezialisten<\/h2>\n<p style=\"text-align: center; font-size: 1.125rem; color: #4b5563; max-width: 700px; margin: 20px auto;\">Liebst du Pferde und den Kontakt mit Menschen? M\u00f6chtest du ein Handwerk erlernen, bei dem du viel draussen und unterwegs bist? Dann ist die Ausbildung zum\/zur Hufschmied\/in EFZ bei W\u00e4fler Hufbeschlag perfekt f\u00fcr dich! In vier Jahren lernst du, wie du Hufe von Pferden, Ponys und Eseln pflegst und beschl\u00e4gst, und wirst Expert\/in f\u00fcr Barhufpflege und Anatomie. Deine Arbeit sorgt f\u00fcr das Wohlbefinden der Tiere und bietet dir hervorragende Berufsaussichten.<\/p>\n<p style=\"text-align: center; font-size: 1.125rem; color: #4b5563; max-width: 700px; margin: 20px auto;\">Du bist auf der Suche nach einer Lehrstelle als Hufschmied EFZ in deiner Region? Dann schau hier vorbei: <a style=\"color: #c8ad6a; text-decoration: underline;\" href=\"https:\/\/www.werdehufschmied.ch\/\">werdehufschmied.ch<\/a>.<\/p>\n<\/div>\n<\/section>\n<p><!-- Video Section --><\/p>\n<section class=\"avia_codeblock_section avia_code_block_6\" style=\"padding: 60px 20px;\">\n<div class=\"container\">\n<h2 style=\"text-align: center; font-size: 2rem; font-weight: 600; color: #1f2937;\">Einblick in den Alltag eines Hufschmieds<\/h2>\n<p style=\"text-align: center; font-size: 1.125rem; color: #4b5563; max-width: 700px; margin: 20px auto;\">Schau dir unser Video an und entdecke, wie spannend und abwechslungsreich der Beruf des Hufschmieds bei W\u00e4fler Hufbeschlag ist!<\/p>\n<div style=\"position: relative; padding-bottom: 56.25%; height: 0; overflow: hidden; max-width: 100%; margin: 0 auto;\"><video style=\"position: absolute; top: 0; left: 0; width: 100%; height: 100%; border-radius: 8px;\" controls=\"controls\"><source src=\"https:\/\/www.waefler-hufbeschlag.ch\/wp-content\/uploads\/2021\/01\/LEHRLINGE_V1.mp4\" type=\"video\/mp4\">Dein Browser unterst\u00fctzt das Video-Element nicht.<\/video><\/div>\n<\/div>\n<\/section>\n<p><!-- Award Section --><\/p>\n<section class=\"avia_codeblock_section avia_code_block_7\" style=\"padding: 60px 20px;\">\n<div class=\"container\">\n<h2 style=\"text-align: center; font-size: 2rem; font-weight: 600; color: #1f2937;\">Unsere Auszeichnung<\/h2>\n<p style=\"text-align: center; font-size: 1.125rem; color: #4b5563; max-width: 700px; margin: 20px auto;\">W\u00e4fler Hufbeschlag wurde am 21. Februar 2024 als <strong>TOP-Ausbildungsbetrieb<\/strong> zertifiziert! Erfahre mehr in unserer <a style=\"color: #c8ad6a; text-decoration: underline;\" href=\"https:\/\/www.waefler-hufbeschlag.ch\/?page_id=8298\">Medienmitteilung<\/a>.<\/p>\n<\/div>\n<\/section>\n<p><!-- Footer Section --><\/p>\n<section class=\"avia_codeblock_section avia_code_block_8\" style=\"background-color: #c8ad6a; color: #ffffff; padding: 40px 0;\">\n<div class=\"container\">\n<p style=\"text-align: center;\">Kontaktiere uns: <a style=\"color: #ffffff; text-decoration: underline;\" href=\"mailto:info@waefler-hufbeschlag.ch\">info@waefler-hufbeschlag.ch<\/a><\/p>\n<p style=\"text-align: center; margin-top: 8px;\">W\u00e4fler Hufbeschlag GmbH, Moosweg 614, 4712 Laupersdorf<\/p>\n<\/div>\n<\/section>\n<\/div>\n<style>\n\/* Tailwind CSS CDN for compatibility *\/<br \/>\n@import url('https:\/\/cdn.jsdelivr.net\/npm\/tailwindcss@2.2.19\/dist\/tailwind.min.css');<br \/>\n\/* Ensure container and grid styles align with Enfold *\/<br \/>\n.container {<br \/>\n    max-width: 1200px;<br \/>\n    margin: 0 auto;<br \/>\n    padding: 0 20px;<br \/>\n}<br \/>\n\/* Force side-by-side layout for boxes on medium and larger screens *\/<br \/>\n@media (min-width: 768px) {<br \/>\n    .grid-cols-1.md\\:grid-cols-3 {<br \/>\n        display: grid !important;<br \/>\n        grid-template-columns: repeat(3, minmax(0, 1fr)) !important;<br \/>\n    }<br \/>\n}<br \/>\n<\/style>\n<\/div><\/section>\n","protected":false},"excerpt":{"rendered":"","protected":false},"author":1,"featured_media":0,"parent":0,"menu_order":0,"comment_status":"closed","ping_status":"closed","template":"","meta":{"footnotes":""},"class_list":["post-9299","page","type-page","status-publish","hentry"],"_links":{"self":[{"href":"https:\/\/www.waefler-hufbeschlag.ch\/index.php?rest_route=\/wp\/v2\/pages\/9299","targetHints":{"allow":["GET"]}}],"collection":[{"href":"https:\/\/www.waefler-hufbeschlag.ch\/index.php?rest_route=\/wp\/v2\/pages"}],"about":[{"href":"https:\/\/www.waefler-hufbeschlag.ch\/index.php?rest_route=\/wp\/v2\/types\/page"}],"author":[{"embeddable":true,"href":"https:\/\/www.waefler-hufbeschlag.ch\/index.php?rest_route=\/wp\/v2\/users\/1"}],"replies":[{"embeddable":true,"href":"https:\/\/www.waefler-hufbeschlag.ch\/index.php?rest_route=%2Fwp%2Fv2%2Fcomments&post=9299"}],"version-history":[{"count":13,"href":"https:\/\/www.waefler-hufbeschlag.ch\/index.php?rest_route=\/wp\/v2\/pages\/9299\/revisions"}],"predecessor-version":[{"id":9541,"href":"https:\/\/www.waefler-hufbeschlag.ch\/index.php?rest_route=\/wp\/v2\/pages\/9299\/revisions\/9541"}],"wp:attachment":[{"href":"https:\/\/www.waefler-hufbeschlag.ch\/index.php?rest_route=%2Fwp%2Fv2%2Fmedia&parent=9299"}],"curies":[{"name":"wp","href":"https:\/\/api.w.org\/{rel}","templated":true}]}}