{"id":9126,"date":"2025-07-27T19:38:56","date_gmt":"2025-07-27T17:38:56","guid":{"rendered":"https:\/\/www.waefler-hufbeschlag.ch\/?page_id=9126"},"modified":"2025-07-27T19:38:57","modified_gmt":"2025-07-27T17:38:57","slug":"impressum","status":"publish","type":"page","link":"https:\/\/www.waefler-hufbeschlag.ch\/?page_id=9126","title":{"rendered":"Impressum"},"content":{"rendered":"<section  class='av_textblock_section av-mdlyqrwu-00472046cff23eb8a5b15994569ce4b2 '   itemscope=\"itemscope\" itemtype=\"https:\/\/schema.org\/CreativeWork\" ><div class='avia_textblock'  itemprop=\"text\" ><h1 dir=\"ltr\" data-pm-slice=\"1 1 []\">Impressum<\/h1>\n<p dir=\"ltr\">W\u00e4fler Hufbeschlag GmbH<br \/>\nMoosweg 614<br \/>\n4712 Laupersdorf<br \/>\nSchweiz<\/p>\n<p dir=\"ltr\"><strong>Vertreten durch:<\/strong><br \/>\nGesch\u00e4ftsf\u00fchrer: Peter W\u00e4fler<\/p>\n<p dir=\"ltr\"><strong>Kontakt:<\/strong><br \/>\nTelefon: 079 215 59 29<br \/>\nFax: 062 391 46 14<br \/>\nE-Mail: info@waefler-hufbeschlag.ch<\/p>\n<p dir=\"ltr\"><strong>Haftungsausschluss:<\/strong><br \/>\nDie Inhalte unserer Seiten wurden mit gr\u00f6\u00dfter Sorgfalt erstellt. F\u00fcr die Richtigkeit, Vollst\u00e4ndigkeit und Aktualit\u00e4t der Inhalte k\u00f6nnen wir jedoch keine Gew\u00e4hr \u00fcbernehmen. Als Diensteanbieter sind wir gem\u00e4\u00df \u00a7 7 Abs.1 TMG f\u00fcr eigene Inhalte auf diesen Seiten nach den allgemeinen Gesetzen verantwortlich.<\/p>\n<p dir=\"ltr\"><strong>Datenschutz:<\/strong><br \/>\nDie Nutzung unserer Webseite ist in der Regel ohne Angabe personenbezogener Daten m\u00f6glich. Soweit auf unseren Seiten personenbezogene Daten (beispielsweise Name, Anschrift oder E-Mail-Adressen) erhoben werden, erfolgt dies, soweit m\u00f6glich, stets auf freiwilliger Basis.<\/p>\n<\/div><\/section>\n","protected":false},"excerpt":{"rendered":"","protected":false},"author":1,"featured_media":0,"parent":0,"menu_order":0,"comment_status":"closed","ping_status":"closed","template":"","meta":{"footnotes":""},"class_list":["post-9126","page","type-page","status-publish","hentry"],"_links":{"self":[{"href":"https:\/\/www.waefler-hufbeschlag.ch\/index.php?rest_route=\/wp\/v2\/pages\/9126","targetHints":{"allow":["GET"]}}],"collection":[{"href":"https:\/\/www.waefler-hufbeschlag.ch\/index.php?rest_route=\/wp\/v2\/pages"}],"about":[{"href":"https:\/\/www.waefler-hufbeschlag.ch\/index.php?rest_route=\/wp\/v2\/types\/page"}],"author":[{"embeddable":true,"href":"https:\/\/www.waefler-hufbeschlag.ch\/index.php?rest_route=\/wp\/v2\/users\/1"}],"replies":[{"embeddable":true,"href":"https:\/\/www.waefler-hufbeschlag.ch\/index.php?rest_route=%2Fwp%2Fv2%2Fcomments&post=9126"}],"version-history":[{"count":1,"href":"https:\/\/www.waefler-hufbeschlag.ch\/index.php?rest_route=\/wp\/v2\/pages\/9126\/revisions"}],"predecessor-version":[{"id":9127,"href":"https:\/\/www.waefler-hufbeschlag.ch\/index.php?rest_route=\/wp\/v2\/pages\/9126\/revisions\/9127"}],"wp:attachment":[{"href":"https:\/\/www.waefler-hufbeschlag.ch\/index.php?rest_route=%2Fwp%2Fv2%2Fmedia&parent=9126"}],"curies":[{"name":"wp","href":"https:\/\/api.w.org\/{rel}","templated":true}]}}