{"id":72,"date":"2019-04-23T19:29:34","date_gmt":"2019-04-23T17:29:34","guid":{"rendered":"https:\/\/www.waefler-hufbeschlag.ch\/?page_id=72"},"modified":"2026-01-18T09:16:34","modified_gmt":"2026-01-18T08:16:34","slug":"katalog-bestellungen","status":"publish","type":"page","link":"https:\/\/www.waefler-hufbeschlag.ch\/?page_id=72","title":{"rendered":"AGB`s"},"content":{"rendered":"<div  class='flex_column av-1ju34-831c3767cb921a7ef5cd975778300c96 av_two_third  avia-builder-el-0  el_before_av_one_third  avia-builder-el-first  first flex_column_div  '     ><section  class='av_textblock_section av-mdablzjg-784be74f6d7d9fdf176feb16afdb5e60 '   itemscope=\"itemscope\" itemtype=\"https:\/\/schema.org\/CreativeWork\" ><div class='avia_textblock'  itemprop=\"text\" ><p class=\"p1\"><b>Bestellinformationen<\/b><\/p>\n<p class=\"p2\"><b>Bestellung<\/b><\/p>\n<ul class=\"ul1\">\n<li class=\"li3\">Bestellungen k\u00f6nnen einfach und bequem \u00fcber unseren Shop get\u00e4tigt werden.<\/li>\n<li class=\"li3\">Alternativ sind Bestellungen per E-Mail, Brief oder Fax m\u00f6glich:\n<ul class=\"ul1\">\n<li class=\"li3\"><b>E-Mail<\/b>: info@waefler-hufbeschlag.ch<\/li>\n<li class=\"li3\"><b>Postadresse<\/b>:<br \/>\nW\u00e4fler Hufbeschlag GmbH<br \/>\nMoosweg 614<br \/>\nCH-4712 Laupersdorf<\/li>\n<li class=\"li3\"><b>Fax<\/b>: +41 62 391 46 12<\/li>\n<\/ul>\n<\/li>\n<li class=\"li3\">Es gibt keinen Mindestbestellwert.<\/li>\n<li class=\"li3\">Es gelten die im Katalog zum Zeitpunkt der Bestellung publizierten Preise.<\/li>\n<\/ul>\n<p class=\"p2\"><b>Lieferung<\/b><\/p>\n<ul class=\"ul1\">\n<li class=\"li3\">Alle Preise verstehen sich zuz\u00fcglich MwSt (Nr. CHE-478.697.044).<\/li>\n<li class=\"li3\">Die Lieferung erfolgt in der Regel innerhalb von 4\u20135 Arbeitstagen nach Bestellungseingang.<\/li>\n<li class=\"li3\">Versandkosten Schweiz (inkl. Verpackung) werden nach Gewicht berechnet.<\/li>\n<li class=\"li3\">Beanstandungen wegen unvollst\u00e4ndiger oder unrichtiger Lieferungen sowie erkennbarer M\u00e4ngel m\u00fcssen sp\u00e4testens 3 Tage nach Warenerhalt telefonisch oder per E-Mail gemeldet werden.<\/li>\n<li class=\"li3\">Ge\u00f6ffnete, gebrauchte oder verschmutzte Produkte werden nicht zur\u00fcckgenommen.<\/li>\n<\/ul>\n<p class=\"p2\"><b>Zahlungsm\u00f6glichkeiten<\/b><\/p>\n<ul class=\"ul1\">\n<li class=\"li3\">Es wird ausschliesslich Vorauszahlung akzeptiert.<\/li>\n<li class=\"li3\"><b>Mehrwertsteuernummer<\/b>: CHE-478.697.044<\/li>\n<li class=\"li3\"><b>Zahlungskonto in CHF<\/b>:<br \/>\nClientis Bank im Thal AG<br \/>\n4710 Balsthal<br \/>\nKontonummer: 30-38123-8<br \/>\nIBAN: CH51 0643 4016 7211 2730 5<br \/>\nKontoinhaber: W\u00e4fler Hufbeschlag GmbH, Moosweg 614, 4712 Laupersdorf<\/li>\n<li class=\"li3\"><b>PayPal<\/b>: peter.waefler@waefler-hufbeschlag.ch<\/li>\n<li class=\"li3\"><b>TWINT<\/b>: Zahlungen \u00fcber TWINT sind m\u00f6glich (QR-Code verf\u00fcgbar).<\/li>\n<li class=\"li3\"><b>Kreditkarten<\/b>: Mastercard, Apple Pay, Google Pay.<\/li>\n<\/ul>\n<p class=\"p2\"><b>R\u00fccksendungen<\/b><\/p>\n<ul class=\"ul1\">\n<li class=\"li3\">R\u00fccksendungen sind an folgende Adresse zu richten:<br \/>\nW\u00e4fler Hufbeschlag GmbH<br \/>\nMoosweg 614<br \/>\nCH-4712 Laupersdorf<\/li>\n<li class=\"li3\">Es werden nur einwandfreie, unbenutzte Produkte im Originalzustand zur\u00fcckgenommen.<\/li>\n<li class=\"li3\">Besch\u00e4digte oder gebrauchte Produkte werden nicht erstattet.<\/li>\n<li class=\"li3\">R\u00fccksendungen werden von uns gepr\u00fcft. Eine R\u00fcckerstattung erfolgt nur nach unserer Zustimmung.<\/li>\n<li class=\"li3\">F\u00fcr den administrativen Aufwand wird eine Geb\u00fchr von CHF 25.00 von der R\u00fcckerstattung abgezogen.<\/li>\n<\/ul>\n<p class=\"p2\"><b>Stornierungen<\/b><\/p>\n<ul class=\"ul1\">\n<li class=\"li3\">Bestellungen k\u00f6nnen storniert werden. F\u00fcr den administrativen Aufwand wird eine Geb\u00fchr von CHF 25.00 verrechnet.<\/li>\n<\/ul>\n<p class=\"p2\"><b>Lieferungen ins Ausland<\/b><\/p>\n<ul class=\"ul1\">\n<li class=\"li3\">Da die Schweiz nicht der EU angeh\u00f6rt, und Lieferungen ins Ausland unverzollt und unversteuert erfolgen, k\u00f6nnen dadurch zus\u00e4tzliche Geb\u00fchren anfallen.<\/li>\n<\/ul>\n<p class=\"p2\"><b>Nicht bezahlte Bestellungen<\/b><\/p>\n<ul class=\"ul1\">\n<li class=\"li3\">Bestellungen, die nicht innerhalb von 5 Werktagen bezahlt werden, werden storniert.<\/li>\n<\/ul>\n<p class=\"p2\"><b>Erf\u00fcllungsort und Gerichtsstand<\/b><\/p>\n<ul class=\"ul1\">\n<li class=\"li3\">Erf\u00fcllungsort und Gerichtsstand f\u00fcr alle Anspr\u00fcche und Verpflichtungen ist Balsthal (CH).<\/li>\n<\/ul>\n<p class=\"p2\"><b>Allgemeines<\/b><\/p>\n<ul class=\"ul1\">\n<li class=\"li3\">Mit der Auftragserteilung erkennt der Besteller unsere Verkaufs-, Lieferungs- und Zahlungsbedingungen an. Diese sind wesentlicher Bestandteil des Liefervertrags.<\/li>\n<li class=\"li3\">Abweichende Vereinbarungen sind nur g\u00fcltig, wenn sie schriftlich von uns best\u00e4tigt wurden.<\/li>\n<\/ul>\n<\/div><\/section><\/div><div  class='flex_column av-z18s-d4345634afb03d76af828a8836705c68 av_one_third  avia-builder-el-2  el_after_av_two_third  avia-builder-el-last  flex_column_div  '     ><p>\n<style type=\"text\/css\" data-created_by=\"avia_inline_auto\" id=\"style-css-av-mdabp1iv-a10158391f7c76f858ca919c945dbfb2\">\n.avia-image-container.av-mdabp1iv-a10158391f7c76f858ca919c945dbfb2 img.avia_image{\nbox-shadow:none;\n}\n.avia-image-container.av-mdabp1iv-a10158391f7c76f858ca919c945dbfb2 .av-image-caption-overlay-center{\ncolor:#ffffff;\n}\n<\/style>\n<div  class='avia-image-container av-mdabp1iv-a10158391f7c76f858ca919c945dbfb2 av-styling- avia-align-center  avia-builder-el-3  el_before_av_image  avia-builder-el-first '   itemprop=\"image\" itemscope=\"itemscope\" itemtype=\"https:\/\/schema.org\/ImageObject\" ><div class=\"avia-image-container-inner\"><div class=\"avia-image-overlay-wrap\"><img decoding=\"async\" fetchpriority=\"high\" class='wp-image-2018 avia-img-lazy-loading-not-2018 avia_image ' src=\"https:\/\/www.waefler-hufbeschlag.ch\/wp-content\/uploads\/2022\/01\/QR-code-PayPal-22.01.2022.png\" alt='' title='QR-code-PayPal-22.01.2022'  height=\"660\" width=\"600\"  itemprop=\"thumbnailUrl\" srcset=\"https:\/\/www.waefler-hufbeschlag.ch\/wp-content\/uploads\/2022\/01\/QR-code-PayPal-22.01.2022.png 600w, https:\/\/www.waefler-hufbeschlag.ch\/wp-content\/uploads\/2022\/01\/QR-code-PayPal-22.01.2022-273x300.png 273w, https:\/\/www.waefler-hufbeschlag.ch\/wp-content\/uploads\/2022\/01\/QR-code-PayPal-22.01.2022-480x528.png 480w\" sizes=\"(max-width: 600px) 100vw, 600px\" \/><\/div><\/div><\/div><br \/>\n\n<style type=\"text\/css\" data-created_by=\"avia_inline_auto\" id=\"style-css-av-mdabrbsa-f31b08841b5a9cba951abf74c51d0aa0\">\n.avia-image-container.av-mdabrbsa-f31b08841b5a9cba951abf74c51d0aa0 img.avia_image{\nbox-shadow:none;\n}\n.avia-image-container.av-mdabrbsa-f31b08841b5a9cba951abf74c51d0aa0 .av-image-caption-overlay-center{\ncolor:#ffffff;\n}\n<\/style>\n<div  class='avia-image-container av-mdabrbsa-f31b08841b5a9cba951abf74c51d0aa0 av-styling- avia-align-center  avia-builder-el-4  el_after_av_image  avia-builder-el-last '   itemprop=\"image\" itemscope=\"itemscope\" itemtype=\"https:\/\/schema.org\/ImageObject\" ><div class=\"avia-image-container-inner\"><div class=\"avia-image-overlay-wrap\"><img decoding=\"async\" fetchpriority=\"high\" class='wp-image-8639 avia-img-lazy-loading-not-8639 avia_image ' src=\"https:\/\/www.waefler-hufbeschlag.ch\/wp-content\/uploads\/2025\/07\/TWINT-QR-Code-750x1024-1.jpg\" alt='' title='TWINT-QR-Code-750x1024'  height=\"1024\" width=\"750\"  itemprop=\"thumbnailUrl\" srcset=\"https:\/\/www.waefler-hufbeschlag.ch\/wp-content\/uploads\/2025\/07\/TWINT-QR-Code-750x1024-1.jpg 750w, https:\/\/www.waefler-hufbeschlag.ch\/wp-content\/uploads\/2025\/07\/TWINT-QR-Code-750x1024-1-220x300.jpg 220w, https:\/\/www.waefler-hufbeschlag.ch\/wp-content\/uploads\/2025\/07\/TWINT-QR-Code-750x1024-1-516x705.jpg 516w, https:\/\/www.waefler-hufbeschlag.ch\/wp-content\/uploads\/2025\/07\/TWINT-QR-Code-750x1024-1-450x614.jpg 450w, https:\/\/www.waefler-hufbeschlag.ch\/wp-content\/uploads\/2025\/07\/TWINT-QR-Code-750x1024-1-600x819.jpg 600w, https:\/\/www.waefler-hufbeschlag.ch\/wp-content\/uploads\/2025\/07\/TWINT-QR-Code-750x1024-1-44x60.jpg 44w, https:\/\/www.waefler-hufbeschlag.ch\/wp-content\/uploads\/2025\/07\/TWINT-QR-Code-750x1024-1-66x90.jpg 66w\" sizes=\"(max-width: 750px) 100vw, 750px\" \/><\/div><\/div><\/div><\/p><\/div><\/p>\n","protected":false},"excerpt":{"rendered":"","protected":false},"author":1,"featured_media":0,"parent":0,"menu_order":0,"comment_status":"closed","ping_status":"closed","template":"","meta":{"footnotes":""},"class_list":["post-72","page","type-page","status-publish","hentry"],"_links":{"self":[{"href":"https:\/\/www.waefler-hufbeschlag.ch\/index.php?rest_route=\/wp\/v2\/pages\/72","targetHints":{"allow":["GET"]}}],"collection":[{"href":"https:\/\/www.waefler-hufbeschlag.ch\/index.php?rest_route=\/wp\/v2\/pages"}],"about":[{"href":"https:\/\/www.waefler-hufbeschlag.ch\/index.php?rest_route=\/wp\/v2\/types\/page"}],"author":[{"embeddable":true,"href":"https:\/\/www.waefler-hufbeschlag.ch\/index.php?rest_route=\/wp\/v2\/users\/1"}],"replies":[{"embeddable":true,"href":"https:\/\/www.waefler-hufbeschlag.ch\/index.php?rest_route=%2Fwp%2Fv2%2Fcomments&post=72"}],"version-history":[{"count":75,"href":"https:\/\/www.waefler-hufbeschlag.ch\/index.php?rest_route=\/wp\/v2\/pages\/72\/revisions"}],"predecessor-version":[{"id":9505,"href":"https:\/\/www.waefler-hufbeschlag.ch\/index.php?rest_route=\/wp\/v2\/pages\/72\/revisions\/9505"}],"wp:attachment":[{"href":"https:\/\/www.waefler-hufbeschlag.ch\/index.php?rest_route=%2Fwp%2Fv2%2Fmedia&parent=72"}],"curies":[{"name":"wp","href":"https:\/\/api.w.org\/{rel}","templated":true}]}}