{"id":70,"date":"2019-04-23T19:30:13","date_gmt":"2019-04-23T17:30:13","guid":{"rendered":"https:\/\/www.waefler-hufbeschlag.ch\/?page_id=70"},"modified":"2025-07-25T13:42:31","modified_gmt":"2025-07-25T11:42:31","slug":"kurse","status":"publish","type":"page","link":"https:\/\/www.waefler-hufbeschlag.ch\/?page_id=70","title":{"rendered":"Kurse"},"content":{"rendered":"<section  class='av_textblock_section av-mdaserc9-cece6fd9f253cb6d726a80ced2d55118 '   itemscope=\"itemscope\" itemtype=\"https:\/\/schema.org\/CreativeWork\" ><div class='avia_textblock'  itemprop=\"text\" ><h3><strong>Hufbeschlagkurse\/Weiterbildung <\/strong><\/h3>\n<p>Zur Zeit ist kein Huf-Kurs geplant.<\/p>\n<p>.<\/p>\n<p><strong>M\u00f6gliche Praktische Arbeiten oder Vortr\u00e4ge:<\/strong><\/p>\n<p>&#8211; Theoretische Grundkenntnisse der Anatomie und Biomechanik des Hufes<\/p>\n<p>&#8211; Erkennen von Lahmheiten<\/p>\n<p>&#8211; Praktische \u00dcbungen am Pferd und Pferdehuf (Pr\u00e4parat)<\/p>\n<p>&#8211; Hufbeschlag Heute (Vortrag)<\/p>\n<p>Gerne organisieren wir auch f\u00fcr Sie, Reitvereine, Reitst\u00e4lle oder als Abschlussreferat eines Reitkurses einen solchen Kurs. Ob Sie einen Kurs \u00fcber das Heften mit praktischen \u00dcbungen oder ein Referat \u00fcber das viele Anschauungsmaterial h\u00f6ren m\u00f6chten, k\u00f6nnen Sie selbst bestimmen. Abende oder Wochenende sind kein Problem.<\/p>\n<p>Bitte fragen Sie uns unverbindlich an unter:\u00a0\u00a0 <a href=\"mailto:info@waefler-hufbeschlag.ch\">info@waefler-hufbeschlag.ch\u00a0 <\/a><\/p>\n<\/div><\/section>\n","protected":false},"excerpt":{"rendered":"","protected":false},"author":1,"featured_media":0,"parent":0,"menu_order":0,"comment_status":"closed","ping_status":"closed","template":"","meta":{"footnotes":""},"class_list":["post-70","page","type-page","status-publish","hentry"],"_links":{"self":[{"href":"https:\/\/www.waefler-hufbeschlag.ch\/index.php?rest_route=\/wp\/v2\/pages\/70","targetHints":{"allow":["GET"]}}],"collection":[{"href":"https:\/\/www.waefler-hufbeschlag.ch\/index.php?rest_route=\/wp\/v2\/pages"}],"about":[{"href":"https:\/\/www.waefler-hufbeschlag.ch\/index.php?rest_route=\/wp\/v2\/types\/page"}],"author":[{"embeddable":true,"href":"https:\/\/www.waefler-hufbeschlag.ch\/index.php?rest_route=\/wp\/v2\/users\/1"}],"replies":[{"embeddable":true,"href":"https:\/\/www.waefler-hufbeschlag.ch\/index.php?rest_route=%2Fwp%2Fv2%2Fcomments&post=70"}],"version-history":[{"count":9,"href":"https:\/\/www.waefler-hufbeschlag.ch\/index.php?rest_route=\/wp\/v2\/pages\/70\/revisions"}],"predecessor-version":[{"id":9037,"href":"https:\/\/www.waefler-hufbeschlag.ch\/index.php?rest_route=\/wp\/v2\/pages\/70\/revisions\/9037"}],"wp:attachment":[{"href":"https:\/\/www.waefler-hufbeschlag.ch\/index.php?rest_route=%2Fwp%2Fv2%2Fmedia&parent=70"}],"curies":[{"name":"wp","href":"https:\/\/api.w.org\/{rel}","templated":true}]}}