{"id":58,"date":"2019-04-23T19:31:00","date_gmt":"2019-04-23T17:31:00","guid":{"rendered":"https:\/\/www.waefler-hufbeschlag.ch\/?page_id=58"},"modified":"2025-07-27T18:01:10","modified_gmt":"2025-07-27T16:01:10","slug":"sportbeschlaege","status":"publish","type":"page","link":"https:\/\/www.waefler-hufbeschlag.ch\/?page_id=58","title":{"rendered":"Sportbeschl\u00e4ge"},"content":{"rendered":"\n<style type=\"text\/css\" data-created_by=\"avia_inline_auto\" id=\"style-css-av-mdluvxhk-d0ebbba5f806e1b8cbf8e882401f7987\">\n#top .av-special-heading.av-mdluvxhk-d0ebbba5f806e1b8cbf8e882401f7987{\npadding-bottom:10px;\n}\nbody .av-special-heading.av-mdluvxhk-d0ebbba5f806e1b8cbf8e882401f7987 .av-special-heading-tag .heading-char{\nfont-size:25px;\n}\n.av-special-heading.av-mdluvxhk-d0ebbba5f806e1b8cbf8e882401f7987 .av-subheading{\nfont-size:15px;\n}\n<\/style>\n<div  class='av-special-heading av-mdluvxhk-d0ebbba5f806e1b8cbf8e882401f7987 av-special-heading-h3  avia-builder-el-0  el_before_av_two_third  avia-builder-el-first '><h3 class='av-special-heading-tag '  itemprop=\"headline\"  >Sportbeschl\u00e4ge<\/h3><div class=\"special-heading-border\"><div class=\"special-heading-inner-border\"><\/div><\/div><\/div>\n<div  class='flex_column av-1kxcm-9d11a5076d62b7e14653f1dc4fffa60a av_two_third  avia-builder-el-1  el_after_av_heading  el_before_av_one_fourth  first flex_column_div  '     ><p><section  class='av_textblock_section av-mdluwr5d-f2f00a2acf3fe1540dcf0c9d17b341a6 '   itemscope=\"itemscope\" itemtype=\"https:\/\/schema.org\/CreativeWork\" ><div class='avia_textblock'  itemprop=\"text\" ><p>Sportbeschl\u00e4ge sind meistens Normalbeschl\u00e4ge, welche jedoch zus\u00e4tzliche Komponenten aufweisen, wie Schraubstollenl\u00f6cher, Plastik- oder Ledersohlen mit Sohlenpolsterung oder Hufeisen aus Aluminium f\u00fcr den Springsport oder den Einsatz im Dressursport. Typische Sportbeschl\u00e4ge kennt man im Westernsport, wie zum Beispiel bei Spins oder Sliding-Stops, welche schlussendlich eine wesentliche Rolle auf das Resultat erzielen k\u00f6nnen.<\/p>\n<\/div><\/section><br \/>\n<section  class='av_textblock_section av-mdluwylq-6640f4da5098d2cdb7de817d05fa2169 '   itemscope=\"itemscope\" itemtype=\"https:\/\/schema.org\/CreativeWork\" ><div class='avia_textblock'  itemprop=\"text\" ><p class=\"has-medium-font-size\"><strong>Ledersohlen\/Sohlenpolsterung:<\/strong><\/p>\n<p>Eine sehr gute M\u00f6glichkeit dem Pferd eine optimale Polsterung zu gew\u00e4hrleisten sind Sohlenpolsterungen, welche man mit oder ohne Plastik-\/Ledersohle montieren kann. Dadurch wird eine optimale Gewichtsverteilung und Stossd\u00e4mpfung auf die gesamte Huffl\u00e4che erreicht.<\/p>\n<p>Mehr Informationen unter <a href=\"https:\/\/www.waefler-hufbeschlag.ch\/?page_id=62\">Spezial-Orthop\u00e4discher Beschlag<\/a><\/p>\n<\/div><\/section><br \/>\n<section  class='av_textblock_section av-mdluxwaa-4a714fa0c582193769ab23e2a5a60473 '   itemscope=\"itemscope\" itemtype=\"https:\/\/schema.org\/CreativeWork\" ><div class='avia_textblock'  itemprop=\"text\" ><p class=\"has-medium-font-size\"><strong>Sliding-Hufeisen:<\/strong><\/p>\n<p>Typisch f\u00fcr das Sliding-Hufeisen sind die breiten und langen Hufeisenschenkel, diese k\u00f6nnen mit oder ohne Zehenkappe aufgemacht werden. Die grosse Auflagefl\u00e4che des Hufeisens auf dem Boden bewirkt ein l\u00e4ngeres Sliden der Hufe. Aluminium-Hufeisen: Hufeisen aus Aluminium sind sehr leicht und werden gerne im Dressur- und Westernsport sowie im Rennsport eingesetzt. Ihre Leichtigkeit kann f\u00fcr den Bewegungsablauf von grosser Bedeutung sein.<\/p>\n<\/div><\/section><br \/>\n<section  class='av_textblock_section av-mdluyhel-5d052a2e09c75e6ce1c3a5bca4d542b2 '   itemscope=\"itemscope\" itemtype=\"https:\/\/schema.org\/CreativeWork\" ><div class='avia_textblock'  itemprop=\"text\" ><p class=\"has-medium-font-size\"><strong>Aluminium Hufeisen<\/strong><\/p>\n<p>Hufeisen aus Aluminium sind sehr leicht und werden gerne im Dressur- und Westernsport sowie im Rennsport eingesetzt. Ihre Leichtigkeit kann f\u00fcr den Bewegungsablauf von grosser Bedeutung sein.<\/p>\n<\/div><\/section><br \/>\n<section  class='av_textblock_section av-mdluzykv-1b710b2917fc32779910cf5d491df3ab '   itemscope=\"itemscope\" itemtype=\"https:\/\/schema.org\/CreativeWork\" ><div class='avia_textblock'  itemprop=\"text\" ><p class=\"has-medium-font-size\"><strong>Schraubstollenl\u00f6cher:<\/strong><\/p>\n<p>In unserer mobilen Schmiede f\u00fchren wir f\u00fcr diesen Zweck einen Gewindeschneideapparat f\u00fcr M10 Schraubstollen mit, sowie die gebr\u00e4uchlisten Stollen und nat\u00fcrlich Gewindeschutz die das Verdrecken der L\u00f6cher verhindern.<\/p>\n<p><a href=\"https:\/\/www.waefler-hufbeschlag.ch\/?page_id=8927\">Stollen gibt es in unserem Online Shop<\/a><\/p>\n<\/div><\/section><\/p><\/div><div  class='flex_column av-wptm-a5eaa6513c0b2ebce78c6f3d3a41ab2b av_one_fourth  avia-builder-el-7  el_after_av_two_third  avia-builder-el-last  flex_column_div  '     ><p>\n<style type=\"text\/css\" data-created_by=\"avia_inline_auto\" id=\"style-css-av-mdlv340o-1176902166ea65566fd3a7b0ee47f645\">\n.avia-image-container.av-mdlv340o-1176902166ea65566fd3a7b0ee47f645 img.avia_image{\nbox-shadow:none;\n}\n.avia-image-container.av-mdlv340o-1176902166ea65566fd3a7b0ee47f645 .av-caption-image-overlay-bg{\nopacity:0.4;\nbackground-color:#000000;\n}\n.avia-image-container.av-mdlv340o-1176902166ea65566fd3a7b0ee47f645 .av-image-caption-overlay-center{\ncolor:#ffffff;\n}\n<\/style>\n<div  class='avia-image-container av-mdlv340o-1176902166ea65566fd3a7b0ee47f645 av-styling- avia-align-center  avia-builder-el-8  el_before_av_image  avia-builder-el-first  noHover av-overlay-hover-deactivate'   itemprop=\"image\" itemscope=\"itemscope\" itemtype=\"https:\/\/schema.org\/ImageObject\" ><div class=\"avia-image-container-inner\"><div class=\"avia-image-overlay-wrap\"><div class=\"av-image-caption-overlay\"><div class=\"av-caption-image-overlay-bg\"><\/div><div class=\"av-image-caption-overlay-position\"><div class=\"av-image-caption-overlay-center\"><p>Ledersohlen<\/p>\n<\/div><\/div><\/div><img decoding=\"async\" fetchpriority=\"high\" class='wp-image-9113 avia-img-lazy-loading-not-9113 avia_image ' src=\"https:\/\/www.waefler-hufbeschlag.ch\/wp-content\/uploads\/2025\/07\/IMG-20170909-WA0004-1-300x264-1.png\" alt='' title='IMG-20170909-WA0004-1-300x264'  height=\"500\" width=\"500\"  itemprop=\"thumbnailUrl\" srcset=\"https:\/\/www.waefler-hufbeschlag.ch\/wp-content\/uploads\/2025\/07\/IMG-20170909-WA0004-1-300x264-1.png 500w, https:\/\/www.waefler-hufbeschlag.ch\/wp-content\/uploads\/2025\/07\/IMG-20170909-WA0004-1-300x264-1-300x300.png 300w, https:\/\/www.waefler-hufbeschlag.ch\/wp-content\/uploads\/2025\/07\/IMG-20170909-WA0004-1-300x264-1-80x80.png 80w, https:\/\/www.waefler-hufbeschlag.ch\/wp-content\/uploads\/2025\/07\/IMG-20170909-WA0004-1-300x264-1-36x36.png 36w, https:\/\/www.waefler-hufbeschlag.ch\/wp-content\/uploads\/2025\/07\/IMG-20170909-WA0004-1-300x264-1-180x180.png 180w, https:\/\/www.waefler-hufbeschlag.ch\/wp-content\/uploads\/2025\/07\/IMG-20170909-WA0004-1-300x264-1-120x120.png 120w, https:\/\/www.waefler-hufbeschlag.ch\/wp-content\/uploads\/2025\/07\/IMG-20170909-WA0004-1-300x264-1-450x450.png 450w, https:\/\/www.waefler-hufbeschlag.ch\/wp-content\/uploads\/2025\/07\/IMG-20170909-WA0004-1-300x264-1-100x100.png 100w\" sizes=\"(max-width: 500px) 100vw, 500px\" \/><\/div><\/div><\/div><br \/>\n\n<style type=\"text\/css\" data-created_by=\"avia_inline_auto\" id=\"style-css-av-mdlv3jqb-d67b55deb89e60fbe3ad477ab9a42e0e\">\n.avia-image-container.av-mdlv3jqb-d67b55deb89e60fbe3ad477ab9a42e0e img.avia_image{\nbox-shadow:none;\n}\n.avia-image-container.av-mdlv3jqb-d67b55deb89e60fbe3ad477ab9a42e0e .av-caption-image-overlay-bg{\nopacity:0.4;\nbackground-color:#000000;\n}\n.avia-image-container.av-mdlv3jqb-d67b55deb89e60fbe3ad477ab9a42e0e .av-image-caption-overlay-center{\ncolor:#ffffff;\n}\n<\/style>\n<div  class='avia-image-container av-mdlv3jqb-d67b55deb89e60fbe3ad477ab9a42e0e av-styling- avia-align-center  avia-builder-el-9  el_after_av_image  el_before_av_image  noHover av-overlay-hover-deactivate'   itemprop=\"image\" itemscope=\"itemscope\" itemtype=\"https:\/\/schema.org\/ImageObject\" ><div class=\"avia-image-container-inner\"><div class=\"avia-image-overlay-wrap\"><div class=\"av-image-caption-overlay\"><div class=\"av-caption-image-overlay-bg\"><\/div><div class=\"av-image-caption-overlay-position\"><div class=\"av-image-caption-overlay-center\"><p>Sliding Hufeisen<\/p>\n<\/div><\/div><\/div><img decoding=\"async\" fetchpriority=\"high\" class='wp-image-9114 avia-img-lazy-loading-not-9114 avia_image ' src=\"https:\/\/www.waefler-hufbeschlag.ch\/wp-content\/uploads\/2025\/07\/Sliding-Beschlag-07.11.12-225x300-1.png\" alt='' title='Sliding-Beschlag-07.11.12-225x300'  height=\"500\" width=\"500\"  itemprop=\"thumbnailUrl\" srcset=\"https:\/\/www.waefler-hufbeschlag.ch\/wp-content\/uploads\/2025\/07\/Sliding-Beschlag-07.11.12-225x300-1.png 500w, https:\/\/www.waefler-hufbeschlag.ch\/wp-content\/uploads\/2025\/07\/Sliding-Beschlag-07.11.12-225x300-1-300x300.png 300w, https:\/\/www.waefler-hufbeschlag.ch\/wp-content\/uploads\/2025\/07\/Sliding-Beschlag-07.11.12-225x300-1-80x80.png 80w, https:\/\/www.waefler-hufbeschlag.ch\/wp-content\/uploads\/2025\/07\/Sliding-Beschlag-07.11.12-225x300-1-36x36.png 36w, https:\/\/www.waefler-hufbeschlag.ch\/wp-content\/uploads\/2025\/07\/Sliding-Beschlag-07.11.12-225x300-1-180x180.png 180w, https:\/\/www.waefler-hufbeschlag.ch\/wp-content\/uploads\/2025\/07\/Sliding-Beschlag-07.11.12-225x300-1-120x120.png 120w, https:\/\/www.waefler-hufbeschlag.ch\/wp-content\/uploads\/2025\/07\/Sliding-Beschlag-07.11.12-225x300-1-450x450.png 450w, https:\/\/www.waefler-hufbeschlag.ch\/wp-content\/uploads\/2025\/07\/Sliding-Beschlag-07.11.12-225x300-1-100x100.png 100w\" sizes=\"(max-width: 500px) 100vw, 500px\" \/><\/div><\/div><\/div><br \/>\n\n<style type=\"text\/css\" data-created_by=\"avia_inline_auto\" id=\"style-css-av-mdlv3p14-1cdb5bab99e8118d33b9471a8977b507\">\n.avia-image-container.av-mdlv3p14-1cdb5bab99e8118d33b9471a8977b507 img.avia_image{\nbox-shadow:none;\n}\n.avia-image-container.av-mdlv3p14-1cdb5bab99e8118d33b9471a8977b507 .av-caption-image-overlay-bg{\nopacity:0.4;\nbackground-color:#000000;\n}\n.avia-image-container.av-mdlv3p14-1cdb5bab99e8118d33b9471a8977b507 .av-image-caption-overlay-center{\ncolor:#ffffff;\n}\n<\/style>\n<div  class='avia-image-container av-mdlv3p14-1cdb5bab99e8118d33b9471a8977b507 av-styling- avia-align-center  avia-builder-el-10  el_after_av_image  el_before_av_image  noHover av-overlay-hover-deactivate'   itemprop=\"image\" itemscope=\"itemscope\" itemtype=\"https:\/\/schema.org\/ImageObject\" ><div class=\"avia-image-container-inner\"><div class=\"avia-image-overlay-wrap\"><div class=\"av-image-caption-overlay\"><div class=\"av-caption-image-overlay-bg\"><\/div><div class=\"av-image-caption-overlay-position\"><div class=\"av-image-caption-overlay-center\"><p>Aluminium Hufeisen<\/p>\n<\/div><\/div><\/div><img decoding=\"async\" fetchpriority=\"high\" class='wp-image-9115 avia-img-lazy-loading-not-9115 avia_image ' src=\"https:\/\/www.waefler-hufbeschlag.ch\/wp-content\/uploads\/2025\/07\/Aluminium-Hufeisen-2-274x300-1.png\" alt='' title='Aluminium-Hufeisen-2-274x300'  height=\"500\" width=\"500\"  itemprop=\"thumbnailUrl\" srcset=\"https:\/\/www.waefler-hufbeschlag.ch\/wp-content\/uploads\/2025\/07\/Aluminium-Hufeisen-2-274x300-1.png 500w, https:\/\/www.waefler-hufbeschlag.ch\/wp-content\/uploads\/2025\/07\/Aluminium-Hufeisen-2-274x300-1-300x300.png 300w, https:\/\/www.waefler-hufbeschlag.ch\/wp-content\/uploads\/2025\/07\/Aluminium-Hufeisen-2-274x300-1-80x80.png 80w, https:\/\/www.waefler-hufbeschlag.ch\/wp-content\/uploads\/2025\/07\/Aluminium-Hufeisen-2-274x300-1-36x36.png 36w, https:\/\/www.waefler-hufbeschlag.ch\/wp-content\/uploads\/2025\/07\/Aluminium-Hufeisen-2-274x300-1-180x180.png 180w, https:\/\/www.waefler-hufbeschlag.ch\/wp-content\/uploads\/2025\/07\/Aluminium-Hufeisen-2-274x300-1-120x120.png 120w, https:\/\/www.waefler-hufbeschlag.ch\/wp-content\/uploads\/2025\/07\/Aluminium-Hufeisen-2-274x300-1-450x450.png 450w, https:\/\/www.waefler-hufbeschlag.ch\/wp-content\/uploads\/2025\/07\/Aluminium-Hufeisen-2-274x300-1-100x100.png 100w\" sizes=\"(max-width: 500px) 100vw, 500px\" \/><\/div><\/div><\/div><br \/>\n\n<style type=\"text\/css\" data-created_by=\"avia_inline_auto\" id=\"style-css-av-mdlv3u1r-727610d9064de61238d9e1268c2c48e6\">\n.avia-image-container.av-mdlv3u1r-727610d9064de61238d9e1268c2c48e6 img.avia_image{\nbox-shadow:none;\n}\n.avia-image-container.av-mdlv3u1r-727610d9064de61238d9e1268c2c48e6 .av-caption-image-overlay-bg{\nopacity:0.4;\nbackground-color:#000000;\n}\n.avia-image-container.av-mdlv3u1r-727610d9064de61238d9e1268c2c48e6 .av-image-caption-overlay-center{\ncolor:#ffffff;\n}\n<\/style>\n<div  class='avia-image-container av-mdlv3u1r-727610d9064de61238d9e1268c2c48e6 av-styling- avia-align-center  avia-builder-el-11  el_after_av_image  avia-builder-el-last  noHover av-overlay-hover-deactivate'   itemprop=\"image\" itemscope=\"itemscope\" itemtype=\"https:\/\/schema.org\/ImageObject\" ><div class=\"avia-image-container-inner\"><div class=\"avia-image-overlay-wrap\"><div class=\"av-image-caption-overlay\"><div class=\"av-caption-image-overlay-bg\"><\/div><div class=\"av-image-caption-overlay-position\"><div class=\"av-image-caption-overlay-center\"><p>Schraubstollen<\/p>\n<\/div><\/div><\/div><img decoding=\"async\" fetchpriority=\"high\" class='wp-image-9116 avia-img-lazy-loading-not-9116 avia_image ' src=\"https:\/\/www.waefler-hufbeschlag.ch\/wp-content\/uploads\/2025\/07\/Hohl-Stolle-Schrauben-1-1024x659-1.png\" alt='' title='Hohl-Stolle-Schrauben-1-1024x659'  height=\"334\" width=\"500\"  itemprop=\"thumbnailUrl\" srcset=\"https:\/\/www.waefler-hufbeschlag.ch\/wp-content\/uploads\/2025\/07\/Hohl-Stolle-Schrauben-1-1024x659-1.png 500w, https:\/\/www.waefler-hufbeschlag.ch\/wp-content\/uploads\/2025\/07\/Hohl-Stolle-Schrauben-1-1024x659-1-300x200.png 300w, https:\/\/www.waefler-hufbeschlag.ch\/wp-content\/uploads\/2025\/07\/Hohl-Stolle-Schrauben-1-1024x659-1-450x301.png 450w\" sizes=\"(max-width: 500px) 100vw, 500px\" \/><\/div><\/div><\/div><\/p><\/div><\/p>\n","protected":false},"excerpt":{"rendered":"","protected":false},"author":1,"featured_media":0,"parent":0,"menu_order":0,"comment_status":"closed","ping_status":"closed","template":"","meta":{"footnotes":""},"class_list":["post-58","page","type-page","status-publish","hentry"],"_links":{"self":[{"href":"https:\/\/www.waefler-hufbeschlag.ch\/index.php?rest_route=\/wp\/v2\/pages\/58","targetHints":{"allow":["GET"]}}],"collection":[{"href":"https:\/\/www.waefler-hufbeschlag.ch\/index.php?rest_route=\/wp\/v2\/pages"}],"about":[{"href":"https:\/\/www.waefler-hufbeschlag.ch\/index.php?rest_route=\/wp\/v2\/types\/page"}],"author":[{"embeddable":true,"href":"https:\/\/www.waefler-hufbeschlag.ch\/index.php?rest_route=\/wp\/v2\/users\/1"}],"replies":[{"embeddable":true,"href":"https:\/\/www.waefler-hufbeschlag.ch\/index.php?rest_route=%2Fwp%2Fv2%2Fcomments&post=58"}],"version-history":[{"count":20,"href":"https:\/\/www.waefler-hufbeschlag.ch\/index.php?rest_route=\/wp\/v2\/pages\/58\/revisions"}],"predecessor-version":[{"id":9123,"href":"https:\/\/www.waefler-hufbeschlag.ch\/index.php?rest_route=\/wp\/v2\/pages\/58\/revisions\/9123"}],"wp:attachment":[{"href":"https:\/\/www.waefler-hufbeschlag.ch\/index.php?rest_route=%2Fwp%2Fv2%2Fmedia&parent=58"}],"curies":[{"name":"wp","href":"https:\/\/api.w.org\/{rel}","templated":true}]}}