{"id":56,"date":"2019-04-23T19:26:48","date_gmt":"2019-04-23T17:26:48","guid":{"rendered":"https:\/\/www.waefler-hufbeschlag.ch\/?page_id=56"},"modified":"2025-07-27T12:39:26","modified_gmt":"2025-07-27T10:39:26","slug":"barhuf-gehen","status":"publish","type":"page","link":"https:\/\/www.waefler-hufbeschlag.ch\/?page_id=56","title":{"rendered":"Barhuf-Gehen"},"content":{"rendered":"\n<style type=\"text\/css\" data-created_by=\"avia_inline_auto\" id=\"style-css-av-mdlinu3i-beeb265aba40fc2b08edb88a6c68d440\">\n#top .av-special-heading.av-mdlinu3i-beeb265aba40fc2b08edb88a6c68d440{\npadding-bottom:10px;\n}\nbody .av-special-heading.av-mdlinu3i-beeb265aba40fc2b08edb88a6c68d440 .av-special-heading-tag .heading-char{\nfont-size:25px;\n}\n.av-special-heading.av-mdlinu3i-beeb265aba40fc2b08edb88a6c68d440 .av-subheading{\nfont-size:15px;\n}\n<\/style>\n<div  class='av-special-heading av-mdlinu3i-beeb265aba40fc2b08edb88a6c68d440 av-special-heading-h3  avia-builder-el-0  el_before_av_two_third  avia-builder-el-first '><h3 class='av-special-heading-tag '  itemprop=\"headline\"  >Barhuf<\/h3><div class=\"special-heading-border\"><div class=\"special-heading-inner-border\"><\/div><\/div><\/div>\n<div  class='flex_column av-av_two_third-a2cef933b0a555f25d1e39b22a8e9dae av_two_third  avia-builder-el-1  el_after_av_heading  el_before_av_one_third  first flex_column_div  '     ><section  class='av_textblock_section av-mdlit8dt-0b6510a92f922c393d8181cd6015a4d0 '   itemscope=\"itemscope\" itemtype=\"https:\/\/schema.org\/CreativeWork\" ><div class='avia_textblock'  itemprop=\"text\" ><p>Zahlreiche Pferdebesitzer \u2013 vor allem im Freizeitbereich \u2013 interessieren sich daf\u00fcr, ihre Pferde ohne Beschlag barhuf zu halten und beim Reiten Hufschuhe zu nutzen. Es ist uns ein grosses Anliegen, auch diese Reiter fachkundig zu unterst\u00fctzen und zu beraten. Unsere Beratung umfasst die Umstellung vom beschlagenen Huf auf Barhuf, die Auswahl passender Hufschuhe und die Pflege der Barhufe.<\/p>\n<p><strong>Beratung vor der Umstellung<\/strong><\/p>\n<p>Wir beraten Sie vor Ort und beurteilen die Hufqualit\u00e4t Ihres Pferdes, denn nicht jedes Pferd eignet sich f\u00fcr die Haltung als Barhufer. Ihre Anspr\u00fcche an die Reitweise sowie das Gel\u00e4nde, in dem Sie reiten, sind weitere wichtige Aspekte, die ber\u00fccksichtigt werden m\u00fcssen. Verschiedene Faktoren sind entscheidend, um den passenden und geeigneten Hufschuh f\u00fcr Ihr Pferd zu finden. Sollte sich eine Umstellung auf Barhuf als nicht m\u00f6glich erweisen, k\u00f6nnen wir Ihnen Alternativvorschl\u00e4ge unterbreiten.<\/p>\n<p><strong>Auch die kleinsten Vierbeiner ben\u00f6tigen korrekte Barhufpflege<\/strong><\/p>\n<p>Die Umstellung vom beschlagenen Huf zum Barhufer ben\u00f6tigt Zeit. Da die Hufe durch das Hufeisen gut gesch\u00fctzt waren, sind sie oft weicher in ihrer Konsistenz geworden. Es dauert, bis sie wieder hart und fest werden \u2013 je nach Pferd kann dieser Prozess 6 bis 24 Monate in Anspruch nehmen. \u00c4ltere Pferde k\u00f6nnen bei solchen Umstellungen Schwierigkeiten haben. In solchen F\u00e4llen ist eine gr\u00fcndliche Abkl\u00e4rung besonders wichtig, um dem Pferd Probleme oder Schmerzen zu ersparen. In der Anfangsphase sollten die Hufe alle vier Wochen nachgeschnitten werden, da das noch weiche Horn leicht ausbrechen kann und die Hufstellung regelm\u00e4ssig kontrolliert werden muss.<\/p>\n<p><strong>Mehr Zeitaufwand f\u00fcr den Reiter<\/strong><\/p>\n<p>Vor dem Ausreiten ben\u00f6tigt ein Barhufer mehr Zeit als ein beschlagenes Pferd. Die Hufe m\u00fcssen vor dem Anziehen der Hufschuhe gr\u00fcndlich gereinigt werden. Besonders wichtig ist, dass Steine im Huf und in der weissen Linie entfernt werden, damit diese nicht in den Huf eingetreten werden. Nachdem die Hufschuhe zwei- bis dreimal angezogen und getragen wurden, geht das Anziehen und Befestigen meist sehr schnell. Nach dem Ausritt werden die Hufschuhe wieder abgenommen und m\u00fcssen gereinigt werden. Auch die Pflege der Hufschuhe nimmt Zeit in Anspruch. Ihr Pferd muss sich zudem an das An- und Ausziehen der Hufschuhe gew\u00f6hnen und dabei \u201emitmachen\u201c.<\/p>\n<p>Bei Pferden, die Probleme beim Aufhalten haben oder sehr unruhig sind, muss die Umstellung gut \u00fcberlegt werden. Als Reiter arbeiten Sie vor und nach jedem Ritt in der sensiblen Zone der Hufe \u2013 beispielsweise auch im Sommer, wenn Insekten das Pferd bel\u00e4stigen.<\/p>\n<p><strong>Bodenqualit\u00e4t f\u00fcr Barhufer<\/strong><\/p>\n<p>Damit die Hufe eines Barhufers wieder hart, fest und nat\u00fcrlich werden, ist ein optimaler Boden erforderlich. Nasse, morastige, zu weiche oder zu harte B\u00f6den erschweren die Umstellung. Auch die Infrastruktur und die Umgebung m\u00fcssen f\u00fcr eine erfolgreiche Umstellung geeignet sein.<\/p>\n<p><img loading=\"lazy\" decoding=\"async\" class=\"alignnone wp-image-9090\" src=\"https:\/\/www.waefler-hufbeschlag.ch\/wp-content\/uploads\/2025\/07\/Freilaufstall-Innen.png\" alt=\"\" width=\"300\" height=\"200\" srcset=\"https:\/\/www.waefler-hufbeschlag.ch\/wp-content\/uploads\/2025\/07\/Freilaufstall-Innen.png 500w, https:\/\/www.waefler-hufbeschlag.ch\/wp-content\/uploads\/2025\/07\/Freilaufstall-Innen-300x200.png 300w, https:\/\/www.waefler-hufbeschlag.ch\/wp-content\/uploads\/2025\/07\/Freilaufstall-Innen-450x300.png 450w\" sizes=\"auto, (max-width: 300px) 100vw, 300px\" \/><img loading=\"lazy\" decoding=\"async\" class=\"wp-image-9091 alignright\" src=\"https:\/\/www.waefler-hufbeschlag.ch\/wp-content\/uploads\/2025\/07\/Auslaufplatz-Luxus.png\" alt=\"\" width=\"300\" height=\"200\" srcset=\"https:\/\/www.waefler-hufbeschlag.ch\/wp-content\/uploads\/2025\/07\/Auslaufplatz-Luxus.png 500w, https:\/\/www.waefler-hufbeschlag.ch\/wp-content\/uploads\/2025\/07\/Auslaufplatz-Luxus-300x200.png 300w, https:\/\/www.waefler-hufbeschlag.ch\/wp-content\/uploads\/2025\/07\/Auslaufplatz-Luxus-450x300.png 450w\" sizes=\"auto, (max-width: 300px) 100vw, 300px\" \/><\/p>\n<p><strong>Die passenden Hufschuhe finden<\/strong><\/p>\n<p>Der richtige Hufschuh f\u00fcr Ihr Pferd erf\u00fcllt folgende Anforderungen: Er passt wie ein Massschuh, sodass sich Ihr Pferd entspannt bewegen kann, ohne Druck- oder Scheuerstellen durch unpassendes Schuhwerk zu erleiden. M\u00f6glicherweise ben\u00f6tigt Ihr Pferd im Laufe der Umstellung ein anderes Produkt oder eine andere Gr\u00f6sse, da sich die Hufform ver\u00e4ndert, wenn der Huf seine nat\u00fcrliche Form zur\u00fcckgewinnt. Mit dem richtigen Hufschuh k\u00f6nnen Sie vermeiden, dass beim Reiten st\u00e4ndig ein Schuh verloren geht, und ein Produkt w\u00e4hlen, das nicht nur Ihrem Pferd perfekt passt, sondern auch f\u00fcr Sie beim An- und Ausziehen m\u00f6glichst einfach zu handhaben ist.<\/p>\n<p><strong>Unser Service<\/strong><\/p>\n<p>Bei der Beratung zur Umstellung oder bei Problemen bieten wir verschiedene Produkte zur Auswahl an, die wir Ihrem Pferd \u201eanprobieren\u201c und Ihnen vor Ort zeigen k\u00f6nnen. Wir f\u00fchren Hufschuhe verschiedener Marken, und sollte ein Hufschuh defekt sein, reparieren wir diesen. Wir pflegen die Hufe Ihres Barhufers regelm\u00e4ssig und \u00fcberpr\u00fcfen, ob der Hufschuh f\u00fcr Ihr Pferd noch passt. Bei den meisten Hufschuhen ist es m\u00f6glich, f\u00fcr den Winter Stollen zu montieren.<\/p>\n<\/div><\/section><\/div><div  class='flex_column av-av_one_third-538dd737667e19053994a94b9156413b av_one_third  avia-builder-el-3  el_after_av_two_third  avia-builder-el-last  flex_column_div  '     ><section  class='av_textblock_section av-mdlizw3q-3e7d61832fd25124c93d90520fb71065 '   itemscope=\"itemscope\" itemtype=\"https:\/\/schema.org\/CreativeWork\" ><div class='avia_textblock'  itemprop=\"text\" ><h2 dir=\"ltr\" data-pm-slice=\"1 1 &#091;&#093;\">Unsere Hufschuh-Auswahl<\/h2>\n<p dir=\"ltr\">Wir bieten Ihnen eine umfassende Auswahl an Hufschuhen und besorgen das passende Modell f\u00fcr Ihr Pferd. Gerne stehen wir Ihnen f\u00fcr eine individuelle Beratung zur Verf\u00fcgung.<\/p>\n<\/div><\/section><br \/>\n\n<style type=\"text\/css\" data-created_by=\"avia_inline_auto\" id=\"style-css-av-mdliyitc-0f31b69705372cf503131bf9d44200ab\">\n.avia-image-container.av-mdliyitc-0f31b69705372cf503131bf9d44200ab img.avia_image{\nbox-shadow:none;\n}\n.avia-image-container.av-mdliyitc-0f31b69705372cf503131bf9d44200ab .av-image-caption-overlay-center{\ncolor:#ffffff;\n}\n<\/style>\n<div  class='avia-image-container av-mdliyitc-0f31b69705372cf503131bf9d44200ab av-styling-no-styling avia-align-center  avia-builder-el-5  el_after_av_textblock  el_before_av_image '   itemprop=\"image\" itemscope=\"itemscope\" itemtype=\"https:\/\/schema.org\/ImageObject\" ><div class=\"avia-image-container-inner\"><div class=\"avia-image-overlay-wrap\"><img decoding=\"async\" fetchpriority=\"high\" class='wp-image-9084 avia-img-lazy-loading-not-9084 avia_image ' src=\"https:\/\/www.waefler-hufbeschlag.ch\/wp-content\/uploads\/2025\/07\/hufschuhe.png\" alt='' title='hufschuhe'  height=\"1024\" width=\"1024\"  itemprop=\"thumbnailUrl\" srcset=\"https:\/\/www.waefler-hufbeschlag.ch\/wp-content\/uploads\/2025\/07\/hufschuhe.png 1024w, https:\/\/www.waefler-hufbeschlag.ch\/wp-content\/uploads\/2025\/07\/hufschuhe-300x300.png 300w, https:\/\/www.waefler-hufbeschlag.ch\/wp-content\/uploads\/2025\/07\/hufschuhe-80x80.png 80w, https:\/\/www.waefler-hufbeschlag.ch\/wp-content\/uploads\/2025\/07\/hufschuhe-768x768.png 768w, https:\/\/www.waefler-hufbeschlag.ch\/wp-content\/uploads\/2025\/07\/hufschuhe-36x36.png 36w, https:\/\/www.waefler-hufbeschlag.ch\/wp-content\/uploads\/2025\/07\/hufschuhe-180x180.png 180w, https:\/\/www.waefler-hufbeschlag.ch\/wp-content\/uploads\/2025\/07\/hufschuhe-705x705.png 705w, https:\/\/www.waefler-hufbeschlag.ch\/wp-content\/uploads\/2025\/07\/hufschuhe-120x120.png 120w, https:\/\/www.waefler-hufbeschlag.ch\/wp-content\/uploads\/2025\/07\/hufschuhe-450x450.png 450w, https:\/\/www.waefler-hufbeschlag.ch\/wp-content\/uploads\/2025\/07\/hufschuhe-600x600.png 600w, https:\/\/www.waefler-hufbeschlag.ch\/wp-content\/uploads\/2025\/07\/hufschuhe-100x100.png 100w\" sizes=\"(max-width: 1024px) 100vw, 1024px\" \/><\/div><\/div><\/div><br \/>\n\n<style type=\"text\/css\" data-created_by=\"avia_inline_auto\" id=\"style-css-av-mdlj5gkm-1d7c6e2996f43a7580b8d74e0e16a4af\">\n.avia-image-container.av-mdlj5gkm-1d7c6e2996f43a7580b8d74e0e16a4af img.avia_image{\nbox-shadow:none;\n}\n.avia-image-container.av-mdlj5gkm-1d7c6e2996f43a7580b8d74e0e16a4af .av-image-caption-overlay-center{\ncolor:#ffffff;\n}\n<\/style>\n<div  class='avia-image-container av-mdlj5gkm-1d7c6e2996f43a7580b8d74e0e16a4af av-styling-no-styling avia-align-center  avia-builder-el-6  el_after_av_image  el_before_av_image '   itemprop=\"image\" itemscope=\"itemscope\" itemtype=\"https:\/\/schema.org\/ImageObject\" ><div class=\"avia-image-container-inner\"><div class=\"avia-image-overlay-wrap\"><img decoding=\"async\" fetchpriority=\"high\" class='wp-image-9089 avia-img-lazy-loading-not-9089 avia_image ' src=\"https:\/\/www.waefler-hufbeschlag.ch\/wp-content\/uploads\/2025\/07\/barhuf_kleinpferd.png\" alt='' title='barhuf_kleinpferd'  height=\"500\" width=\"500\"  itemprop=\"thumbnailUrl\" srcset=\"https:\/\/www.waefler-hufbeschlag.ch\/wp-content\/uploads\/2025\/07\/barhuf_kleinpferd.png 500w, https:\/\/www.waefler-hufbeschlag.ch\/wp-content\/uploads\/2025\/07\/barhuf_kleinpferd-300x300.png 300w, https:\/\/www.waefler-hufbeschlag.ch\/wp-content\/uploads\/2025\/07\/barhuf_kleinpferd-80x80.png 80w, https:\/\/www.waefler-hufbeschlag.ch\/wp-content\/uploads\/2025\/07\/barhuf_kleinpferd-36x36.png 36w, https:\/\/www.waefler-hufbeschlag.ch\/wp-content\/uploads\/2025\/07\/barhuf_kleinpferd-180x180.png 180w, https:\/\/www.waefler-hufbeschlag.ch\/wp-content\/uploads\/2025\/07\/barhuf_kleinpferd-120x120.png 120w, https:\/\/www.waefler-hufbeschlag.ch\/wp-content\/uploads\/2025\/07\/barhuf_kleinpferd-450x450.png 450w, https:\/\/www.waefler-hufbeschlag.ch\/wp-content\/uploads\/2025\/07\/barhuf_kleinpferd-100x100.png 100w\" sizes=\"(max-width: 500px) 100vw, 500px\" \/><\/div><\/div><\/div><br \/>\n\n<style type=\"text\/css\" data-created_by=\"avia_inline_auto\" id=\"style-css-av-mdlj5n4e-ac6abd55d80acdb7048efe76516ddb3b\">\n.avia-image-container.av-mdlj5n4e-ac6abd55d80acdb7048efe76516ddb3b img.avia_image{\nbox-shadow:none;\n}\n.avia-image-container.av-mdlj5n4e-ac6abd55d80acdb7048efe76516ddb3b .av-image-caption-overlay-center{\ncolor:#ffffff;\n}\n<\/style>\n<div  class='avia-image-container av-mdlj5n4e-ac6abd55d80acdb7048efe76516ddb3b av-styling-no-styling avia-align-center  avia-builder-el-7  el_after_av_image  avia-builder-el-last '   itemprop=\"image\" itemscope=\"itemscope\" itemtype=\"https:\/\/schema.org\/ImageObject\" ><div class=\"avia-image-container-inner\"><div class=\"avia-image-overlay-wrap\"><img decoding=\"async\" fetchpriority=\"high\" class='wp-image-9092 avia-img-lazy-loading-not-9092 avia_image ' src=\"https:\/\/www.waefler-hufbeschlag.ch\/wp-content\/uploads\/2025\/07\/Barhuf-55-1-2.png\" alt='' title='Barhuf-55-1-2'  height=\"500\" width=\"500\"  itemprop=\"thumbnailUrl\" srcset=\"https:\/\/www.waefler-hufbeschlag.ch\/wp-content\/uploads\/2025\/07\/Barhuf-55-1-2.png 500w, https:\/\/www.waefler-hufbeschlag.ch\/wp-content\/uploads\/2025\/07\/Barhuf-55-1-2-300x300.png 300w, https:\/\/www.waefler-hufbeschlag.ch\/wp-content\/uploads\/2025\/07\/Barhuf-55-1-2-80x80.png 80w, https:\/\/www.waefler-hufbeschlag.ch\/wp-content\/uploads\/2025\/07\/Barhuf-55-1-2-36x36.png 36w, https:\/\/www.waefler-hufbeschlag.ch\/wp-content\/uploads\/2025\/07\/Barhuf-55-1-2-180x180.png 180w, https:\/\/www.waefler-hufbeschlag.ch\/wp-content\/uploads\/2025\/07\/Barhuf-55-1-2-120x120.png 120w, https:\/\/www.waefler-hufbeschlag.ch\/wp-content\/uploads\/2025\/07\/Barhuf-55-1-2-450x450.png 450w, https:\/\/www.waefler-hufbeschlag.ch\/wp-content\/uploads\/2025\/07\/Barhuf-55-1-2-100x100.png 100w\" sizes=\"(max-width: 500px) 100vw, 500px\" \/><\/div><\/div><\/div><\/p><\/div><\/p>\n","protected":false},"excerpt":{"rendered":"","protected":false},"author":1,"featured_media":0,"parent":0,"menu_order":6,"comment_status":"closed","ping_status":"closed","template":"","meta":{"footnotes":""},"class_list":["post-56","page","type-page","status-publish","hentry"],"_links":{"self":[{"href":"https:\/\/www.waefler-hufbeschlag.ch\/index.php?rest_route=\/wp\/v2\/pages\/56","targetHints":{"allow":["GET"]}}],"collection":[{"href":"https:\/\/www.waefler-hufbeschlag.ch\/index.php?rest_route=\/wp\/v2\/pages"}],"about":[{"href":"https:\/\/www.waefler-hufbeschlag.ch\/index.php?rest_route=\/wp\/v2\/types\/page"}],"author":[{"embeddable":true,"href":"https:\/\/www.waefler-hufbeschlag.ch\/index.php?rest_route=\/wp\/v2\/users\/1"}],"replies":[{"embeddable":true,"href":"https:\/\/www.waefler-hufbeschlag.ch\/index.php?rest_route=%2Fwp%2Fv2%2Fcomments&post=56"}],"version-history":[{"count":22,"href":"https:\/\/www.waefler-hufbeschlag.ch\/index.php?rest_route=\/wp\/v2\/pages\/56\/revisions"}],"predecessor-version":[{"id":9097,"href":"https:\/\/www.waefler-hufbeschlag.ch\/index.php?rest_route=\/wp\/v2\/pages\/56\/revisions\/9097"}],"wp:attachment":[{"href":"https:\/\/www.waefler-hufbeschlag.ch\/index.php?rest_route=%2Fwp%2Fv2%2Fmedia&parent=56"}],"curies":[{"name":"wp","href":"https:\/\/api.w.org\/{rel}","templated":true}]}}