{"id":54,"date":"2019-04-23T19:30:37","date_gmt":"2019-04-23T17:30:37","guid":{"rendered":"https:\/\/www.waefler-hufbeschlag.ch\/?page_id=54"},"modified":"2025-07-27T12:39:16","modified_gmt":"2025-07-27T10:39:16","slug":"normalbeschlag","status":"publish","type":"page","link":"https:\/\/www.waefler-hufbeschlag.ch\/?page_id=54","title":{"rendered":"Normalbeschlag"},"content":{"rendered":"\n<style type=\"text\/css\" data-created_by=\"avia_inline_auto\" id=\"style-css-av-mdli4i2y-5cb2fcc070b3ba9fa6f56c1ec161a546\">\n#top .av-special-heading.av-mdli4i2y-5cb2fcc070b3ba9fa6f56c1ec161a546{\npadding-bottom:10px;\n}\nbody .av-special-heading.av-mdli4i2y-5cb2fcc070b3ba9fa6f56c1ec161a546 .av-special-heading-tag .heading-char{\nfont-size:25px;\n}\n.av-special-heading.av-mdli4i2y-5cb2fcc070b3ba9fa6f56c1ec161a546 .av-subheading{\nfont-size:15px;\n}\n<\/style>\n<div  class='av-special-heading av-mdli4i2y-5cb2fcc070b3ba9fa6f56c1ec161a546 av-special-heading-h3  avia-builder-el-0  el_before_av_two_third  avia-builder-el-first '><h3 class='av-special-heading-tag '  itemprop=\"headline\"  >Normalbeschlag<\/h3><div class=\"special-heading-border\"><div class=\"special-heading-inner-border\"><\/div><\/div><\/div>\n<div  class='flex_column av-6o266-121796fbd240175f6403b996dad3cced av_two_third  avia-builder-el-1  el_after_av_heading  el_before_av_one_fourth  first flex_column_div  '     ><section  class='av_textblock_section av-mdiq147s-9a4a71e46373bb24f3b1b8d816585e39 '   itemscope=\"itemscope\" itemtype=\"https:\/\/schema.org\/CreativeWork\" ><div class='avia_textblock'  itemprop=\"text\" ><p><strong>Der Hufbeschlagsablauf<\/strong><\/p>\n<p>Der Normalbeschlag ist bei der grossen Mehrheit der Pferde angebracht, somit nicht nur bei einer Idealstellung, sondern insbesondere auch bei den viel h\u00e4ufiger auftretenden leichten Abweichungen. Spezial- und orthop\u00e4dische Beschl\u00e4ge sind bei Abweichungen von der Normalit\u00e4t angebracht.<\/p>\n<p>Vor dem Beschlagsbeginn wird bei neuen Kunden als erstes ein Gespr\u00e4ch mit dem Reiter\/ Pferdebesitzer gef\u00fchrt. Wir kl\u00e4ren ab, in welchen er Bereich mit seinem Pferd aktiv ist, welches Alter es hat, und beurteilen den Typ und den Bau des Pferdes. Wir betrachten die Gliedmassenstellung von vorne, von der Seite sowie die Sohlenseite am aufgehobenen Huf. Dazu kontrollieren wir die Beschlagsbed\u00fcrftigkeit und die Abn\u00fctzung des Hufeisens. Danach beurteilen wir das Gangwerk im Schritt und Trab.<\/p>\n<p>Mit einer guten Anbindevorrichtung und einem optimalem Boden, kann mit dem Beschlagen begonnen werden. Die alten Eisen werde sorgf\u00e4ltig abgenommen, Hufwand und empfindliche Hufpartien werden geschont, das Fesselgelenk soll nicht verdreht und die Hufwand nicht besch\u00e4digt werden. Die Anzahl und der Zustand der N\u00e4gel werden \u00fcberpr\u00fcft, n\u00f6tigenfalls m\u00fcssen Nagelbruchst\u00fccke entfernen werden. Das korrektes Ausschneiden ist von gr\u00f6sster Bedeutung.<\/p>\n<p><strong>Eisen abnehmen, Strahl ausschneiden<\/strong><\/p>\n<p>Danach werden die Hufsohle und der Strahl sauber und nach seinem nat\u00fcrlichen Aufbau ausschnitten. Ein \u00fcberm\u00e4ssiges Ausschneiden kann die Hufsohle empfindlich (z.B. f\u00fcr spitze Steine) machen. Die Stellung des Hufes wird der entsprechenden Normalstellung des Pferdes anpasst. Die Hufwand wird so beraspelt, dass die Glasurschicht nicht zu stark nach oben entfernt wird. Dem Huf wird die Form gegeben, die ihm vom Kronenrand aus gegeben ist.<\/p>\n<p class=\"has-small-font-size\"><strong>Aufrichten Hufeisen richten<\/strong><\/p>\n<p>Die Wahl der Hufeisen erfolgt nach Hufgr\u00f6sse, Huftyp, G\u00e4ngen und Einsatzzweck des Pferdes. Das im Normalfall warm aufgerichtete Hufeisen hat folgende Merkmale:<\/p>\n<p>Die Kappe des Vordereisens soll in der Verl\u00e4ngerung der Strahlspitze und in der Mitte der Zehenspitze liegen und somit die Hufeisenenden auch parallel zu den Ballen. Der Abstand der beiden Hufeisenenden zu der mittlern Strahlfurche ist gleich gross. Am Vorderhufeisen ist eine Zehenrichtung anzubringen (leichtes Anheben des Schusses bei der Kappe). Sie soll dem Pferd ein gleichm\u00e4ssiges Abrollen erm\u00f6glichen. Die Hufeisenl\u00e4nge entspricht der halben L\u00e4nge der von der Eckstreben zu den Ballen f\u00fchrenden Linie.<\/p>\n<p class=\"has-small-font-size\"><strong>Aufrichten Hufeisen richten<\/strong><\/p>\n<p>Die Wahl der Hufeisen erfolgt nach Hufgr\u00f6sse, Huftyp, G\u00e4ngen und Einsatzzweck des Pferdes. Das im Normalfall warm aufgerichtete Hufeisen hat folgende Merkmale:<\/p>\n<p>Die Kappe des Vordereisens soll in der Verl\u00e4ngerung der Strahlspitze und in der Mitte der Zehenspitze liegen und somit die Hufeisenenden auch parallel zu den Ballen. Der Abstand der beiden Hufeisenenden zu der mittlern Strahlfurche ist gleich gross. Am Vorderhufeisen ist eine Zehenrichtung anzubringen (leichtes Anheben des Schusses bei der Kappe). Sie soll dem Pferd ein gleichm\u00e4ssiges Abrollen erm\u00f6glichen. Die Hufeisenl\u00e4nge entspricht der halben L\u00e4nge der von der Eckstreben zu den Ballen f\u00fchrenden Linie.<\/p>\n<p class=\"has-small-font-size\"><strong>Hinterhuf zur\u00fcckgesetzt Vorderhuf mit Zehenrichtung<\/strong><\/p>\n<p>Beim Hinterhuf kommt noch das Zur\u00fccksetzen dazu. Die Zehenspitze des Hinterhufes ragt je nach Huf 5-10 mm \u00fcber das Hufeisen hinaus. Das Zur\u00fccksetzen ist n\u00f6tig, damit sich das Pferd in den schnellen Gangarten, mit der Hufeisenvorderkante nicht die Vordergliedmassen verletzt. Nach dem Aufrichten muss das Hufeisen zum Aufnageln vorbereitet werden, es muss der sogenannte \u00abRiffen\u00bb angeschliffen werden (meist in der Werkstatt vorbereitet), dies ist ein schr\u00e4g angeschliffene Fl\u00e4che am Hufeisenrand. Da die Fabrikhufeisen gestanzt oder gebogen werden, kann die dadurch entstandene scharfe Kante eine Verletzung am Bein des Pferdes verursachen.<\/p>\n<p class=\"has-small-font-size\"><strong>Hartmetall-Stiften 4.5mm Schraubstollen Klassisch (Mortax) 10x10x10mm<\/strong><\/p>\n<p>Weiter m\u00fcssen die Stollenl\u00f6cher und die Stiftenl\u00f6cher gebohrt und so vorbereitet werden, das auch Stollen und Stifte eingesetzt werden k\u00f6nnen. Meist ist auch ein durchschlagen der Nagell\u00f6cher im Hufeisen n\u00f6tig, damit auch der Hufnagel einen guten Sitz erh\u00e4lt.<\/p>\n<p>Vor dem Aufnageln des Hufeisens ist zu \u00fcberpr\u00fcfen, dass sich keine Fremdk\u00f6rper auf der Auflagefl\u00e4che des Hufeisens und des Tragrandes befinden. Das Hufeisen darf nicht auf dem Huf wackeln. Im Normalfall wird ein Hufeisen mit 6- 7 N\u00e4gel aufgenagelt. Die N\u00e4gel sollten auf einer Linie auf der H\u00f6he des ersten Drittels der Hufwand herausragen. Um eine starke Niete zu erhalten, ist es n\u00f6tig, dass diese nicht l\u00e4nger aber auch nicht k\u00fcrzer als 11\/2- 2 mal so lange wie die Nagelbreite ist. Zu kurze Nieten haben zur Folge, dass sie zuwenig Widerstand haben und sich das Hufeisen schneller l\u00f6st. Zu lange Nieten stellen sich zu schnell auf und k\u00f6nnen so zu einer Verletzung an dem gegen\u00fcberliegenden Pferdebein f\u00fchren (beim Streifen). Die Nieten sollen b\u00fcndig in die Hufwand eingelassen werden. Zuletzt wird hervorstehendes Horn weggeraspelt und Kanten abgerundet. Auch die Kappenspitze soll mit leichtem Hammerschl\u00e4gen am Huf angerichtet werden, damit diese am Huf nicht hervorstehen.<\/p>\n<p><strong>Zum Schluss<\/strong> wird das Pferd nochmals vorgetrabt. Wir kontrollieren dabei, ob die allf\u00e4lligen Korrekturen ihre Wirkung erzielen. Ein eventuelle Lahmheit durch Vernageln wird hierbei ebenfalls sichtbar.<\/p>\n<\/div><\/section><\/div><div  class='flex_column av-zzpy-c11e63c6c6d6751dcce426f36ee6f0b1 av_one_fourth  avia-builder-el-3  el_after_av_two_third  avia-builder-el-last  flex_column_div  '     ><p>\n<style type=\"text\/css\" data-created_by=\"avia_inline_auto\" id=\"style-css-av-5lgqq-4862e5ccf182a7ce21b719ff82736b9c\">\n.avia-image-container.av-5lgqq-4862e5ccf182a7ce21b719ff82736b9c img.avia_image{\nbox-shadow:none;\n}\n.avia-image-container.av-5lgqq-4862e5ccf182a7ce21b719ff82736b9c .av-image-caption-overlay-center{\ncolor:#ffffff;\n}\n<\/style>\n<div  class='avia-image-container av-5lgqq-4862e5ccf182a7ce21b719ff82736b9c av-styling- avia-align-center  avia-builder-el-4  el_before_av_image  avia-builder-el-first '   itemprop=\"image\" itemscope=\"itemscope\" itemtype=\"https:\/\/schema.org\/ImageObject\" ><div class=\"avia-image-container-inner\"><div class=\"avia-image-overlay-wrap\"><img decoding=\"async\" fetchpriority=\"high\" class='wp-image-9014 avia-img-lazy-loading-not-9014 avia_image ' src=\"https:\/\/www.waefler-hufbeschlag.ch\/wp-content\/uploads\/2025\/07\/vortraben.png\" alt='' title='vortraben'  height=\"500\" width=\"500\"  itemprop=\"thumbnailUrl\" srcset=\"https:\/\/www.waefler-hufbeschlag.ch\/wp-content\/uploads\/2025\/07\/vortraben.png 500w, https:\/\/www.waefler-hufbeschlag.ch\/wp-content\/uploads\/2025\/07\/vortraben-300x300.png 300w, https:\/\/www.waefler-hufbeschlag.ch\/wp-content\/uploads\/2025\/07\/vortraben-80x80.png 80w, https:\/\/www.waefler-hufbeschlag.ch\/wp-content\/uploads\/2025\/07\/vortraben-36x36.png 36w, https:\/\/www.waefler-hufbeschlag.ch\/wp-content\/uploads\/2025\/07\/vortraben-180x180.png 180w, https:\/\/www.waefler-hufbeschlag.ch\/wp-content\/uploads\/2025\/07\/vortraben-120x120.png 120w, https:\/\/www.waefler-hufbeschlag.ch\/wp-content\/uploads\/2025\/07\/vortraben-450x450.png 450w, https:\/\/www.waefler-hufbeschlag.ch\/wp-content\/uploads\/2025\/07\/vortraben-100x100.png 100w\" sizes=\"(max-width: 500px) 100vw, 500px\" \/><\/div><\/div><\/div><br \/>\n\n<style type=\"text\/css\" data-created_by=\"avia_inline_auto\" id=\"style-css-av-mdiq5qyn-5132f9ab74df1e0cad11180e51d53427\">\n.avia-image-container.av-mdiq5qyn-5132f9ab74df1e0cad11180e51d53427 img.avia_image{\nbox-shadow:none;\n}\n.avia-image-container.av-mdiq5qyn-5132f9ab74df1e0cad11180e51d53427 .av-image-caption-overlay-center{\ncolor:#ffffff;\n}\n<\/style>\n<div  class='avia-image-container av-mdiq5qyn-5132f9ab74df1e0cad11180e51d53427 av-styling- avia-align-center  avia-builder-el-5  el_after_av_image  el_before_av_image '   itemprop=\"image\" itemscope=\"itemscope\" itemtype=\"https:\/\/schema.org\/ImageObject\" ><div class=\"avia-image-container-inner\"><div class=\"avia-image-overlay-wrap\"><img decoding=\"async\" fetchpriority=\"high\" class='wp-image-9015 avia-img-lazy-loading-not-9015 avia_image ' src=\"https:\/\/www.waefler-hufbeschlag.ch\/wp-content\/uploads\/2025\/07\/Eisen-abnehmen-h-h-600x544-1.png\" alt='' title='Eisen-abnehmen-h-h-600x544'  height=\"500\" width=\"500\"  itemprop=\"thumbnailUrl\" srcset=\"https:\/\/www.waefler-hufbeschlag.ch\/wp-content\/uploads\/2025\/07\/Eisen-abnehmen-h-h-600x544-1.png 500w, https:\/\/www.waefler-hufbeschlag.ch\/wp-content\/uploads\/2025\/07\/Eisen-abnehmen-h-h-600x544-1-300x300.png 300w, https:\/\/www.waefler-hufbeschlag.ch\/wp-content\/uploads\/2025\/07\/Eisen-abnehmen-h-h-600x544-1-80x80.png 80w, https:\/\/www.waefler-hufbeschlag.ch\/wp-content\/uploads\/2025\/07\/Eisen-abnehmen-h-h-600x544-1-36x36.png 36w, https:\/\/www.waefler-hufbeschlag.ch\/wp-content\/uploads\/2025\/07\/Eisen-abnehmen-h-h-600x544-1-180x180.png 180w, https:\/\/www.waefler-hufbeschlag.ch\/wp-content\/uploads\/2025\/07\/Eisen-abnehmen-h-h-600x544-1-120x120.png 120w, https:\/\/www.waefler-hufbeschlag.ch\/wp-content\/uploads\/2025\/07\/Eisen-abnehmen-h-h-600x544-1-450x450.png 450w, https:\/\/www.waefler-hufbeschlag.ch\/wp-content\/uploads\/2025\/07\/Eisen-abnehmen-h-h-600x544-1-100x100.png 100w\" sizes=\"(max-width: 500px) 100vw, 500px\" \/><\/div><\/div><\/div><br \/>\n\n<style type=\"text\/css\" data-created_by=\"avia_inline_auto\" id=\"style-css-av-3fydy-b45d717e99fb19fc9bac50869ffe3ef0\">\n.avia-image-container.av-3fydy-b45d717e99fb19fc9bac50869ffe3ef0 img.avia_image{\nbox-shadow:none;\n}\n.avia-image-container.av-3fydy-b45d717e99fb19fc9bac50869ffe3ef0 .av-image-caption-overlay-center{\ncolor:#ffffff;\n}\n<\/style>\n<div  class='avia-image-container av-3fydy-b45d717e99fb19fc9bac50869ffe3ef0 av-styling- avia-align-center  avia-builder-el-6  el_after_av_image  el_before_av_image '   itemprop=\"image\" itemscope=\"itemscope\" itemtype=\"https:\/\/schema.org\/ImageObject\" ><div class=\"avia-image-container-inner\"><div class=\"avia-image-overlay-wrap\"><img decoding=\"async\" fetchpriority=\"high\" class='wp-image-9020 avia-img-lazy-loading-not-9020 avia_image ' src=\"https:\/\/www.waefler-hufbeschlag.ch\/wp-content\/uploads\/2025\/07\/Hufeisen-richten-3-600x384-1.jpg\" alt='' title='Hufeisen-richten-3-600x384'  height=\"384\" width=\"600\"  itemprop=\"thumbnailUrl\" srcset=\"https:\/\/www.waefler-hufbeschlag.ch\/wp-content\/uploads\/2025\/07\/Hufeisen-richten-3-600x384-1.jpg 600w, https:\/\/www.waefler-hufbeschlag.ch\/wp-content\/uploads\/2025\/07\/Hufeisen-richten-3-600x384-1-300x192.jpg 300w, https:\/\/www.waefler-hufbeschlag.ch\/wp-content\/uploads\/2025\/07\/Hufeisen-richten-3-600x384-1-450x288.jpg 450w\" sizes=\"(max-width: 600px) 100vw, 600px\" \/><\/div><\/div><\/div><br \/>\n\n<style type=\"text\/css\" data-created_by=\"avia_inline_auto\" id=\"style-css-av-49ury-2d9c9e63c510e772b4ad8411d8a43921\">\n.avia-image-container.av-49ury-2d9c9e63c510e772b4ad8411d8a43921 img.avia_image{\nbox-shadow:none;\n}\n.avia-image-container.av-49ury-2d9c9e63c510e772b4ad8411d8a43921 .av-image-caption-overlay-center{\ncolor:#ffffff;\n}\n<\/style>\n<div  class='avia-image-container av-49ury-2d9c9e63c510e772b4ad8411d8a43921 av-styling- avia-align-center  avia-builder-el-7  el_after_av_image  el_before_av_image '   itemprop=\"image\" itemscope=\"itemscope\" itemtype=\"https:\/\/schema.org\/ImageObject\" ><div class=\"avia-image-container-inner\"><div class=\"avia-image-overlay-wrap\"><img decoding=\"async\" fetchpriority=\"high\" class='wp-image-9019 avia-img-lazy-loading-not-9019 avia_image ' src=\"https:\/\/www.waefler-hufbeschlag.ch\/wp-content\/uploads\/2025\/07\/Aufrichten-h-h-2-1.jpg\" alt='' title='Aufrichten-h-h-2-1'  height=\"280\" width=\"442\"  itemprop=\"thumbnailUrl\" srcset=\"https:\/\/www.waefler-hufbeschlag.ch\/wp-content\/uploads\/2025\/07\/Aufrichten-h-h-2-1.jpg 442w, https:\/\/www.waefler-hufbeschlag.ch\/wp-content\/uploads\/2025\/07\/Aufrichten-h-h-2-1-300x190.jpg 300w\" sizes=\"(max-width: 442px) 100vw, 442px\" \/><\/div><\/div><\/div><br \/>\n\n<style type=\"text\/css\" data-created_by=\"avia_inline_auto\" id=\"style-css-av-mdiqfzbh-2153b63e86569a5bb244520e4e682301\">\n.avia-image-container.av-mdiqfzbh-2153b63e86569a5bb244520e4e682301 img.avia_image{\nbox-shadow:none;\n}\n.avia-image-container.av-mdiqfzbh-2153b63e86569a5bb244520e4e682301 .av-image-caption-overlay-center{\ncolor:#ffffff;\n}\n<\/style>\n<div  class='avia-image-container av-mdiqfzbh-2153b63e86569a5bb244520e4e682301 av-styling- avia-align-center  avia-builder-el-8  el_after_av_image  el_before_av_image '   itemprop=\"image\" itemscope=\"itemscope\" itemtype=\"https:\/\/schema.org\/ImageObject\" ><div class=\"avia-image-container-inner\"><div class=\"avia-image-overlay-wrap\"><img decoding=\"async\" fetchpriority=\"high\" class='wp-image-9029 avia-img-lazy-loading-not-9029 avia_image ' src=\"https:\/\/www.waefler-hufbeschlag.ch\/wp-content\/uploads\/2025\/07\/Vorderhuf-Garnietur-aussen.png\" alt='' title='Vorderhuf-Garnietur-aussen'  height=\"500\" width=\"500\"  itemprop=\"thumbnailUrl\" srcset=\"https:\/\/www.waefler-hufbeschlag.ch\/wp-content\/uploads\/2025\/07\/Vorderhuf-Garnietur-aussen.png 500w, https:\/\/www.waefler-hufbeschlag.ch\/wp-content\/uploads\/2025\/07\/Vorderhuf-Garnietur-aussen-300x300.png 300w, https:\/\/www.waefler-hufbeschlag.ch\/wp-content\/uploads\/2025\/07\/Vorderhuf-Garnietur-aussen-80x80.png 80w, https:\/\/www.waefler-hufbeschlag.ch\/wp-content\/uploads\/2025\/07\/Vorderhuf-Garnietur-aussen-36x36.png 36w, https:\/\/www.waefler-hufbeschlag.ch\/wp-content\/uploads\/2025\/07\/Vorderhuf-Garnietur-aussen-180x180.png 180w, https:\/\/www.waefler-hufbeschlag.ch\/wp-content\/uploads\/2025\/07\/Vorderhuf-Garnietur-aussen-120x120.png 120w, https:\/\/www.waefler-hufbeschlag.ch\/wp-content\/uploads\/2025\/07\/Vorderhuf-Garnietur-aussen-450x450.png 450w, https:\/\/www.waefler-hufbeschlag.ch\/wp-content\/uploads\/2025\/07\/Vorderhuf-Garnietur-aussen-100x100.png 100w\" sizes=\"(max-width: 500px) 100vw, 500px\" \/><\/div><\/div><\/div><br \/>\n\n<style type=\"text\/css\" data-created_by=\"avia_inline_auto\" id=\"style-css-av-mdiqg683-67a4b6b64fa2afb0fca2856d0544c012\">\n.avia-image-container.av-mdiqg683-67a4b6b64fa2afb0fca2856d0544c012 img.avia_image{\nbox-shadow:none;\n}\n.avia-image-container.av-mdiqg683-67a4b6b64fa2afb0fca2856d0544c012 .av-image-caption-overlay-center{\ncolor:#ffffff;\n}\n<\/style>\n<div  class='avia-image-container av-mdiqg683-67a4b6b64fa2afb0fca2856d0544c012 av-styling- avia-align-center  avia-builder-el-9  el_after_av_image  el_before_av_image '   itemprop=\"image\" itemscope=\"itemscope\" itemtype=\"https:\/\/schema.org\/ImageObject\" ><div class=\"avia-image-container-inner\"><div class=\"avia-image-overlay-wrap\"><img decoding=\"async\" fetchpriority=\"high\" class='wp-image-9030 avia-img-lazy-loading-not-9030 avia_image ' src=\"https:\/\/www.waefler-hufbeschlag.ch\/wp-content\/uploads\/2025\/07\/Hinterhuf-Garnietur-aussen.png\" alt='' title='Hinterhuf-Garnietur-aussen'  height=\"500\" width=\"500\"  itemprop=\"thumbnailUrl\" srcset=\"https:\/\/www.waefler-hufbeschlag.ch\/wp-content\/uploads\/2025\/07\/Hinterhuf-Garnietur-aussen.png 500w, https:\/\/www.waefler-hufbeschlag.ch\/wp-content\/uploads\/2025\/07\/Hinterhuf-Garnietur-aussen-300x300.png 300w, https:\/\/www.waefler-hufbeschlag.ch\/wp-content\/uploads\/2025\/07\/Hinterhuf-Garnietur-aussen-80x80.png 80w, https:\/\/www.waefler-hufbeschlag.ch\/wp-content\/uploads\/2025\/07\/Hinterhuf-Garnietur-aussen-36x36.png 36w, https:\/\/www.waefler-hufbeschlag.ch\/wp-content\/uploads\/2025\/07\/Hinterhuf-Garnietur-aussen-180x180.png 180w, https:\/\/www.waefler-hufbeschlag.ch\/wp-content\/uploads\/2025\/07\/Hinterhuf-Garnietur-aussen-120x120.png 120w, https:\/\/www.waefler-hufbeschlag.ch\/wp-content\/uploads\/2025\/07\/Hinterhuf-Garnietur-aussen-450x450.png 450w, https:\/\/www.waefler-hufbeschlag.ch\/wp-content\/uploads\/2025\/07\/Hinterhuf-Garnietur-aussen-100x100.png 100w\" sizes=\"(max-width: 500px) 100vw, 500px\" \/><\/div><\/div><\/div><br \/>\n\n<style type=\"text\/css\" data-created_by=\"avia_inline_auto\" id=\"style-css-av-mdlifqjg-2c29265ebd81bb2b71c72740362babcd\">\n.avia-image-container.av-mdlifqjg-2c29265ebd81bb2b71c72740362babcd img.avia_image{\nbox-shadow:none;\n}\n.avia-image-container.av-mdlifqjg-2c29265ebd81bb2b71c72740362babcd .av-image-caption-overlay-center{\ncolor:#ffffff;\n}\n<\/style>\n<div  class='avia-image-container av-mdlifqjg-2c29265ebd81bb2b71c72740362babcd av-styling- avia-align-center  avia-builder-el-10  el_after_av_image  el_before_av_image '   itemprop=\"image\" itemscope=\"itemscope\" itemtype=\"https:\/\/schema.org\/ImageObject\" ><div class=\"avia-image-container-inner\"><div class=\"avia-image-overlay-wrap\"><img decoding=\"async\" fetchpriority=\"high\" class='wp-image-9072 avia-img-lazy-loading-not-9072 avia_image ' src=\"https:\/\/www.waefler-hufbeschlag.ch\/wp-content\/uploads\/2025\/07\/Stiften-4.5mm-600x453-1.png\" alt='' title='Stiften-4.5mm-600x453'  height=\"500\" width=\"500\"  itemprop=\"thumbnailUrl\" srcset=\"https:\/\/www.waefler-hufbeschlag.ch\/wp-content\/uploads\/2025\/07\/Stiften-4.5mm-600x453-1.png 500w, https:\/\/www.waefler-hufbeschlag.ch\/wp-content\/uploads\/2025\/07\/Stiften-4.5mm-600x453-1-300x300.png 300w, https:\/\/www.waefler-hufbeschlag.ch\/wp-content\/uploads\/2025\/07\/Stiften-4.5mm-600x453-1-80x80.png 80w, https:\/\/www.waefler-hufbeschlag.ch\/wp-content\/uploads\/2025\/07\/Stiften-4.5mm-600x453-1-36x36.png 36w, https:\/\/www.waefler-hufbeschlag.ch\/wp-content\/uploads\/2025\/07\/Stiften-4.5mm-600x453-1-180x180.png 180w, https:\/\/www.waefler-hufbeschlag.ch\/wp-content\/uploads\/2025\/07\/Stiften-4.5mm-600x453-1-120x120.png 120w, https:\/\/www.waefler-hufbeschlag.ch\/wp-content\/uploads\/2025\/07\/Stiften-4.5mm-600x453-1-450x450.png 450w, https:\/\/www.waefler-hufbeschlag.ch\/wp-content\/uploads\/2025\/07\/Stiften-4.5mm-600x453-1-100x100.png 100w\" sizes=\"(max-width: 500px) 100vw, 500px\" \/><\/div><\/div><\/div><br \/>\n\n<style type=\"text\/css\" data-created_by=\"avia_inline_auto\" id=\"style-css-av-mdlifwg5-f6a0ec9b036051a83e43e39ca8285f69\">\n.avia-image-container.av-mdlifwg5-f6a0ec9b036051a83e43e39ca8285f69 img.avia_image{\nbox-shadow:none;\n}\n.avia-image-container.av-mdlifwg5-f6a0ec9b036051a83e43e39ca8285f69 .av-image-caption-overlay-center{\ncolor:#ffffff;\n}\n<\/style>\n<div  class='avia-image-container av-mdlifwg5-f6a0ec9b036051a83e43e39ca8285f69 av-styling- avia-align-center  avia-builder-el-11  el_after_av_image  el_before_av_image '   itemprop=\"image\" itemscope=\"itemscope\" itemtype=\"https:\/\/schema.org\/ImageObject\" ><div class=\"avia-image-container-inner\"><div class=\"avia-image-overlay-wrap\"><img decoding=\"async\" fetchpriority=\"high\" class='wp-image-9073 avia-img-lazy-loading-not-9073 avia_image ' src=\"https:\/\/www.waefler-hufbeschlag.ch\/wp-content\/uploads\/2025\/07\/Schraubstollen-Klssisch-10x10x10-600x344-1.png\" alt='' title='Schraubstollen-Klssisch-10x10x10-600x344'  height=\"500\" width=\"500\"  itemprop=\"thumbnailUrl\" srcset=\"https:\/\/www.waefler-hufbeschlag.ch\/wp-content\/uploads\/2025\/07\/Schraubstollen-Klssisch-10x10x10-600x344-1.png 500w, https:\/\/www.waefler-hufbeschlag.ch\/wp-content\/uploads\/2025\/07\/Schraubstollen-Klssisch-10x10x10-600x344-1-300x300.png 300w, https:\/\/www.waefler-hufbeschlag.ch\/wp-content\/uploads\/2025\/07\/Schraubstollen-Klssisch-10x10x10-600x344-1-80x80.png 80w, https:\/\/www.waefler-hufbeschlag.ch\/wp-content\/uploads\/2025\/07\/Schraubstollen-Klssisch-10x10x10-600x344-1-36x36.png 36w, https:\/\/www.waefler-hufbeschlag.ch\/wp-content\/uploads\/2025\/07\/Schraubstollen-Klssisch-10x10x10-600x344-1-180x180.png 180w, https:\/\/www.waefler-hufbeschlag.ch\/wp-content\/uploads\/2025\/07\/Schraubstollen-Klssisch-10x10x10-600x344-1-120x120.png 120w, https:\/\/www.waefler-hufbeschlag.ch\/wp-content\/uploads\/2025\/07\/Schraubstollen-Klssisch-10x10x10-600x344-1-450x450.png 450w, https:\/\/www.waefler-hufbeschlag.ch\/wp-content\/uploads\/2025\/07\/Schraubstollen-Klssisch-10x10x10-600x344-1-100x100.png 100w\" sizes=\"(max-width: 500px) 100vw, 500px\" \/><\/div><\/div><\/div><br \/>\n\n<style type=\"text\/css\" data-created_by=\"avia_inline_auto\" id=\"style-css-av-mdlig411-2fef78c61462671aaa457ee8d32fa389\">\n.avia-image-container.av-mdlig411-2fef78c61462671aaa457ee8d32fa389 img.avia_image{\nbox-shadow:none;\n}\n.avia-image-container.av-mdlig411-2fef78c61462671aaa457ee8d32fa389 .av-image-caption-overlay-center{\ncolor:#ffffff;\n}\n<\/style>\n<div  class='avia-image-container av-mdlig411-2fef78c61462671aaa457ee8d32fa389 av-styling- avia-align-center  avia-builder-el-12  el_after_av_image  avia-builder-el-last '   itemprop=\"image\" itemscope=\"itemscope\" itemtype=\"https:\/\/schema.org\/ImageObject\" ><div class=\"avia-image-container-inner\"><div class=\"avia-image-overlay-wrap\"><img decoding=\"async\" fetchpriority=\"high\" class='wp-image-9074 avia-img-lazy-loading-not-9074 avia_image ' src=\"https:\/\/www.waefler-hufbeschlag.ch\/wp-content\/uploads\/2025\/07\/Traben-von-Vorne-300x683-1.png\" alt='' title='Traben-von-Vorne-300x683'  height=\"500\" width=\"500\"  itemprop=\"thumbnailUrl\" srcset=\"https:\/\/www.waefler-hufbeschlag.ch\/wp-content\/uploads\/2025\/07\/Traben-von-Vorne-300x683-1.png 500w, https:\/\/www.waefler-hufbeschlag.ch\/wp-content\/uploads\/2025\/07\/Traben-von-Vorne-300x683-1-300x300.png 300w, https:\/\/www.waefler-hufbeschlag.ch\/wp-content\/uploads\/2025\/07\/Traben-von-Vorne-300x683-1-80x80.png 80w, https:\/\/www.waefler-hufbeschlag.ch\/wp-content\/uploads\/2025\/07\/Traben-von-Vorne-300x683-1-36x36.png 36w, https:\/\/www.waefler-hufbeschlag.ch\/wp-content\/uploads\/2025\/07\/Traben-von-Vorne-300x683-1-180x180.png 180w, https:\/\/www.waefler-hufbeschlag.ch\/wp-content\/uploads\/2025\/07\/Traben-von-Vorne-300x683-1-120x120.png 120w, https:\/\/www.waefler-hufbeschlag.ch\/wp-content\/uploads\/2025\/07\/Traben-von-Vorne-300x683-1-450x450.png 450w, https:\/\/www.waefler-hufbeschlag.ch\/wp-content\/uploads\/2025\/07\/Traben-von-Vorne-300x683-1-100x100.png 100w\" sizes=\"(max-width: 500px) 100vw, 500px\" \/><\/div><\/div><\/div><\/p><\/div><\/p>\n","protected":false},"excerpt":{"rendered":"","protected":false},"author":1,"featured_media":195,"parent":0,"menu_order":5,"comment_status":"closed","ping_status":"closed","template":"","meta":{"footnotes":""},"class_list":["post-54","page","type-page","status-publish","has-post-thumbnail","hentry"],"_links":{"self":[{"href":"https:\/\/www.waefler-hufbeschlag.ch\/index.php?rest_route=\/wp\/v2\/pages\/54","targetHints":{"allow":["GET"]}}],"collection":[{"href":"https:\/\/www.waefler-hufbeschlag.ch\/index.php?rest_route=\/wp\/v2\/pages"}],"about":[{"href":"https:\/\/www.waefler-hufbeschlag.ch\/index.php?rest_route=\/wp\/v2\/types\/page"}],"author":[{"embeddable":true,"href":"https:\/\/www.waefler-hufbeschlag.ch\/index.php?rest_route=\/wp\/v2\/users\/1"}],"replies":[{"embeddable":true,"href":"https:\/\/www.waefler-hufbeschlag.ch\/index.php?rest_route=%2Fwp%2Fv2%2Fcomments&post=54"}],"version-history":[{"count":39,"href":"https:\/\/www.waefler-hufbeschlag.ch\/index.php?rest_route=\/wp\/v2\/pages\/54\/revisions"}],"predecessor-version":[{"id":9081,"href":"https:\/\/www.waefler-hufbeschlag.ch\/index.php?rest_route=\/wp\/v2\/pages\/54\/revisions\/9081"}],"wp:featuredmedia":[{"embeddable":true,"href":"https:\/\/www.waefler-hufbeschlag.ch\/index.php?rest_route=\/wp\/v2\/media\/195"}],"wp:attachment":[{"href":"https:\/\/www.waefler-hufbeschlag.ch\/index.php?rest_route=%2Fwp%2Fv2%2Fmedia&parent=54"}],"curies":[{"name":"wp","href":"https:\/\/api.w.org\/{rel}","templated":true}]}}