{"id":39,"date":"2019-04-23T19:28:25","date_gmt":"2019-04-23T17:28:25","guid":{"rendered":"https:\/\/www.waefler-hufbeschlag.ch\/?page_id=39"},"modified":"2025-07-27T19:41:35","modified_gmt":"2025-07-27T17:41:35","slug":"team","status":"publish","type":"page","link":"https:\/\/www.waefler-hufbeschlag.ch\/?page_id=39","title":{"rendered":"Team"},"content":{"rendered":"<div id='av-layout-grid-1'  class='av-layout-grid-container av-gjmgv-0fccf0e5109218b2cecd4b3658e53456 entry-content-wrapper main_color av-flex-cells  avia-builder-el-0  el_before_av_layout_row  avia-builder-el-first   container_wrap fullsize'  >\n<div class='flex_cell av-fnr0j-8d2090bccacaf0c8e0da21503bb5c6ad av-gridrow-cell av_one_fifth no_margin  avia-builder-el-1  el_before_av_cell_one_fifth  avia-builder-el-first '  ><div class='flex_cell_inner'><\/div><\/div><div class='flex_cell av-fci5j-474ec5a0b0eca21fdbecf8cbc7953ff5 av-gridrow-cell av_one_fifth no_margin  avia-builder-el-2  el_after_av_cell_one_fifth  el_before_av_cell_two_fifth '  ><div class='flex_cell_inner'>\n<style type=\"text\/css\" data-created_by=\"avia_inline_auto\" id=\"style-css-av-mdadnnel-95d365b08b86f32963076db5e5d211aa\">\n.avia-image-container.av-mdadnnel-95d365b08b86f32963076db5e5d211aa img.avia_image{\nbox-shadow:none;\n}\n.avia-image-container.av-mdadnnel-95d365b08b86f32963076db5e5d211aa .av-image-caption-overlay-center{\ncolor:#ffffff;\n}\n<\/style>\n<div  class='avia-image-container av-mdadnnel-95d365b08b86f32963076db5e5d211aa av-styling- avia-align-center  avia-builder-el-3  avia-builder-el-no-sibling '   itemprop=\"image\" itemscope=\"itemscope\" itemtype=\"https:\/\/schema.org\/ImageObject\" ><div class=\"avia-image-container-inner\"><div class=\"avia-image-overlay-wrap\"><img decoding=\"async\" fetchpriority=\"high\" class='wp-image-8943 avia-img-lazy-loading-not-8943 avia_image ' src=\"https:\/\/www.waefler-hufbeschlag.ch\/wp-content\/uploads\/2025\/07\/peter.png\" alt='' title='peter'  height=\"500\" width=\"500\"  itemprop=\"thumbnailUrl\" srcset=\"https:\/\/www.waefler-hufbeschlag.ch\/wp-content\/uploads\/2025\/07\/peter.png 500w, https:\/\/www.waefler-hufbeschlag.ch\/wp-content\/uploads\/2025\/07\/peter-300x300.png 300w, https:\/\/www.waefler-hufbeschlag.ch\/wp-content\/uploads\/2025\/07\/peter-80x80.png 80w, https:\/\/www.waefler-hufbeschlag.ch\/wp-content\/uploads\/2025\/07\/peter-36x36.png 36w, https:\/\/www.waefler-hufbeschlag.ch\/wp-content\/uploads\/2025\/07\/peter-180x180.png 180w, https:\/\/www.waefler-hufbeschlag.ch\/wp-content\/uploads\/2025\/07\/peter-120x120.png 120w, https:\/\/www.waefler-hufbeschlag.ch\/wp-content\/uploads\/2025\/07\/peter-450x450.png 450w, https:\/\/www.waefler-hufbeschlag.ch\/wp-content\/uploads\/2025\/07\/peter-100x100.png 100w, https:\/\/www.waefler-hufbeschlag.ch\/wp-content\/uploads\/2025\/07\/peter-60x60.png 60w, https:\/\/www.waefler-hufbeschlag.ch\/wp-content\/uploads\/2025\/07\/peter-90x90.png 90w\" sizes=\"(max-width: 500px) 100vw, 500px\" \/><\/div><\/div><\/div>\n<\/div><\/div>\n<style type=\"text\/css\" data-created_by=\"avia_inline_auto\" id=\"style-css-av-eqyov-2c6af3a999764bd19dc7899784fbf3e6\">\n.flex_cell.av-eqyov-2c6af3a999764bd19dc7899784fbf3e6{\nvertical-align:top;\n}\n<\/style>\n<div class='flex_cell av-eqyov-2c6af3a999764bd19dc7899784fbf3e6 av-gridrow-cell av_two_fifth no_margin  avia-builder-el-4  el_after_av_cell_one_fifth  el_before_av_cell_one_fifth  content-align-top'  ><div class='flex_cell_inner'><section  class='av_textblock_section av-mdadnetk-24885263f1d02edf779bb44fcbda2f0d '   itemscope=\"itemscope\" itemtype=\"https:\/\/schema.org\/CreativeWork\" ><div class='avia_textblock'  itemprop=\"text\" ><h3>Peter W\u00e4fler<\/h3>\n<p class=\"has-black-color has-text-color\"><strong>CEO Position Gesch\u00e4ftsf\u00fchrer\u00a0<\/strong><\/p>\n<p class=\"has-black-color has-text-color\">Die 4-j\u00e4hrige Ausbildung hat er mit Freude und Erfolg im Jahre 1992 abgeschlossen. In der Rekrutenschule arbeitete Peter W\u00e4fler als Milit\u00e4r-Hufschmied und bildete sich w\u00e4hrend der Milit\u00e4rzeit bis zum Hufschmiede-Feldweibel weiter. Im Jahre 2000 legte er die Meisterpr\u00fcfung ab. Durch st\u00e4ndige Weiterbildung wird der anspruchsvollen Kundschaft stets der besten Service nach dem aktuellsten Standard angeboten. In seiner Freizeit pflegt Peter W\u00e4fler, neben der Besch\u00e4ftigung mit seiner Familie, diverse Hobbies: die Jagd, die beiden Jagdhunde und die Kleinpferde der Familie.<\/p>\n<p><a href=\"mailto:peter.waefler@waefler-hufbeschlag.ch\">peter.waefler@waefler-hufbeschlag.ch<\/a><\/p>\n<\/div><\/section>\n<\/div><\/div>\n<style type=\"text\/css\" data-created_by=\"avia_inline_auto\" id=\"style-css-av-e4ybv-06e2ee5bba42ad9ef4e5c222b7b34c6c\">\n.flex_cell.av-e4ybv-06e2ee5bba42ad9ef4e5c222b7b34c6c{\nvertical-align:top;\n}\n<\/style>\n<div class='flex_cell av-e4ybv-06e2ee5bba42ad9ef4e5c222b7b34c6c av-gridrow-cell av_one_fifth no_margin  avia-builder-el-6  el_after_av_cell_two_fifth  avia-builder-el-last  content-align-top'  ><div class='flex_cell_inner'><\/div><\/div>\n<\/div>\n<div id='av-layout-grid-2'  class='av-layout-grid-container av-dmsgz-1948bb708bdfc61c6414849d25252e98 entry-content-wrapper main_color av-flex-cells  avia-builder-el-7  el_after_av_layout_row  el_before_av_layout_row  grid-row-not-first  container_wrap fullsize'  >\n<div class='flex_cell av-cluor-da47e17ef3812a5b74b9ab87e501df52 av-gridrow-cell av_one_fifth no_margin  avia-builder-el-8  el_before_av_cell_one_fifth  avia-builder-el-first '  ><div class='flex_cell_inner'><\/div><\/div><div class='flex_cell av-c8hqv-ed914c0fa9c9200b5d6561057d02100b av-gridrow-cell av_one_fifth no_margin  avia-builder-el-9  el_after_av_cell_one_fifth  el_before_av_cell_two_fifth '  ><div class='flex_cell_inner'>\n<style type=\"text\/css\" data-created_by=\"avia_inline_auto\" id=\"style-css-av-bnbv3-e2a80a5c4e58385a287f84db041fac3f\">\n.avia-image-container.av-bnbv3-e2a80a5c4e58385a287f84db041fac3f img.avia_image{\nbox-shadow:none;\n}\n.avia-image-container.av-bnbv3-e2a80a5c4e58385a287f84db041fac3f .av-image-caption-overlay-center{\ncolor:#ffffff;\n}\n<\/style>\n<div  class='avia-image-container av-bnbv3-e2a80a5c4e58385a287f84db041fac3f av-styling- avia-align-center  avia-builder-el-10  avia-builder-el-no-sibling '   itemprop=\"image\" itemscope=\"itemscope\" itemtype=\"https:\/\/schema.org\/ImageObject\" ><div class=\"avia-image-container-inner\"><div class=\"avia-image-overlay-wrap\"><img decoding=\"async\" fetchpriority=\"high\" class='wp-image-8942 avia-img-lazy-loading-not-8942 avia_image ' src=\"https:\/\/www.waefler-hufbeschlag.ch\/wp-content\/uploads\/2025\/07\/bea.png\" alt='' title='bea'  height=\"500\" width=\"500\"  itemprop=\"thumbnailUrl\" srcset=\"https:\/\/www.waefler-hufbeschlag.ch\/wp-content\/uploads\/2025\/07\/bea.png 500w, https:\/\/www.waefler-hufbeschlag.ch\/wp-content\/uploads\/2025\/07\/bea-300x300.png 300w, https:\/\/www.waefler-hufbeschlag.ch\/wp-content\/uploads\/2025\/07\/bea-80x80.png 80w, https:\/\/www.waefler-hufbeschlag.ch\/wp-content\/uploads\/2025\/07\/bea-36x36.png 36w, https:\/\/www.waefler-hufbeschlag.ch\/wp-content\/uploads\/2025\/07\/bea-180x180.png 180w, https:\/\/www.waefler-hufbeschlag.ch\/wp-content\/uploads\/2025\/07\/bea-120x120.png 120w, https:\/\/www.waefler-hufbeschlag.ch\/wp-content\/uploads\/2025\/07\/bea-450x450.png 450w, https:\/\/www.waefler-hufbeschlag.ch\/wp-content\/uploads\/2025\/07\/bea-100x100.png 100w, https:\/\/www.waefler-hufbeschlag.ch\/wp-content\/uploads\/2025\/07\/bea-60x60.png 60w, https:\/\/www.waefler-hufbeschlag.ch\/wp-content\/uploads\/2025\/07\/bea-90x90.png 90w\" sizes=\"(max-width: 500px) 100vw, 500px\" \/><\/div><\/div><\/div>\n<\/div><\/div>\n<style type=\"text\/css\" data-created_by=\"avia_inline_auto\" id=\"style-css-av-b6eoj-5a1233cb5cbbb4de77d35ec7c0c963b2\">\n.flex_cell.av-b6eoj-5a1233cb5cbbb4de77d35ec7c0c963b2{\nvertical-align:top;\n}\n<\/style>\n<div class='flex_cell av-b6eoj-5a1233cb5cbbb4de77d35ec7c0c963b2 av-gridrow-cell av_two_fifth no_margin  avia-builder-el-11  el_after_av_cell_one_fifth  el_before_av_cell_one_fifth  content-align-top'  ><div class='flex_cell_inner'><section  class='av_textblock_section av-am0yn-a1512d7d3ebbca2be97d18f923807ae5 '   itemscope=\"itemscope\" itemtype=\"https:\/\/schema.org\/CreativeWork\" ><div class='avia_textblock'  itemprop=\"text\" ><h3>Beatrice W\u00e4fler<\/h3>\n<p class=\"has-black-color has-text-color\"><strong>Chief Financial Officer<\/strong><\/p>\n<p class=\"has-black-color has-text-color\">Die Ehefrau von Peter W\u00e4fler ist gelernte Elektrozeichnerin. Sie ist die Familien-Managerin und verantwortlich f\u00fcr den administrativen Bereich und das B\u00fcro. Zu ihren Hobbies z\u00e4hlt die Ausbildung der Jagdhunde, ist begeisterte Linedancerin und coacht den Pferdestall, wenn Peter unterwegs ist.<\/p>\n<p><a href=\"mailto:beatrice.waefler@waefler-hufbeschlag.ch\">beatrice.waefler@waefler-hufbeschlag.ch<\/a><\/p>\n<\/div><\/section>\n<\/div><\/div>\n<style type=\"text\/css\" data-created_by=\"avia_inline_auto\" id=\"style-css-av-9lqxz-d547b473b579c934fa987380b5a91364\">\n.flex_cell.av-9lqxz-d547b473b579c934fa987380b5a91364{\nvertical-align:top;\n}\n<\/style>\n<div class='flex_cell av-9lqxz-d547b473b579c934fa987380b5a91364 av-gridrow-cell av_one_fifth no_margin  avia-builder-el-13  el_after_av_cell_two_fifth  avia-builder-el-last  content-align-top'  ><div class='flex_cell_inner'><\/div><\/div>\n<\/div>\n<div id='av-layout-grid-3'  class='av-layout-grid-container av-965iv-512d234e9902e16ddf7262c26f23b0ef entry-content-wrapper main_color av-flex-cells  avia-builder-el-14  el_after_av_layout_row  el_before_av_layout_row  grid-row-not-first  container_wrap fullsize'  >\n<div class='flex_cell av-8w53v-ddd1cac01734113fa74dded1d74aca3a av-gridrow-cell av_one_fifth no_margin  avia-builder-el-15  el_before_av_cell_one_fifth  avia-builder-el-first '  ><div class='flex_cell_inner'><\/div><\/div><div class='flex_cell av-tm5n-24f47dfb8bb9180f0e3210b84ea4f8fc av-gridrow-cell av_one_fifth no_margin  avia-builder-el-16  el_after_av_cell_one_fifth  el_before_av_cell_two_fifth '  ><div class='flex_cell_inner'>\n<style type=\"text\/css\" data-created_by=\"avia_inline_auto\" id=\"style-css-av-mdadrh13-cf4e2bf54002ff2121942475dd8f1279\">\n.avia-image-container.av-mdadrh13-cf4e2bf54002ff2121942475dd8f1279 img.avia_image{\nbox-shadow:none;\n}\n.avia-image-container.av-mdadrh13-cf4e2bf54002ff2121942475dd8f1279 .av-image-caption-overlay-center{\ncolor:#ffffff;\n}\n<\/style>\n<div  class='avia-image-container av-mdadrh13-cf4e2bf54002ff2121942475dd8f1279 av-styling- avia-align-center  avia-builder-el-17  avia-builder-el-no-sibling '   itemprop=\"image\" itemscope=\"itemscope\" itemtype=\"https:\/\/schema.org\/ImageObject\" ><div class=\"avia-image-container-inner\"><div class=\"avia-image-overlay-wrap\"><img decoding=\"async\" fetchpriority=\"high\" class='wp-image-8941 avia-img-lazy-loading-not-8941 avia_image ' src=\"https:\/\/www.waefler-hufbeschlag.ch\/wp-content\/uploads\/2025\/07\/menu.png\" alt='' title='menu'  height=\"500\" width=\"500\"  itemprop=\"thumbnailUrl\" srcset=\"https:\/\/www.waefler-hufbeschlag.ch\/wp-content\/uploads\/2025\/07\/menu.png 500w, https:\/\/www.waefler-hufbeschlag.ch\/wp-content\/uploads\/2025\/07\/menu-300x300.png 300w, https:\/\/www.waefler-hufbeschlag.ch\/wp-content\/uploads\/2025\/07\/menu-80x80.png 80w, https:\/\/www.waefler-hufbeschlag.ch\/wp-content\/uploads\/2025\/07\/menu-36x36.png 36w, https:\/\/www.waefler-hufbeschlag.ch\/wp-content\/uploads\/2025\/07\/menu-180x180.png 180w, https:\/\/www.waefler-hufbeschlag.ch\/wp-content\/uploads\/2025\/07\/menu-120x120.png 120w, https:\/\/www.waefler-hufbeschlag.ch\/wp-content\/uploads\/2025\/07\/menu-450x450.png 450w, https:\/\/www.waefler-hufbeschlag.ch\/wp-content\/uploads\/2025\/07\/menu-100x100.png 100w, https:\/\/www.waefler-hufbeschlag.ch\/wp-content\/uploads\/2025\/07\/menu-60x60.png 60w, https:\/\/www.waefler-hufbeschlag.ch\/wp-content\/uploads\/2025\/07\/menu-90x90.png 90w\" sizes=\"(max-width: 500px) 100vw, 500px\" \/><\/div><\/div><\/div>\n<\/div><\/div>\n<style type=\"text\/css\" data-created_by=\"avia_inline_auto\" id=\"style-css-av-7br8v-c017a6cd391c7ba0ed2c457c8306614d\">\n.flex_cell.av-7br8v-c017a6cd391c7ba0ed2c457c8306614d{\nvertical-align:top;\n}\n<\/style>\n<div class='flex_cell av-7br8v-c017a6cd391c7ba0ed2c457c8306614d av-gridrow-cell av_two_fifth no_margin  avia-builder-el-18  el_after_av_cell_one_fifth  el_before_av_cell_one_fifth  content-align-top'  ><div class='flex_cell_inner'><section  class='av_textblock_section av-mdadqvca-2c68884f0ebba294e4a770b287ee99ef '   itemscope=\"itemscope\" itemtype=\"https:\/\/schema.org\/CreativeWork\" ><div class='avia_textblock'  itemprop=\"text\" ><h3>Manuel Friedli<\/h3>\n<p class=\"has-black-color has-text-color\"><strong>Hufschmied Stv. Gesch\u00e4ftsf\u00fchrer<\/strong><\/p>\n<p class=\"has-black-color has-text-color\">Er ist die rechte Hand des Chefs. Der Betrieb und die Kunden sind ihm nach der 4-j\u00e4hrigen Ausbildung bei Peter W\u00e4fler bestens bekannt. Als Teamleiter der zweiten Equipe geniesst er das Vertrauen der Kundschaft. Sein grosses Hobby ist der Sport (Korbball und Fussball).\u00a0Manuel Friedli wurde an der Schweizer Meisterschaft der Lehrlingspr\u00fcfungen im Jahr 2009 Schweizer Meister. An den EURO SKILLS 2010 in Lissabon wurde Manuel Friedli zum Europameister gek\u00fcrt.<\/p>\n<p><a href=\"https:\/\/www.waefler-hufbeschlag.ch\/manuel.friedli@bluewin.ch\">manuel.friedli@waefler-hufbeschlag.ch<\/a><\/p>\n<\/div><\/section>\n<\/div><\/div>\n<style type=\"text\/css\" data-created_by=\"avia_inline_auto\" id=\"style-css-av-6u3r3-acf494e4d72c54949b6fb3daa5caa466\">\n.flex_cell.av-6u3r3-acf494e4d72c54949b6fb3daa5caa466{\nvertical-align:top;\n}\n<\/style>\n<div class='flex_cell av-6u3r3-acf494e4d72c54949b6fb3daa5caa466 av-gridrow-cell av_one_fifth no_margin  avia-builder-el-20  el_after_av_cell_two_fifth  avia-builder-el-last  content-align-top'  ><div class='flex_cell_inner'><\/div><\/div>\n<\/div>\n<div id='av-layout-grid-4'  class='av-layout-grid-container av-6ecbb-1d39cecd5225ba4f80cec8ff08e45de0 entry-content-wrapper main_color av-flex-cells  avia-builder-el-21  el_after_av_layout_row  el_before_av_layout_row  grid-row-not-first  container_wrap fullsize'  >\n<div class='flex_cell av-5nlcn-c06906ce453989049c5a7d16a32854b2 av-gridrow-cell av_one_fifth no_margin  avia-builder-el-22  el_before_av_cell_one_fifth  avia-builder-el-first '  ><div class='flex_cell_inner'><\/div><\/div><div class='flex_cell av-ho53-51d84b0a83084d7627c68cb15209746a av-gridrow-cell av_one_fifth no_margin  avia-builder-el-23  el_after_av_cell_one_fifth  el_before_av_cell_two_fifth '  ><div class='flex_cell_inner'>\n<style type=\"text\/css\" data-created_by=\"avia_inline_auto\" id=\"style-css-av-mdiluvfz-c2f1981727ea89269722001bbf6869c3\">\n.avia-image-container.av-mdiluvfz-c2f1981727ea89269722001bbf6869c3 img.avia_image{\nbox-shadow:none;\n}\n.avia-image-container.av-mdiluvfz-c2f1981727ea89269722001bbf6869c3 .av-image-caption-overlay-center{\ncolor:#ffffff;\n}\n<\/style>\n<div  class='avia-image-container av-mdiluvfz-c2f1981727ea89269722001bbf6869c3 av-styling- avia-align-center  avia-builder-el-24  avia-builder-el-no-sibling '   itemprop=\"image\" itemscope=\"itemscope\" itemtype=\"https:\/\/schema.org\/ImageObject\" ><div class=\"avia-image-container-inner\"><div class=\"avia-image-overlay-wrap\"><img decoding=\"async\" fetchpriority=\"high\" class='wp-image-8940 avia-img-lazy-loading-not-8940 avia_image ' src=\"https:\/\/www.waefler-hufbeschlag.ch\/wp-content\/uploads\/2025\/07\/larissa.png\" alt='' title='larissa'  height=\"500\" width=\"500\"  itemprop=\"thumbnailUrl\" srcset=\"https:\/\/www.waefler-hufbeschlag.ch\/wp-content\/uploads\/2025\/07\/larissa.png 500w, https:\/\/www.waefler-hufbeschlag.ch\/wp-content\/uploads\/2025\/07\/larissa-300x300.png 300w, https:\/\/www.waefler-hufbeschlag.ch\/wp-content\/uploads\/2025\/07\/larissa-80x80.png 80w, https:\/\/www.waefler-hufbeschlag.ch\/wp-content\/uploads\/2025\/07\/larissa-36x36.png 36w, https:\/\/www.waefler-hufbeschlag.ch\/wp-content\/uploads\/2025\/07\/larissa-180x180.png 180w, https:\/\/www.waefler-hufbeschlag.ch\/wp-content\/uploads\/2025\/07\/larissa-120x120.png 120w, https:\/\/www.waefler-hufbeschlag.ch\/wp-content\/uploads\/2025\/07\/larissa-450x450.png 450w, https:\/\/www.waefler-hufbeschlag.ch\/wp-content\/uploads\/2025\/07\/larissa-100x100.png 100w, https:\/\/www.waefler-hufbeschlag.ch\/wp-content\/uploads\/2025\/07\/larissa-60x60.png 60w, https:\/\/www.waefler-hufbeschlag.ch\/wp-content\/uploads\/2025\/07\/larissa-90x90.png 90w\" sizes=\"(max-width: 500px) 100vw, 500px\" \/><\/div><\/div><\/div>\n<\/div><\/div>\n<style type=\"text\/css\" data-created_by=\"avia_inline_auto\" id=\"style-css-av-49bh3-789f52afecd81cfb1df1fdaaf1c1736b\">\n.flex_cell.av-49bh3-789f52afecd81cfb1df1fdaaf1c1736b{\nvertical-align:top;\n}\n<\/style>\n<div class='flex_cell av-49bh3-789f52afecd81cfb1df1fdaaf1c1736b av-gridrow-cell av_two_fifth no_margin  avia-builder-el-25  el_after_av_cell_one_fifth  el_before_av_cell_one_fifth  content-align-top'  ><div class='flex_cell_inner'><section  class='av_textblock_section av-mdahnqmi-cef51e197543a59a5bfbfcefbd739436 '   itemscope=\"itemscope\" itemtype=\"https:\/\/schema.org\/CreativeWork\" ><div class='avia_textblock'  itemprop=\"text\" ><h3>Larissa H\u00e4nggi<\/h3>\n<p>Hufschmiedin mit EFZ, hat die Ausbildung zum Hufschmied im 2020 erfolgreich absolviert<\/p>\n<\/div><\/section>\n<\/div><\/div>\n<style type=\"text\/css\" data-created_by=\"avia_inline_auto\" id=\"style-css-av-3s3hn-68dff92209c4cbc69234ec2d10835846\">\n.flex_cell.av-3s3hn-68dff92209c4cbc69234ec2d10835846{\nvertical-align:top;\n}\n<\/style>\n<div class='flex_cell av-3s3hn-68dff92209c4cbc69234ec2d10835846 av-gridrow-cell av_one_fifth no_margin  avia-builder-el-27  el_after_av_cell_two_fifth  avia-builder-el-last  content-align-top'  ><div class='flex_cell_inner'><\/div><\/div>\n<\/div>\n<div id='av-layout-grid-5'  class='av-layout-grid-container av-3bsrf-a277f0a35366aaf8735995fac292d690 entry-content-wrapper main_color av-flex-cells  avia-builder-el-28  el_after_av_layout_row  avia-builder-el-last  grid-row-not-first  container_wrap fullsize'  >\n<div class='flex_cell av-2ppe3-9fcadec92e21889267709a0efbd7b321 av-gridrow-cell av_one_fifth no_margin  avia-builder-el-29  el_before_av_cell_one_fifth  avia-builder-el-first '  ><div class='flex_cell_inner'><\/div><\/div><div class='flex_cell av-24hcj-9df8f6fdf14daf5e08e9e7133306b488 av-gridrow-cell av_one_fifth no_margin  avia-builder-el-30  el_after_av_cell_one_fifth  el_before_av_cell_two_fifth '  ><div class='flex_cell_inner'>\n<style type=\"text\/css\" data-created_by=\"avia_inline_auto\" id=\"style-css-av-mdilv1uj-ec805a9fe1e5e429c829d66211a0efe8\">\n.avia-image-container.av-mdilv1uj-ec805a9fe1e5e429c829d66211a0efe8 img.avia_image{\nbox-shadow:none;\n}\n.avia-image-container.av-mdilv1uj-ec805a9fe1e5e429c829d66211a0efe8 .av-image-caption-overlay-center{\ncolor:#ffffff;\n}\n<\/style>\n<div  class='avia-image-container av-mdilv1uj-ec805a9fe1e5e429c829d66211a0efe8 av-styling- avia-align-center  avia-builder-el-31  avia-builder-el-no-sibling '   itemprop=\"image\" itemscope=\"itemscope\" itemtype=\"https:\/\/schema.org\/ImageObject\" ><div class=\"avia-image-container-inner\"><div class=\"avia-image-overlay-wrap\"><img decoding=\"async\" fetchpriority=\"high\" class='wp-image-8939 avia-img-lazy-loading-not-8939 avia_image ' src=\"https:\/\/www.waefler-hufbeschlag.ch\/wp-content\/uploads\/2025\/07\/philipe.png\" alt='' title='philipe'  height=\"500\" width=\"500\"  itemprop=\"thumbnailUrl\" srcset=\"https:\/\/www.waefler-hufbeschlag.ch\/wp-content\/uploads\/2025\/07\/philipe.png 500w, https:\/\/www.waefler-hufbeschlag.ch\/wp-content\/uploads\/2025\/07\/philipe-300x300.png 300w, https:\/\/www.waefler-hufbeschlag.ch\/wp-content\/uploads\/2025\/07\/philipe-80x80.png 80w, https:\/\/www.waefler-hufbeschlag.ch\/wp-content\/uploads\/2025\/07\/philipe-36x36.png 36w, https:\/\/www.waefler-hufbeschlag.ch\/wp-content\/uploads\/2025\/07\/philipe-180x180.png 180w, https:\/\/www.waefler-hufbeschlag.ch\/wp-content\/uploads\/2025\/07\/philipe-120x120.png 120w, https:\/\/www.waefler-hufbeschlag.ch\/wp-content\/uploads\/2025\/07\/philipe-450x450.png 450w, https:\/\/www.waefler-hufbeschlag.ch\/wp-content\/uploads\/2025\/07\/philipe-100x100.png 100w, https:\/\/www.waefler-hufbeschlag.ch\/wp-content\/uploads\/2025\/07\/philipe-60x60.png 60w, https:\/\/www.waefler-hufbeschlag.ch\/wp-content\/uploads\/2025\/07\/philipe-90x90.png 90w\" sizes=\"(max-width: 500px) 100vw, 500px\" \/><\/div><\/div><\/div>\n<\/div><\/div>\n<style type=\"text\/css\" data-created_by=\"avia_inline_auto\" id=\"style-css-av-1holb-65469c57214e5731fbc2ec91145505f0\">\n.flex_cell.av-1holb-65469c57214e5731fbc2ec91145505f0{\nvertical-align:top;\n}\n<\/style>\n<div class='flex_cell av-1holb-65469c57214e5731fbc2ec91145505f0 av-gridrow-cell av_two_fifth no_margin  avia-builder-el-32  el_after_av_cell_one_fifth  el_before_av_cell_one_fifth  content-align-top'  ><div class='flex_cell_inner'><section  class='av_textblock_section av-mdahrkvf-1a3cb626756ccc7f78a5673b05a80ba6 '   itemscope=\"itemscope\" itemtype=\"https:\/\/schema.org\/CreativeWork\" ><div class='avia_textblock'  itemprop=\"text\" ><h3>Philipe Baumberger<\/h3>\n<p>In Ausbildung zur Hufschmied EFZ<\/p>\n<\/div><\/section>\n<\/div><\/div>\n<style type=\"text\/css\" data-created_by=\"avia_inline_auto\" id=\"style-css-av-vt8v-6100c378e7a870529a084f6601b1b198\">\n.flex_cell.av-vt8v-6100c378e7a870529a084f6601b1b198{\nvertical-align:top;\n}\n<\/style>\n<div class='flex_cell av-vt8v-6100c378e7a870529a084f6601b1b198 av-gridrow-cell av_one_fifth no_margin  avia-builder-el-34  el_after_av_cell_two_fifth  avia-builder-el-last  content-align-top'  ><div class='flex_cell_inner'><\/div><\/div>\n<\/div>\n","protected":false},"excerpt":{"rendered":"","protected":false},"author":1,"featured_media":0,"parent":0,"menu_order":0,"comment_status":"closed","ping_status":"closed","template":"","meta":{"footnotes":""},"class_list":["post-39","page","type-page","status-publish","hentry"],"_links":{"self":[{"href":"https:\/\/www.waefler-hufbeschlag.ch\/index.php?rest_route=\/wp\/v2\/pages\/39","targetHints":{"allow":["GET"]}}],"collection":[{"href":"https:\/\/www.waefler-hufbeschlag.ch\/index.php?rest_route=\/wp\/v2\/pages"}],"about":[{"href":"https:\/\/www.waefler-hufbeschlag.ch\/index.php?rest_route=\/wp\/v2\/types\/page"}],"author":[{"embeddable":true,"href":"https:\/\/www.waefler-hufbeschlag.ch\/index.php?rest_route=\/wp\/v2\/users\/1"}],"replies":[{"embeddable":true,"href":"https:\/\/www.waefler-hufbeschlag.ch\/index.php?rest_route=%2Fwp%2Fv2%2Fcomments&post=39"}],"version-history":[{"count":34,"href":"https:\/\/www.waefler-hufbeschlag.ch\/index.php?rest_route=\/wp\/v2\/pages\/39\/revisions"}],"predecessor-version":[{"id":9133,"href":"https:\/\/www.waefler-hufbeschlag.ch\/index.php?rest_route=\/wp\/v2\/pages\/39\/revisions\/9133"}],"wp:attachment":[{"href":"https:\/\/www.waefler-hufbeschlag.ch\/index.php?rest_route=%2Fwp%2Fv2%2Fmedia&parent=39"}],"curies":[{"name":"wp","href":"https:\/\/api.w.org\/{rel}","templated":true}]}}