{"id":324,"date":"2019-04-24T19:20:53","date_gmt":"2019-04-24T17:20:53","guid":{"rendered":"https:\/\/www.waefler-hufbeschlag.ch\/?page_id=324"},"modified":"2025-07-27T12:39:34","modified_gmt":"2025-07-27T10:39:34","slug":"alternativbeschlaege-2","status":"publish","type":"page","link":"https:\/\/www.waefler-hufbeschlag.ch\/?page_id=324","title":{"rendered":"Alternativbeschl\u00e4ge"},"content":{"rendered":"\n<style type=\"text\/css\" data-created_by=\"avia_inline_auto\" id=\"style-css-av-mdljftlo-d7fc95db383e2f48e920c61c6686efe1\">\n#top .av-special-heading.av-mdljftlo-d7fc95db383e2f48e920c61c6686efe1{\npadding-bottom:10px;\n}\nbody .av-special-heading.av-mdljftlo-d7fc95db383e2f48e920c61c6686efe1 .av-special-heading-tag .heading-char{\nfont-size:25px;\n}\n.av-special-heading.av-mdljftlo-d7fc95db383e2f48e920c61c6686efe1 .av-subheading{\nfont-size:15px;\n}\n<\/style>\n<div  class='av-special-heading av-mdljftlo-d7fc95db383e2f48e920c61c6686efe1 av-special-heading-h3  avia-builder-el-0  el_before_av_two_third  avia-builder-el-first '><h3 class='av-special-heading-tag '  itemprop=\"headline\"  >Alternativbeschl\u00e4ge<\/h3><div class=\"special-heading-border\"><div class=\"special-heading-inner-border\"><\/div><\/div><\/div>\n<div  class='flex_column av-1d4844-f760aab72667032d88cad5b7437794de av_two_third  avia-builder-el-1  el_after_av_heading  el_before_av_one_third  first flex_column_div  '     ><section  class='av_textblock_section av-mdljfjp2-75a07552dc6771e662809e16b3009c7b '   itemscope=\"itemscope\" itemtype=\"https:\/\/schema.org\/CreativeWork\" ><div class='avia_textblock'  itemprop=\"text\" ><p>Immer neue Alternativen zum herk\u00f6mmlichen Hufeisenbeschlag werden gesucht und zum Teil gefunden. Vor allem den Freizeitreitern m\u00f6chte man hiermit ein neues Produkt anbieten. Es ist uns ein Anliegen, solche Produkte meiner Kundschaft nicht vorzuenthalten und ihre W\u00fcnsche bestm\u00f6glichst zu erf\u00fcllen. Die Alternativbeschl\u00e4ge sind aufgenagelte Plastikhufeisen mit oder ohne metallischen Innenteil. Der schlagd\u00e4mpfende Effekt ist bei diesen Produkten wesentlich besser als bei Hufeisen aus Stahl. Bei einer Umstellung ist es sehr wichtig, dass sich der Pferdebesitzer vorher gut informiert. Bei Interesse beraten wir Sie vor Ort und stellen Ihnen die g\u00e4ngigsten Produkte vor. Das bewertest Produkt auf dem Markt ist zurzeit der Duplo-Beschlag. Es wird in vielen Gruppenhaltungen genutzt, wo einen Eisenbeschlag nicht erlaubt ist. Bei Stuten mit Fohlen<\/p>\n<p class=\"has-medium-font-size\"><strong>Duplo-Beschlag<\/strong><\/p>\n<p>Der Duplo-Beschlag besteht aus einem weichen Kunststoff (TPU), der um eine lasergeschnittene Blechplatte gegossen wird. In dieser Metalleinlage finden die K\u00f6pfe der Hufn\u00e4gel zuverl\u00e4ssig Halt. Die Nagell\u00f6cher sind als Langl\u00f6cher quer zur weissen Linie angeordnet \u2013 anders als beim Hufeisen, dessen Langl\u00f6cher l\u00e4ngs der weissen Linie liegen. So k\u00f6nnen wir unabh\u00e4ngig von Hufform und Dicke der Hufwand die Hufn\u00e4gel pr\u00e4zise und direkt im Hufhorn ansetzen, je nach Bedarf weiter aussen oder mehr innen. Weder N\u00e4gel noch Nageltechnik unterscheiden sich wesentlich vom Beschlagen eines Pferdes mit normalen Hufeisen.<\/p>\n<p>Die Metalleinlage macht den Beschlag da steif, wo er es sein soll, n\u00e4mlich vorne. Nach hinten ist der Beschlag sehr flexibel, die Verwindungsf\u00e4higkeit des Hufes wird nur minimal beeinflusst. Der Verdrehschutz unter dem Pferdehuf wird durch ein Noppenprofil aus einer Kunststoffkomponente erreicht, das in den weicheren Kunststoff eingearbeitet wird. Es gibt ausserdem Modelle mit Seitenkappen, die unmittelbar mit dem Metallkern verbunden sind und so zus\u00e4tzlich dem Verdrehen des Beschlags am Huf entgegenwirken. Bei der Standard-Version der Duplos wird aus dem weichen Kunststoff eine Lippe um die innere \u00d6ffnung des Beschlags gegossen. Diese Lasche verhindert das Aufstollen von Schnee oder Matsch im Winter.<\/p>\n<div id=\"attachment_9102\" style=\"width: 264px\" class=\"wp-caption alignright\"><img loading=\"lazy\" decoding=\"async\" aria-describedby=\"caption-attachment-9102\" class=\"wp-image-9102\" src=\"https:\/\/www.waefler-hufbeschlag.ch\/wp-content\/uploads\/2025\/07\/STS20Extra20mit20Kappen20rund.png\" alt=\"\" width=\"254\" height=\"254\" srcset=\"https:\/\/www.waefler-hufbeschlag.ch\/wp-content\/uploads\/2025\/07\/STS20Extra20mit20Kappen20rund.png 500w, https:\/\/www.waefler-hufbeschlag.ch\/wp-content\/uploads\/2025\/07\/STS20Extra20mit20Kappen20rund-300x300.png 300w, https:\/\/www.waefler-hufbeschlag.ch\/wp-content\/uploads\/2025\/07\/STS20Extra20mit20Kappen20rund-80x80.png 80w, https:\/\/www.waefler-hufbeschlag.ch\/wp-content\/uploads\/2025\/07\/STS20Extra20mit20Kappen20rund-36x36.png 36w, https:\/\/www.waefler-hufbeschlag.ch\/wp-content\/uploads\/2025\/07\/STS20Extra20mit20Kappen20rund-180x180.png 180w, https:\/\/www.waefler-hufbeschlag.ch\/wp-content\/uploads\/2025\/07\/STS20Extra20mit20Kappen20rund-120x120.png 120w, https:\/\/www.waefler-hufbeschlag.ch\/wp-content\/uploads\/2025\/07\/STS20Extra20mit20Kappen20rund-450x450.png 450w, https:\/\/www.waefler-hufbeschlag.ch\/wp-content\/uploads\/2025\/07\/STS20Extra20mit20Kappen20rund-100x100.png 100w\" sizes=\"auto, (max-width: 254px) 100vw, 254px\" \/><p id=\"caption-attachment-9102\" class=\"wp-caption-text\">STS breiter Zehenbereich<\/p><\/div>\n<div id=\"attachment_9101\" style=\"width: 264px\" class=\"wp-caption alignleft\"><img loading=\"lazy\" decoding=\"async\" aria-describedby=\"caption-attachment-9101\" class=\"wp-image-9101\" src=\"https:\/\/www.waefler-hufbeschlag.ch\/wp-content\/uploads\/2025\/07\/zehenoffener20Beschlag20klein.png\" alt=\"\" width=\"254\" height=\"254\" srcset=\"https:\/\/www.waefler-hufbeschlag.ch\/wp-content\/uploads\/2025\/07\/zehenoffener20Beschlag20klein.png 500w, https:\/\/www.waefler-hufbeschlag.ch\/wp-content\/uploads\/2025\/07\/zehenoffener20Beschlag20klein-300x300.png 300w, https:\/\/www.waefler-hufbeschlag.ch\/wp-content\/uploads\/2025\/07\/zehenoffener20Beschlag20klein-80x80.png 80w, https:\/\/www.waefler-hufbeschlag.ch\/wp-content\/uploads\/2025\/07\/zehenoffener20Beschlag20klein-36x36.png 36w, https:\/\/www.waefler-hufbeschlag.ch\/wp-content\/uploads\/2025\/07\/zehenoffener20Beschlag20klein-180x180.png 180w, https:\/\/www.waefler-hufbeschlag.ch\/wp-content\/uploads\/2025\/07\/zehenoffener20Beschlag20klein-120x120.png 120w, https:\/\/www.waefler-hufbeschlag.ch\/wp-content\/uploads\/2025\/07\/zehenoffener20Beschlag20klein-450x450.png 450w, https:\/\/www.waefler-hufbeschlag.ch\/wp-content\/uploads\/2025\/07\/zehenoffener20Beschlag20klein-100x100.png 100w\" sizes=\"auto, (max-width: 254px) 100vw, 254px\" \/><p id=\"caption-attachment-9101\" class=\"wp-caption-text\">Zehenoffener Beschlag<\/p><\/div>\n<\/div><\/section><\/div>\n<div  class='flex_column av-1a02b0-f1207a9ff74f9646fa057bb9133bc3ed av_one_third  avia-builder-el-3  el_after_av_two_third  el_before_av_one_fifth  flex_column_div  '     ><p>\n<style type=\"text\/css\" data-created_by=\"avia_inline_auto\" id=\"style-css-av-mdljl2my-cd091fde4717e484ed3518b2e1668b8a\">\n.avia-image-container.av-mdljl2my-cd091fde4717e484ed3518b2e1668b8a img.avia_image{\nbox-shadow:none;\n}\n.avia-image-container.av-mdljl2my-cd091fde4717e484ed3518b2e1668b8a .av-image-caption-overlay-center{\ncolor:#ffffff;\n}\n<\/style>\n<div  class='avia-image-container av-mdljl2my-cd091fde4717e484ed3518b2e1668b8a av-styling- avia-align-center  avia-builder-el-4  el_before_av_image  avia-builder-el-first '   itemprop=\"image\" itemscope=\"itemscope\" itemtype=\"https:\/\/schema.org\/ImageObject\" ><div class=\"avia-image-container-inner\"><div class=\"avia-image-overlay-wrap\"><img decoding=\"async\" fetchpriority=\"high\" class='wp-image-9099 avia-img-lazy-loading-not-9099 avia_image ' src=\"https:\/\/www.waefler-hufbeschlag.ch\/wp-content\/uploads\/2025\/07\/Duplo-3.png\" alt='' title='Duplo-3'  height=\"500\" width=\"500\"  itemprop=\"thumbnailUrl\" srcset=\"https:\/\/www.waefler-hufbeschlag.ch\/wp-content\/uploads\/2025\/07\/Duplo-3.png 500w, https:\/\/www.waefler-hufbeschlag.ch\/wp-content\/uploads\/2025\/07\/Duplo-3-300x300.png 300w, https:\/\/www.waefler-hufbeschlag.ch\/wp-content\/uploads\/2025\/07\/Duplo-3-80x80.png 80w, https:\/\/www.waefler-hufbeschlag.ch\/wp-content\/uploads\/2025\/07\/Duplo-3-36x36.png 36w, https:\/\/www.waefler-hufbeschlag.ch\/wp-content\/uploads\/2025\/07\/Duplo-3-180x180.png 180w, https:\/\/www.waefler-hufbeschlag.ch\/wp-content\/uploads\/2025\/07\/Duplo-3-120x120.png 120w, https:\/\/www.waefler-hufbeschlag.ch\/wp-content\/uploads\/2025\/07\/Duplo-3-450x450.png 450w, https:\/\/www.waefler-hufbeschlag.ch\/wp-content\/uploads\/2025\/07\/Duplo-3-100x100.png 100w\" sizes=\"(max-width: 500px) 100vw, 500px\" \/><\/div><\/div><\/div><br \/>\n\n<style type=\"text\/css\" data-created_by=\"avia_inline_auto\" id=\"style-css-av-mdljl992-0f39de0880115d0e16a9bdf7fb489898\">\n.avia-image-container.av-mdljl992-0f39de0880115d0e16a9bdf7fb489898 img.avia_image{\nbox-shadow:none;\n}\n.avia-image-container.av-mdljl992-0f39de0880115d0e16a9bdf7fb489898 .av-image-caption-overlay-center{\ncolor:#ffffff;\n}\n<\/style>\n<div  class='avia-image-container av-mdljl992-0f39de0880115d0e16a9bdf7fb489898 av-styling- avia-align-center  avia-builder-el-5  el_after_av_image  avia-builder-el-last '   itemprop=\"image\" itemscope=\"itemscope\" itemtype=\"https:\/\/schema.org\/ImageObject\" ><div class=\"avia-image-container-inner\"><div class=\"avia-image-overlay-wrap\"><img decoding=\"async\" fetchpriority=\"high\" class='wp-image-9100 avia-img-lazy-loading-not-9100 avia_image ' src=\"https:\/\/www.waefler-hufbeschlag.ch\/wp-content\/uploads\/2025\/07\/Duplos-Klein.png\" alt='' title='Duplos-Klein'  height=\"500\" width=\"500\"  itemprop=\"thumbnailUrl\" srcset=\"https:\/\/www.waefler-hufbeschlag.ch\/wp-content\/uploads\/2025\/07\/Duplos-Klein.png 500w, https:\/\/www.waefler-hufbeschlag.ch\/wp-content\/uploads\/2025\/07\/Duplos-Klein-300x300.png 300w, https:\/\/www.waefler-hufbeschlag.ch\/wp-content\/uploads\/2025\/07\/Duplos-Klein-80x80.png 80w, https:\/\/www.waefler-hufbeschlag.ch\/wp-content\/uploads\/2025\/07\/Duplos-Klein-36x36.png 36w, https:\/\/www.waefler-hufbeschlag.ch\/wp-content\/uploads\/2025\/07\/Duplos-Klein-180x180.png 180w, https:\/\/www.waefler-hufbeschlag.ch\/wp-content\/uploads\/2025\/07\/Duplos-Klein-120x120.png 120w, https:\/\/www.waefler-hufbeschlag.ch\/wp-content\/uploads\/2025\/07\/Duplos-Klein-450x450.png 450w, https:\/\/www.waefler-hufbeschlag.ch\/wp-content\/uploads\/2025\/07\/Duplos-Klein-100x100.png 100w\" sizes=\"(max-width: 500px) 100vw, 500px\" \/><\/div><\/div><\/div><\/p><\/div>\n<div  class='flex_column av-10zkz8-addfb0b5b1b0ed75546bcb09dcfa5b1f av_one_fifth  avia-builder-el-6  el_after_av_one_third  el_before_av_one_fifth  first flex_column_div  column-top-margin'     ><style type=\"text\/css\" data-created_by=\"avia_inline_auto\" id=\"style-css-av-mdljjms7-7b8de51360b8568120d17b1cdc5cede5\">\n.avia-image-container.av-mdljjms7-7b8de51360b8568120d17b1cdc5cede5 img.avia_image{\nbox-shadow:none;\n}\n.avia-image-container.av-mdljjms7-7b8de51360b8568120d17b1cdc5cede5 .av-image-caption-overlay-center{\ncolor:#ffffff;\n}\n<\/style>\n<div  class='avia-image-container av-mdljjms7-7b8de51360b8568120d17b1cdc5cede5 av-styling- avia-align-center  avia-builder-el-7  avia-builder-el-no-sibling '   itemprop=\"image\" itemscope=\"itemscope\" itemtype=\"https:\/\/schema.org\/ImageObject\" ><div class=\"avia-image-container-inner\"><div class=\"avia-image-overlay-wrap\"><img decoding=\"async\" fetchpriority=\"high\" class='wp-image-9104 avia-img-lazy-loading-not-9104 avia_image ' src=\"https:\/\/www.waefler-hufbeschlag.ch\/wp-content\/uploads\/2025\/07\/IMG_20221020_103713_0-600x800-1.png\" alt='' title='IMG_20221020_103713_0-600x800'  height=\"500\" width=\"500\"  itemprop=\"thumbnailUrl\" srcset=\"https:\/\/www.waefler-hufbeschlag.ch\/wp-content\/uploads\/2025\/07\/IMG_20221020_103713_0-600x800-1.png 500w, https:\/\/www.waefler-hufbeschlag.ch\/wp-content\/uploads\/2025\/07\/IMG_20221020_103713_0-600x800-1-300x300.png 300w, https:\/\/www.waefler-hufbeschlag.ch\/wp-content\/uploads\/2025\/07\/IMG_20221020_103713_0-600x800-1-80x80.png 80w, https:\/\/www.waefler-hufbeschlag.ch\/wp-content\/uploads\/2025\/07\/IMG_20221020_103713_0-600x800-1-36x36.png 36w, https:\/\/www.waefler-hufbeschlag.ch\/wp-content\/uploads\/2025\/07\/IMG_20221020_103713_0-600x800-1-180x180.png 180w, https:\/\/www.waefler-hufbeschlag.ch\/wp-content\/uploads\/2025\/07\/IMG_20221020_103713_0-600x800-1-120x120.png 120w, https:\/\/www.waefler-hufbeschlag.ch\/wp-content\/uploads\/2025\/07\/IMG_20221020_103713_0-600x800-1-450x450.png 450w, https:\/\/www.waefler-hufbeschlag.ch\/wp-content\/uploads\/2025\/07\/IMG_20221020_103713_0-600x800-1-100x100.png 100w\" sizes=\"(max-width: 500px) 100vw, 500px\" \/><\/div><\/div><\/div><\/div>\n<div  class='flex_column av-x1ggs-616a44eda6a627779e1c8fb8b804ac39 av_one_fifth  avia-builder-el-8  el_after_av_one_fifth  el_before_av_one_fifth  flex_column_div  column-top-margin'     ><style type=\"text\/css\" data-created_by=\"avia_inline_auto\" id=\"style-css-av-mdljmhnj-567bdf9be123c3790fc4a59b3733cfe2\">\n.avia-image-container.av-mdljmhnj-567bdf9be123c3790fc4a59b3733cfe2 img.avia_image{\nbox-shadow:none;\n}\n.avia-image-container.av-mdljmhnj-567bdf9be123c3790fc4a59b3733cfe2 .av-image-caption-overlay-center{\ncolor:#ffffff;\n}\n<\/style>\n<div  class='avia-image-container av-mdljmhnj-567bdf9be123c3790fc4a59b3733cfe2 av-styling- avia-align-center  avia-builder-el-9  avia-builder-el-no-sibling '   itemprop=\"image\" itemscope=\"itemscope\" itemtype=\"https:\/\/schema.org\/ImageObject\" ><div class=\"avia-image-container-inner\"><div class=\"avia-image-overlay-wrap\"><img decoding=\"async\" fetchpriority=\"high\" class='wp-image-9105 avia-img-lazy-loading-not-9105 avia_image ' src=\"https:\/\/www.waefler-hufbeschlag.ch\/wp-content\/uploads\/2025\/07\/IMG-20220915-WA0034-1-600x800-1.png\" alt='' title='IMG-20220915-WA0034-1-600x800'  height=\"500\" width=\"500\"  itemprop=\"thumbnailUrl\" srcset=\"https:\/\/www.waefler-hufbeschlag.ch\/wp-content\/uploads\/2025\/07\/IMG-20220915-WA0034-1-600x800-1.png 500w, https:\/\/www.waefler-hufbeschlag.ch\/wp-content\/uploads\/2025\/07\/IMG-20220915-WA0034-1-600x800-1-300x300.png 300w, https:\/\/www.waefler-hufbeschlag.ch\/wp-content\/uploads\/2025\/07\/IMG-20220915-WA0034-1-600x800-1-80x80.png 80w, https:\/\/www.waefler-hufbeschlag.ch\/wp-content\/uploads\/2025\/07\/IMG-20220915-WA0034-1-600x800-1-36x36.png 36w, https:\/\/www.waefler-hufbeschlag.ch\/wp-content\/uploads\/2025\/07\/IMG-20220915-WA0034-1-600x800-1-180x180.png 180w, https:\/\/www.waefler-hufbeschlag.ch\/wp-content\/uploads\/2025\/07\/IMG-20220915-WA0034-1-600x800-1-120x120.png 120w, https:\/\/www.waefler-hufbeschlag.ch\/wp-content\/uploads\/2025\/07\/IMG-20220915-WA0034-1-600x800-1-450x450.png 450w, https:\/\/www.waefler-hufbeschlag.ch\/wp-content\/uploads\/2025\/07\/IMG-20220915-WA0034-1-600x800-1-100x100.png 100w\" sizes=\"(max-width: 500px) 100vw, 500px\" \/><\/div><\/div><\/div><\/div>\n<div  class='flex_column av-q867w-990274904ab70f1192048635cd87e446 av_one_fifth  avia-builder-el-10  el_after_av_one_fifth  el_before_av_one_fifth  flex_column_div  column-top-margin'     ><style type=\"text\/css\" data-created_by=\"avia_inline_auto\" id=\"style-css-av-kocjo-eb340195ceef9278092cb2dd401f11f7\">\n.avia-image-container.av-kocjo-eb340195ceef9278092cb2dd401f11f7 img.avia_image{\nbox-shadow:none;\n}\n.avia-image-container.av-kocjo-eb340195ceef9278092cb2dd401f11f7 .av-image-caption-overlay-center{\ncolor:#ffffff;\n}\n<\/style>\n<div  class='avia-image-container av-kocjo-eb340195ceef9278092cb2dd401f11f7 av-styling- avia-align-center  avia-builder-el-11  avia-builder-el-no-sibling '   itemprop=\"image\" itemscope=\"itemscope\" itemtype=\"https:\/\/schema.org\/ImageObject\" ><div class=\"avia-image-container-inner\"><div class=\"avia-image-overlay-wrap\"><img decoding=\"async\" fetchpriority=\"high\" class='wp-image-9103 avia-img-lazy-loading-not-9103 avia_image ' src=\"https:\/\/www.waefler-hufbeschlag.ch\/wp-content\/uploads\/2025\/07\/IMG_20210717_152612_0-600x746-1.png\" alt='' title='IMG_20210717_152612_0-600x746'  height=\"500\" width=\"500\"  itemprop=\"thumbnailUrl\" srcset=\"https:\/\/www.waefler-hufbeschlag.ch\/wp-content\/uploads\/2025\/07\/IMG_20210717_152612_0-600x746-1.png 500w, https:\/\/www.waefler-hufbeschlag.ch\/wp-content\/uploads\/2025\/07\/IMG_20210717_152612_0-600x746-1-300x300.png 300w, https:\/\/www.waefler-hufbeschlag.ch\/wp-content\/uploads\/2025\/07\/IMG_20210717_152612_0-600x746-1-80x80.png 80w, https:\/\/www.waefler-hufbeschlag.ch\/wp-content\/uploads\/2025\/07\/IMG_20210717_152612_0-600x746-1-36x36.png 36w, https:\/\/www.waefler-hufbeschlag.ch\/wp-content\/uploads\/2025\/07\/IMG_20210717_152612_0-600x746-1-180x180.png 180w, https:\/\/www.waefler-hufbeschlag.ch\/wp-content\/uploads\/2025\/07\/IMG_20210717_152612_0-600x746-1-120x120.png 120w, https:\/\/www.waefler-hufbeschlag.ch\/wp-content\/uploads\/2025\/07\/IMG_20210717_152612_0-600x746-1-450x450.png 450w, https:\/\/www.waefler-hufbeschlag.ch\/wp-content\/uploads\/2025\/07\/IMG_20210717_152612_0-600x746-1-100x100.png 100w\" sizes=\"(max-width: 500px) 100vw, 500px\" \/><\/div><\/div><\/div><\/div>\n<div  class='flex_column av-e9m7w-151cbeb5e1e193757f59017534b08e05 av_one_fifth  avia-builder-el-12  el_after_av_one_fifth  el_before_av_one_fifth  flex_column_div  column-top-margin'     ><style type=\"text\/css\" data-created_by=\"avia_inline_auto\" id=\"style-css-av-mdljjyqk-7326206ebca7e3fb13497b5d55c3b18a\">\n.avia-image-container.av-mdljjyqk-7326206ebca7e3fb13497b5d55c3b18a img.avia_image{\nbox-shadow:none;\n}\n.avia-image-container.av-mdljjyqk-7326206ebca7e3fb13497b5d55c3b18a .av-image-caption-overlay-center{\ncolor:#ffffff;\n}\n<\/style>\n<div  class='avia-image-container av-mdljjyqk-7326206ebca7e3fb13497b5d55c3b18a av-styling- avia-align-center  avia-builder-el-13  avia-builder-el-no-sibling '   itemprop=\"image\" itemscope=\"itemscope\" itemtype=\"https:\/\/schema.org\/ImageObject\" ><div class=\"avia-image-container-inner\"><div class=\"avia-image-overlay-wrap\"><img decoding=\"async\" fetchpriority=\"high\" class='wp-image-9107 avia-img-lazy-loading-not-9107 avia_image ' src=\"https:\/\/www.waefler-hufbeschlag.ch\/wp-content\/uploads\/2025\/07\/Baeertschi-HP-Sohlenseite-scaled-600x800-1.png\" alt='' title='Ba\u0308ertschi-HP-Sohlenseite-scaled-600x800'  height=\"500\" width=\"500\"  itemprop=\"thumbnailUrl\" srcset=\"https:\/\/www.waefler-hufbeschlag.ch\/wp-content\/uploads\/2025\/07\/Baeertschi-HP-Sohlenseite-scaled-600x800-1.png 500w, https:\/\/www.waefler-hufbeschlag.ch\/wp-content\/uploads\/2025\/07\/Baeertschi-HP-Sohlenseite-scaled-600x800-1-300x300.png 300w, https:\/\/www.waefler-hufbeschlag.ch\/wp-content\/uploads\/2025\/07\/Baeertschi-HP-Sohlenseite-scaled-600x800-1-80x80.png 80w, https:\/\/www.waefler-hufbeschlag.ch\/wp-content\/uploads\/2025\/07\/Baeertschi-HP-Sohlenseite-scaled-600x800-1-36x36.png 36w, https:\/\/www.waefler-hufbeschlag.ch\/wp-content\/uploads\/2025\/07\/Baeertschi-HP-Sohlenseite-scaled-600x800-1-180x180.png 180w, https:\/\/www.waefler-hufbeschlag.ch\/wp-content\/uploads\/2025\/07\/Baeertschi-HP-Sohlenseite-scaled-600x800-1-120x120.png 120w, https:\/\/www.waefler-hufbeschlag.ch\/wp-content\/uploads\/2025\/07\/Baeertschi-HP-Sohlenseite-scaled-600x800-1-450x450.png 450w, https:\/\/www.waefler-hufbeschlag.ch\/wp-content\/uploads\/2025\/07\/Baeertschi-HP-Sohlenseite-scaled-600x800-1-100x100.png 100w\" sizes=\"(max-width: 500px) 100vw, 500px\" \/><\/div><\/div><\/div><\/div>\n<div  class='flex_column av-blyjo-132faa5638889974a10f429da4238f6b av_one_fifth  avia-builder-el-14  el_after_av_one_fifth  el_before_av_textblock  flex_column_div  column-top-margin'     ><style type=\"text\/css\" data-created_by=\"avia_inline_auto\" id=\"style-css-av-mdljk6w7-8d580d0e319f9ac23f5e034f66089bdc\">\n.avia-image-container.av-mdljk6w7-8d580d0e319f9ac23f5e034f66089bdc img.avia_image{\nbox-shadow:none;\n}\n.avia-image-container.av-mdljk6w7-8d580d0e319f9ac23f5e034f66089bdc .av-image-caption-overlay-center{\ncolor:#ffffff;\n}\n<\/style>\n<div  class='avia-image-container av-mdljk6w7-8d580d0e319f9ac23f5e034f66089bdc av-styling- avia-align-center  avia-builder-el-15  avia-builder-el-no-sibling '   itemprop=\"image\" itemscope=\"itemscope\" itemtype=\"https:\/\/schema.org\/ImageObject\" ><div class=\"avia-image-container-inner\"><div class=\"avia-image-overlay-wrap\"><img decoding=\"async\" fetchpriority=\"high\" class='wp-image-9098 avia-img-lazy-loading-not-9098 avia_image ' src=\"https:\/\/www.waefler-hufbeschlag.ch\/wp-content\/uploads\/2025\/07\/IMG_20180512_161653-scaled-600x450-1.png\" alt='' title='IMG_20180512_161653-scaled-600x450'  height=\"500\" width=\"500\"  itemprop=\"thumbnailUrl\" srcset=\"https:\/\/www.waefler-hufbeschlag.ch\/wp-content\/uploads\/2025\/07\/IMG_20180512_161653-scaled-600x450-1.png 500w, https:\/\/www.waefler-hufbeschlag.ch\/wp-content\/uploads\/2025\/07\/IMG_20180512_161653-scaled-600x450-1-300x300.png 300w, https:\/\/www.waefler-hufbeschlag.ch\/wp-content\/uploads\/2025\/07\/IMG_20180512_161653-scaled-600x450-1-80x80.png 80w, https:\/\/www.waefler-hufbeschlag.ch\/wp-content\/uploads\/2025\/07\/IMG_20180512_161653-scaled-600x450-1-36x36.png 36w, https:\/\/www.waefler-hufbeschlag.ch\/wp-content\/uploads\/2025\/07\/IMG_20180512_161653-scaled-600x450-1-180x180.png 180w, https:\/\/www.waefler-hufbeschlag.ch\/wp-content\/uploads\/2025\/07\/IMG_20180512_161653-scaled-600x450-1-120x120.png 120w, https:\/\/www.waefler-hufbeschlag.ch\/wp-content\/uploads\/2025\/07\/IMG_20180512_161653-scaled-600x450-1-450x450.png 450w, https:\/\/www.waefler-hufbeschlag.ch\/wp-content\/uploads\/2025\/07\/IMG_20180512_161653-scaled-600x450-1-100x100.png 100w\" sizes=\"(max-width: 500px) 100vw, 500px\" \/><\/div><\/div><\/div><\/div>\n<section  class='av_textblock_section av-mdljkmpe-fe6fa9c39247c4a33a3a36474f0859d5 '   itemscope=\"itemscope\" itemtype=\"https:\/\/schema.org\/CreativeWork\" ><div class='avia_textblock'  itemprop=\"text\" ><p><strong>Alternativer Hufschutz wird Heute auch gerne geklebt.<\/strong> Hier ein paar Fotos von den Produkten die wir anbieten.<\/p>\n<\/div><\/section>\n","protected":false},"excerpt":{"rendered":"","protected":false},"author":1,"featured_media":0,"parent":0,"menu_order":7,"comment_status":"closed","ping_status":"closed","template":"","meta":{"footnotes":""},"class_list":["post-324","page","type-page","status-publish","hentry"],"_links":{"self":[{"href":"https:\/\/www.waefler-hufbeschlag.ch\/index.php?rest_route=\/wp\/v2\/pages\/324","targetHints":{"allow":["GET"]}}],"collection":[{"href":"https:\/\/www.waefler-hufbeschlag.ch\/index.php?rest_route=\/wp\/v2\/pages"}],"about":[{"href":"https:\/\/www.waefler-hufbeschlag.ch\/index.php?rest_route=\/wp\/v2\/types\/page"}],"author":[{"embeddable":true,"href":"https:\/\/www.waefler-hufbeschlag.ch\/index.php?rest_route=\/wp\/v2\/users\/1"}],"replies":[{"embeddable":true,"href":"https:\/\/www.waefler-hufbeschlag.ch\/index.php?rest_route=%2Fwp%2Fv2%2Fcomments&post=324"}],"version-history":[{"count":17,"href":"https:\/\/www.waefler-hufbeschlag.ch\/index.php?rest_route=\/wp\/v2\/pages\/324\/revisions"}],"predecessor-version":[{"id":9111,"href":"https:\/\/www.waefler-hufbeschlag.ch\/index.php?rest_route=\/wp\/v2\/pages\/324\/revisions\/9111"}],"wp:attachment":[{"href":"https:\/\/www.waefler-hufbeschlag.ch\/index.php?rest_route=%2Fwp%2Fv2%2Fmedia&parent=324"}],"curies":[{"name":"wp","href":"https:\/\/api.w.org\/{rel}","templated":true}]}}