{"id":1319,"date":"2021-01-08T17:30:49","date_gmt":"2021-01-08T16:30:49","guid":{"rendered":"https:\/\/www.waefler-hufbeschlag.ch\/?page_id=1319"},"modified":"2021-01-08T17:54:44","modified_gmt":"2021-01-08T16:54:44","slug":"montageanleitung-hufkitt","status":"publish","type":"page","link":"https:\/\/www.waefler-hufbeschlag.ch\/?page_id=1319","title":{"rendered":"Montageanleitung Hufkitt"},"content":{"rendered":"<p>[et_pb_section fb_built=&#8220;1&#8243; _builder_version=&#8220;3.22&#8243;][et_pb_row _builder_version=&#8220;3.25&#8243; background_size=&#8220;initial&#8220; background_position=&#8220;top_left&#8220; background_repeat=&#8220;repeat&#8220;][et_pb_column type=&#8220;4_4&#8243; _builder_version=&#8220;3.25&#8243; custom_padding=&#8220;|||&#8220; custom_padding__hover=&#8220;|||&#8220;][et_pb_text _builder_version=&#8220;3.27.4&#8243; background_size=&#8220;initial&#8220; background_position=&#8220;top_left&#8220; background_repeat=&#8220;repeat&#8220;]<!-- divi:paragraph --><\/p>\n<p>Hufkitt Gelb F\u00fcr ein durchschnittliches Pferd (Halbblut) ben\u00f6tigen Sie 4 Tafeln des Huflederkitt. Eine Tafel wiegt 150 gr.<\/p>\n<p><!-- \/divi:paragraph --> <!-- divi:paragraph --><\/p>\n<p>F\u00fcr die Arbeiten mit Huflederkitt soll das Pferd auf einem gereinigten und Harten Boden stehen (kein Naturboden). Nach Reinigung des Hufes und Auskratzen des Spaltes zwischen Eisen und Hufsohle wird der Kitt in ca. 70 \u2013 75 C warmem Wasser 10 Minuten eingeweicht, Sodas eine weiche, kaugummi\u00e4hnliche Masse entsteht (bei zu heissem Wasser wird der Kitt klebrig).<\/p>\n<p><!-- \/divi:paragraph --> <!-- divi:paragraph --><\/p>\n<p>Die Masse gut durchkneten. Pro Huf wird ungef\u00e4hr 1 Tafel (d.h. ca. 120-150 gr.) Hufkitt ben\u00f6tigt.<\/p>\n<p><!-- \/divi:paragraph --> <!-- divi:paragraph --><\/p>\n<p>Die weiche Masse wird auf die Hufsohle, unter das Hufeisen und speziell unter die Trachten des Eisens gedr\u00fcckt.<\/p>\n<p><!-- \/divi:paragraph --> <!-- divi:paragraph --><\/p>\n<p>Um eine optimale Haltbarkeit des Kittes zu erzielen, ist es wichtig, das dass Hufeisen verst\u00e4rkt abgedacht ist.<\/p>\n<p><!-- \/divi:paragraph --> <!-- divi:paragraph --><\/p>\n<p>Das Pferd muss nach Beendigung der Arbeit stehen bis sich der Kitt erkaltet ist.<\/p>\n<p><!-- \/divi:paragraph --> <!-- divi:paragraph --><\/p>\n<p>Der Kitt k\u00f6nnte \u00fcber eine ganze Beschlagsperiode im Huf belassen werden. Doch empfehlen wir das der Kitt nur dann einzusetzen ist wenn es Schnee hat und dies Max. 10 \u2013 14 Tage dann der Kitt heraus nehmen,<\/p>\n<p><!-- \/divi:paragraph --> <!-- divi:paragraph --><\/p>\n<p>Hufe reinigen Fetten und am N\u00e4chten Tag wieder einsetzen.<\/p>\n<p><!-- \/divi:paragraph --> <!-- divi:paragraph --><\/p>\n<p>Das entfernen des Kittes kann mit einem Hufkratzer erfolgen. In dem man mit dem Hufkratzen in den Eckstreben hinein greift und dann sorgf\u00e4ltig gegen die Hufspitze herauszieht.<\/p>\n<p><!-- \/divi:paragraph --> <!-- divi:paragraph --><\/p>\n<p>Wenn der Kitt nicht mehr gebraucht wird, so versorgen das man ihn beim n\u00e4chsten Schnee wieder verwenden kann.<\/p>\n<p>&nbsp;<\/p>\n<p>&nbsp;<\/p>\n<p>&nbsp;<\/p>\n<p><!-- \/divi:paragraph --> <!-- divi:gallery {\"ids\":[1320,1321],\"linkTo\":\"none\"} --><\/p>\n<figure class=\"wp-block-gallery columns-2 is-cropped\">\n<ul class=\"blocks-gallery-grid\">\n<li class=\"blocks-gallery-item\">\n<figure><img loading=\"lazy\" decoding=\"async\" width=\"433\" height=\"314\" src=\"https:\/\/www.waefler-hufbeschlag.ch\/wp-content\/uploads\/2021\/01\/802607-1-1.jpg\" alt=\"\" data-id=\"1320\" data-link=\"https:\/\/www.waefler-hufbeschlag.ch\/?attachment_id=1320\" class=\"wp-image-1320\" srcset=\"https:\/\/www.waefler-hufbeschlag.ch\/wp-content\/uploads\/2021\/01\/802607-1-1.jpg 433w, https:\/\/www.waefler-hufbeschlag.ch\/wp-content\/uploads\/2021\/01\/802607-1-1-300x218.jpg 300w\" sizes=\"auto, (max-width: 433px) 100vw, 433px\" \/><\/figure>\n<\/li>\n<li class=\"blocks-gallery-item\">\n<figure><img loading=\"lazy\" decoding=\"async\" width=\"848\" height=\"604\" src=\"https:\/\/www.waefler-hufbeschlag.ch\/wp-content\/uploads\/2021\/01\/HEBA-Form-in-huf-einpressen.jpg\" alt=\"\" data-id=\"1321\" data-full-url=\"https:\/\/www.waefler-hufbeschlag.ch\/wp-content\/uploads\/2021\/01\/HEBA-Form-in-huf-einpressen.jpg\" data-link=\"https:\/\/www.waefler-hufbeschlag.ch\/?attachment_id=1321\" class=\"wp-image-1321\" srcset=\"https:\/\/www.waefler-hufbeschlag.ch\/wp-content\/uploads\/2021\/01\/HEBA-Form-in-huf-einpressen.jpg 848w, https:\/\/www.waefler-hufbeschlag.ch\/wp-content\/uploads\/2021\/01\/HEBA-Form-in-huf-einpressen-600x427.jpg 600w, https:\/\/www.waefler-hufbeschlag.ch\/wp-content\/uploads\/2021\/01\/HEBA-Form-in-huf-einpressen-300x214.jpg 300w, https:\/\/www.waefler-hufbeschlag.ch\/wp-content\/uploads\/2021\/01\/HEBA-Form-in-huf-einpressen-768x547.jpg 768w, https:\/\/www.waefler-hufbeschlag.ch\/wp-content\/uploads\/2021\/01\/HEBA-Form-in-huf-einpressen-400x284.jpg 400w, https:\/\/www.waefler-hufbeschlag.ch\/wp-content\/uploads\/2021\/01\/HEBA-Form-in-huf-einpressen-480x342.jpg 480w\" sizes=\"auto, (max-width: 848px) 100vw, 848px\" \/><\/figure>\n<\/li>\n<\/ul>\n<\/figure>\n<p><!-- \/divi:gallery -->[\/et_pb_text][\/et_pb_column][\/et_pb_row][\/et_pb_section]<\/p>\n","protected":false},"excerpt":{"rendered":"<p>[et_pb_section fb_built=&#8220;1&#8243; _builder_version=&#8220;3.22&#8243;][et_pb_row _builder_version=&#8220;3.25&#8243; background_size=&#8220;initial&#8220; background_position=&#8220;top_left&#8220; background_repeat=&#8220;repeat&#8220;][et_pb_column type=&#8220;4_4&#8243; _builder_version=&#8220;3.25&#8243; custom_padding=&#8220;|||&#8220; custom_padding__hover=&#8220;|||&#8220;][et_pb_text _builder_version=&#8220;3.27.4&#8243; background_size=&#8220;initial&#8220; background_position=&#8220;top_left&#8220; background_repeat=&#8220;repeat&#8220;] Hufkitt Gelb F\u00fcr ein durchschnittliches Pferd (Halbblut) ben\u00f6tigen Sie 4 Tafeln des Huflederkitt. Eine Tafel wiegt 150 gr. F\u00fcr die Arbeiten mit Huflederkitt soll das Pferd auf einem gereinigten und Harten Boden stehen (kein Naturboden). Nach Reinigung des Hufes und [&hellip;]<\/p>\n","protected":false},"author":1,"featured_media":0,"parent":0,"menu_order":0,"comment_status":"closed","ping_status":"closed","template":"","meta":{"footnotes":""},"class_list":["post-1319","page","type-page","status-publish","hentry"],"_links":{"self":[{"href":"https:\/\/www.waefler-hufbeschlag.ch\/index.php?rest_route=\/wp\/v2\/pages\/1319","targetHints":{"allow":["GET"]}}],"collection":[{"href":"https:\/\/www.waefler-hufbeschlag.ch\/index.php?rest_route=\/wp\/v2\/pages"}],"about":[{"href":"https:\/\/www.waefler-hufbeschlag.ch\/index.php?rest_route=\/wp\/v2\/types\/page"}],"author":[{"embeddable":true,"href":"https:\/\/www.waefler-hufbeschlag.ch\/index.php?rest_route=\/wp\/v2\/users\/1"}],"replies":[{"embeddable":true,"href":"https:\/\/www.waefler-hufbeschlag.ch\/index.php?rest_route=%2Fwp%2Fv2%2Fcomments&post=1319"}],"version-history":[{"count":3,"href":"https:\/\/www.waefler-hufbeschlag.ch\/index.php?rest_route=\/wp\/v2\/pages\/1319\/revisions"}],"predecessor-version":[{"id":1330,"href":"https:\/\/www.waefler-hufbeschlag.ch\/index.php?rest_route=\/wp\/v2\/pages\/1319\/revisions\/1330"}],"wp:attachment":[{"href":"https:\/\/www.waefler-hufbeschlag.ch\/index.php?rest_route=%2Fwp%2Fv2%2Fmedia&parent=1319"}],"curies":[{"name":"wp","href":"https:\/\/api.w.org\/{rel}","templated":true}]}}