{"id":1300,"date":"2021-01-08T17:05:15","date_gmt":"2021-01-08T16:05:15","guid":{"rendered":"https:\/\/www.waefler-hufbeschlag.ch\/?page_id=1300"},"modified":"2025-07-25T12:42:53","modified_gmt":"2025-07-25T10:42:53","slug":"montageanleitung-und-groessenbestimmung-schnee-sohlen","status":"publish","type":"page","link":"https:\/\/www.waefler-hufbeschlag.ch\/?page_id=1300","title":{"rendered":"Montageanleitung und Gr\u00f6ssenbestimmung Schnee-Sohlen"},"content":{"rendered":"\n<p class=\"has-black-color has-text-color\">Die Schnee-Sohlen sind spezielle quadratische Plastikplatten die \u00e4usserst Abrieb- und K\u00e4ltebest\u00e4ndig sind.<\/p>\n\n\n\n<p class=\"has-black-color has-text-color\">Erh\u00e4ltlich sind Sie in 3 Gr\u00f6\u00dfen. <\/p>\n\n\n\n<p class=\"has-black-color has-text-color\">Gr\u00f6ssen: A 100x100mm, B 125x125mm, C 150x150mm<\/p>\n\n\n\n<p class=\"has-black-color has-text-color\">Die richtige Gr\u00f6sse k\u00f6nnen Sie aus dem Mass der inneren Hufeisenweite ermitteln. <\/p>\n\n\n\n<p class=\"has-black-color has-text-color\">Wichtig ist, dass Sie 10 mm hinzu z\u00e4hlen, weil die Schnee-Sohlen unter das Hufeisen geklemmt werden.<\/p>\n\n\n\n<p><strong>Gr\u00f6sse bestimmen:<\/strong><\/p>\n\n\n\n<figure class=\"wp-block-image size-large is-resized\"><img loading=\"lazy\" decoding=\"async\" src=\"https:\/\/www.waefler-hufbeschlag.ch\/wp-content\/uploads\/2021\/01\/IMG_20210108_173901_8-1.jpg\" alt=\"\" class=\"wp-image-1332\" width=\"368\" height=\"419\" srcset=\"https:\/\/www.waefler-hufbeschlag.ch\/wp-content\/uploads\/2021\/01\/IMG_20210108_173901_8-1.jpg 500w, https:\/\/www.waefler-hufbeschlag.ch\/wp-content\/uploads\/2021\/01\/IMG_20210108_173901_8-1-300x341.jpg 300w, https:\/\/www.waefler-hufbeschlag.ch\/wp-content\/uploads\/2021\/01\/IMG_20210108_173901_8-1-264x300.jpg 264w, https:\/\/www.waefler-hufbeschlag.ch\/wp-content\/uploads\/2021\/01\/IMG_20210108_173901_8-1-480x546.jpg 480w\" sizes=\"auto, (max-width: 368px) 100vw, 368px\" \/><\/figure>\n\n\n\n<p class=\"has-black-color has-text-color\">Beispiel: Die innere Hufeisenweite ist 129 mm + 15 mm, d.h. insgesamt 144 mm, weshalb die Schnee- Sohlengr\u00f6sse C (150 x 150 mm) angemessen ist.<\/p>\n\n\n\n<p class=\"has-black-color has-text-color\"><strong>Zuschneiden der Schnee-Sohlen vor dem Aufnageln:<\/strong><\/p>\n\n\n\n<p class=\"has-black-color has-text-color\">Die gelieferten Schnee-Sohlen sind in Quadratischer Platten zugeschnitten, diese m\u00fcssen Sie zuerst auf die Hufeisenform angepasst werden werden. <\/p>\n\n\n\n<p class=\"has-black-color has-text-color\">Am einfachsten geht das beim erneuern des Beschlages von Ihrem Pferd. Nehmen Sie die Hufeisen und legen Sie diese auf die Schnee-Sohlen, so dass die Hufeisenenden ca. 2 cm \u00fcber die Schnee-Sohlen hinausragen. Es spielt keine Rolle auf welcher Seite Sie den inneren Rand auf die Schnee-Sohlen zeichnen. <\/p>\n\n\n\n<p class=\"has-black-color has-text-color\">Schneiden Sie die Schnee-Sohlen mindestens 5 mm ausserhalb der gezeichneten Linie zurecht (optimales Zuschneidewerkzeuge ist eine Schere). Kontrollieren Sie nach dem Aufnageln der Hufeisen, ob die Schnee-Sohlen richtig passen. Falls n\u00f6tig, k\u00f6nnen Sie die Schnee-Sohlen noch nachschneiden. <\/p>\n\n\n\n<p class=\"has-black-color has-text-color\">Wenn der Hufstrahl \u00fcber das Hufeisen hinausragen sollte, so k\u00f6nnen Sie den entsprechenden Teil aus der Schnee-Sohle ausschneiden. <\/p>\n\n\n\n<p class=\"has-black-color has-text-color\"><strong>Zuschneiden der Schnee-Sohlen im Falle bereits aufgenagelter Hufeisen:<\/strong><\/p>\n\n\n\n<p class=\"has-black-color has-text-color\">Die gelieferten Schnee-Sohlen auf die Hufeisen legen, die innere Hufeisenform sch\u00e4tzen (Tipp: spannen Sie eine Klarsichtfolie \u00fcber das Hufeisen und zeichnen die innere Hufeisenform darauf. Legen Sie dann auf die Schnee-Sohle) aufzeichnen und wieder ca. 7 mm ausserhalb der gezeichneten Linie die Schnee-Sohlen zuschneiden. Legen Sie bis Sie die richtige Form erhalten die Schnee-Sohlen immer wieder auf die Hufeisen, so dass Sie nicht zuviel abschneiden (siehe Bild).<\/p>\n\n\n\n<figure class=\"wp-block-image size-large is-resized\"><img loading=\"lazy\" decoding=\"async\" src=\"https:\/\/www.waefler-hufbeschlag.ch\/wp-content\/uploads\/2021\/01\/Schneesohlen-huf-und-sohle-einzel-540x1024.jpg\" alt=\"\" class=\"wp-image-1343\" width=\"367\" height=\"695\" srcset=\"https:\/\/www.waefler-hufbeschlag.ch\/wp-content\/uploads\/2021\/01\/Schneesohlen-huf-und-sohle-einzel-540x1024.jpg 540w, https:\/\/www.waefler-hufbeschlag.ch\/wp-content\/uploads\/2021\/01\/Schneesohlen-huf-und-sohle-einzel-158x300.jpg 158w, https:\/\/www.waefler-hufbeschlag.ch\/wp-content\/uploads\/2021\/01\/Schneesohlen-huf-und-sohle-einzel.jpg 664w\" sizes=\"auto, (max-width: 367px) 100vw, 367px\" \/><\/figure>\n\n\n\n<p class=\"has-black-color has-text-color\"><strong>Die Montage:<\/strong><\/p>\n\n\n\n<p class=\"has-black-color has-text-color\">F\u00fcr die Montage der Schnee-Sohlen m\u00fcssen die Hufe sorgf\u00e4ltig gereinigt werden. Kontrollieren Sie, dass auch keine Steine oder andere Gegenst\u00e4nde in der Hufsohle verkeilt haben, insbesondere in der Kluft zwischen Hufeisen und Hufsohle, wo sp\u00e4ter die Schnee-Sohle hinein geklemmt wird. <\/p>\n\n\n\n<p class=\"has-black-color has-text-color\">Biegen Sie die Schnee-Sohlen etwas zusammen und dr\u00fccken Sie die Sohlen zuerst im Zehenbereich in den Huf und abschliessend unter die Eisenschenkel.&nbsp;&nbsp;&nbsp;&nbsp;<\/p>\n\n\n\n<figure class=\"wp-block-image size-large is-resized\"><img loading=\"lazy\" decoding=\"async\" src=\"https:\/\/www.waefler-hufbeschlag.ch\/wp-content\/uploads\/2021\/01\/Schneesohlen-montageschritt-2-1024x461.jpg\" alt=\"\" class=\"wp-image-1304\" width=\"345\" height=\"155\" srcset=\"https:\/\/www.waefler-hufbeschlag.ch\/wp-content\/uploads\/2021\/01\/Schneesohlen-montageschritt-2-1024x461.jpg 1024w, https:\/\/www.waefler-hufbeschlag.ch\/wp-content\/uploads\/2021\/01\/Schneesohlen-montageschritt-2-600x270.jpg 600w, https:\/\/www.waefler-hufbeschlag.ch\/wp-content\/uploads\/2021\/01\/Schneesohlen-montageschritt-2-300x135.jpg 300w, https:\/\/www.waefler-hufbeschlag.ch\/wp-content\/uploads\/2021\/01\/Schneesohlen-montageschritt-2-768x346.jpg 768w, https:\/\/www.waefler-hufbeschlag.ch\/wp-content\/uploads\/2021\/01\/Schneesohlen-montageschritt-2-1080x486.jpg 1080w, https:\/\/www.waefler-hufbeschlag.ch\/wp-content\/uploads\/2021\/01\/Schneesohlen-montageschritt-2-980x441.jpg 980w, https:\/\/www.waefler-hufbeschlag.ch\/wp-content\/uploads\/2021\/01\/Schneesohlen-montageschritt-2-480x216.jpg 480w, https:\/\/www.waefler-hufbeschlag.ch\/wp-content\/uploads\/2021\/01\/Schneesohlen-montageschritt-2.jpg 1160w\" sizes=\"auto, (max-width: 345px) 100vw, 345px\" \/><\/figure>\n\n\n\n<figure class=\"wp-block-image size-large is-resized\"><img loading=\"lazy\" decoding=\"async\" src=\"https:\/\/www.waefler-hufbeschlag.ch\/wp-content\/uploads\/2021\/01\/Schneesohlen-im-huf-sicht-ballen-1024x475.jpg\" alt=\"\" class=\"wp-image-1305\" width=\"481\" height=\"223\" srcset=\"https:\/\/www.waefler-hufbeschlag.ch\/wp-content\/uploads\/2021\/01\/Schneesohlen-im-huf-sicht-ballen-1024x475.jpg 1024w, https:\/\/www.waefler-hufbeschlag.ch\/wp-content\/uploads\/2021\/01\/Schneesohlen-im-huf-sicht-ballen-600x278.jpg 600w, https:\/\/www.waefler-hufbeschlag.ch\/wp-content\/uploads\/2021\/01\/Schneesohlen-im-huf-sicht-ballen-300x139.jpg 300w, https:\/\/www.waefler-hufbeschlag.ch\/wp-content\/uploads\/2021\/01\/Schneesohlen-im-huf-sicht-ballen-768x356.jpg 768w, https:\/\/www.waefler-hufbeschlag.ch\/wp-content\/uploads\/2021\/01\/Schneesohlen-im-huf-sicht-ballen-1080x501.jpg 1080w, https:\/\/www.waefler-hufbeschlag.ch\/wp-content\/uploads\/2021\/01\/Schneesohlen-im-huf-sicht-ballen-1280x594.jpg 1280w, https:\/\/www.waefler-hufbeschlag.ch\/wp-content\/uploads\/2021\/01\/Schneesohlen-im-huf-sicht-ballen-980x455.jpg 980w, https:\/\/www.waefler-hufbeschlag.ch\/wp-content\/uploads\/2021\/01\/Schneesohlen-im-huf-sicht-ballen-480x223.jpg 480w, https:\/\/www.waefler-hufbeschlag.ch\/wp-content\/uploads\/2021\/01\/Schneesohlen-im-huf-sicht-ballen.jpg 1392w\" sizes=\"auto, (max-width: 481px) 100vw, 481px\" \/><\/figure>\n\n\n\n<p><\/p>\n\n\n\n<p class=\"has-black-color has-text-color\">Tipp: Bewahren Sie die Schnee-Sohlen vor der Montage in einem warmen Raum auf (Auto, Sattelkammer). So lassen Sie sich besser handhaben. Das Entfernen der Schnee-Sohlen ist sehr einfach. Mit einem Hufkratzer ziehen Sie die Schnee-Sohlen im Ballenbereich heraus. Reinigen sie diesen Bereich, beschriften Sie die Sohlen, kleben Sie diese mit Klebeband zusammen und schon sind Sie f\u00fcr den n\u00e4chsten Winter ger\u00fcstet.<\/p>\n\n\n\n<p><\/p>\n\n\n\n<p><\/p>\n\n\n\n<div class=\"wp-block-columns is-layout-flex wp-container-core-columns-is-layout-9d6595d7 wp-block-columns-is-layout-flex\">\n<div class=\"wp-block-column is-layout-flow wp-block-column-is-layout-flow\">\n<figure class=\"wp-block-video\"><video controls src=\"https:\/\/www.waefler-hufbeschlag.ch\/wp-content\/uploads\/2023\/01\/VID-20230113-WA0022-Anpassen-der-Schnee-Sohlen.mp4\"><\/video><figcaption><strong>Zuschneiden der Schnee-Sohlen<\/strong><\/figcaption><\/figure>\n<\/div>\n\n\n\n<div class=\"wp-block-column is-layout-flow wp-block-column-is-layout-flow\">\n<figure class=\"wp-block-video\"><video controls src=\"https:\/\/www.waefler-hufbeschlag.ch\/wp-content\/uploads\/2023\/01\/VID-20230113-WA0023-Montageanleitung-Schnee-Sohlen.mp4\"><\/video><figcaption><strong>Montage der Schnee-Sohlen<\/strong><\/figcaption><\/figure>\n<\/div>\n\n\n\n<div class=\"wp-block-column is-layout-flow wp-block-column-is-layout-flow\"><\/div>\n<\/div>\n\n\n\n<p class=\"has-vivid-red-color has-text-color has-medium-font-size\"><a href=\"https:\/\/www.waefler-hufbeschlag.ch\/?product=schnee-sohlen\" data-type=\"URL\" data-id=\"www.waefler-hufbeschlag.ch\/?product=schnee-sohlen\">Zum Shop<\/a><\/p>\n","protected":false},"excerpt":{"rendered":"<p>Die Schnee-Sohlen sind spezielle quadratische Plastikplatten die \u00e4usserst Abrieb- und K\u00e4ltebest\u00e4ndig sind. Erh\u00e4ltlich sind Sie in 3 Gr\u00f6\u00dfen. Gr\u00f6ssen: A 100x100mm, B 125x125mm, C 150x150mm Die richtige Gr\u00f6sse k\u00f6nnen Sie aus dem Mass der inneren Hufeisenweite ermitteln. Wichtig ist, dass Sie 10 mm hinzu z\u00e4hlen, weil die Schnee-Sohlen unter das Hufeisen geklemmt werden. Gr\u00f6sse bestimmen: [&hellip;]<\/p>\n","protected":false},"author":1,"featured_media":0,"parent":1319,"menu_order":0,"comment_status":"closed","ping_status":"closed","template":"","meta":{"footnotes":""},"class_list":["post-1300","page","type-page","status-publish","hentry"],"_links":{"self":[{"href":"https:\/\/www.waefler-hufbeschlag.ch\/index.php?rest_route=\/wp\/v2\/pages\/1300","targetHints":{"allow":["GET"]}}],"collection":[{"href":"https:\/\/www.waefler-hufbeschlag.ch\/index.php?rest_route=\/wp\/v2\/pages"}],"about":[{"href":"https:\/\/www.waefler-hufbeschlag.ch\/index.php?rest_route=\/wp\/v2\/types\/page"}],"author":[{"embeddable":true,"href":"https:\/\/www.waefler-hufbeschlag.ch\/index.php?rest_route=\/wp\/v2\/users\/1"}],"replies":[{"embeddable":true,"href":"https:\/\/www.waefler-hufbeschlag.ch\/index.php?rest_route=%2Fwp%2Fv2%2Fcomments&post=1300"}],"version-history":[{"count":14,"href":"https:\/\/www.waefler-hufbeschlag.ch\/index.php?rest_route=\/wp\/v2\/pages\/1300\/revisions"}],"predecessor-version":[{"id":8068,"href":"https:\/\/www.waefler-hufbeschlag.ch\/index.php?rest_route=\/wp\/v2\/pages\/1300\/revisions\/8068"}],"up":[{"embeddable":true,"href":"https:\/\/www.waefler-hufbeschlag.ch\/index.php?rest_route=\/wp\/v2\/pages\/1319"}],"wp:attachment":[{"href":"https:\/\/www.waefler-hufbeschlag.ch\/index.php?rest_route=%2Fwp%2Fv2%2Fmedia&parent=1300"}],"curies":[{"name":"wp","href":"https:\/\/api.w.org\/{rel}","templated":true}]}}