{"id":1286,"date":"2021-01-08T16:30:02","date_gmt":"2021-01-08T15:30:02","guid":{"rendered":"https:\/\/www.waefler-hufbeschlag.ch\/?page_id=1286"},"modified":"2025-07-25T12:42:37","modified_gmt":"2025-07-25T10:42:37","slug":"montageanleitung-und-groessenbestimmung-huf-flex","status":"publish","type":"page","link":"https:\/\/www.waefler-hufbeschlag.ch\/?page_id=1286","title":{"rendered":"Montageanleitung und Gr\u00f6ssenbestimmung Huf-Flex"},"content":{"rendered":"\n<p class=\"has-black-color has-text-color has-normal-font-size\">Die richtige Gr\u00f6sse bestimmen Sie aus dem Mass der inneren Hufeisenbreite (Rot) und der Hufeisenl\u00e4nge (Blau) ermitteln.<\/p>\n\n\n\n<p class=\"has-black-color has-text-color has-normal-font-size\">Achten Sie beim ausmessen dass die Ringen (\u00d8 12mm) der Huf-Flex nicht auf dem Hufstrahl aufliegen.<\/p>\n\n\n\n<figure class=\"wp-block-image size-large is-resized\"><img loading=\"lazy\" decoding=\"async\" src=\"https:\/\/www.waefler-hufbeschlag.ch\/wp-content\/uploads\/2021\/02\/Huf-Flex-mit-Kennzeichnung.jpg\" alt=\"\" class=\"wp-image-1776\" width=\"377\" height=\"502\" srcset=\"https:\/\/www.waefler-hufbeschlag.ch\/wp-content\/uploads\/2021\/02\/Huf-Flex-mit-Kennzeichnung.jpg 700w, https:\/\/www.waefler-hufbeschlag.ch\/wp-content\/uploads\/2021\/02\/Huf-Flex-mit-Kennzeichnung-600x800.jpg 600w, https:\/\/www.waefler-hufbeschlag.ch\/wp-content\/uploads\/2021\/02\/Huf-Flex-mit-Kennzeichnung-225x300.jpg 225w, https:\/\/www.waefler-hufbeschlag.ch\/wp-content\/uploads\/2021\/02\/Huf-Flex-mit-Kennzeichnung-480x640.jpg 480w\" sizes=\"auto, (max-width: 377px) 100vw, 377px\" \/><\/figure>\n\n\n\n<p class=\"has-black-color has-text-color has-normal-font-size\"><strong>Gr\u00f6ssenauswahl:<\/strong><\/p>\n\n\n\n<p class=\"has-black-color has-text-color has-normal-font-size\">Die Huf-Flex sind in 8 verschiedenen Gr\u00f6ssen erh\u00e4ltlich.<\/p>\n\n\n\n<p class=\"has-black-color has-text-color has-normal-font-size\">Die Standardgr\u00f6sse sind f\u00fcr eher Rundliche Hufe angefertigt worden!<\/p>\n\n\n\n<p class=\"has-black-color has-text-color has-normal-font-size\">Die Kurzversion sind eher f\u00fcr Schmale Hufe anfertigt worden!<\/p>\n\n\n\n<p class=\"has-black-color has-text-color has-normal-font-size\">Nr. L&nbsp;&nbsp;&nbsp; Standard&nbsp;&nbsp;&nbsp;&nbsp;&nbsp;&nbsp;&nbsp; Breite&nbsp;&nbsp; 11.5 cm \u2013 10.0 cm&nbsp;&nbsp;&nbsp;&nbsp; L\u00e4nge&nbsp; 11.0 cm<\/p>\n\n\n\n<p class=\"has-black-color has-text-color has-normal-font-size\">Nr. L &nbsp;&nbsp; Kurz&nbsp;&nbsp;&nbsp;&nbsp;&nbsp;&nbsp;&nbsp;&nbsp;&nbsp;&nbsp;&nbsp;&nbsp;&nbsp;&nbsp;&nbsp; Breite&nbsp;&nbsp; 11.5 cm \u2013 10.0 cm&nbsp;&nbsp;&nbsp;&nbsp; L\u00e4nge&nbsp; 10.0 cm<\/p>\n\n\n\n<p class=\"has-black-color has-text-color has-normal-font-size\">Nr. M &nbsp; Standard&nbsp;&nbsp;&nbsp;&nbsp;&nbsp;&nbsp; Breite&nbsp;&nbsp; 10.5 cm \u2013 9.5 cm&nbsp;&nbsp;&nbsp;&nbsp;&nbsp;&nbsp; L\u00e4nge&nbsp; &nbsp; 9.0 cm<\/p>\n\n\n\n<p class=\"has-black-color has-text-color has-normal-font-size\">Nr. M &nbsp; Kurz&nbsp;&nbsp;&nbsp;&nbsp;&nbsp;&nbsp;&nbsp;&nbsp;&nbsp;&nbsp;&nbsp;&nbsp;&nbsp;&nbsp;&nbsp;Breite&nbsp;&nbsp; 10.5 cm \u2013 9.5 cm&nbsp;&nbsp;&nbsp;&nbsp;&nbsp;&nbsp; L\u00e4nge&nbsp; &nbsp; 8.0 cm<\/p>\n\n\n\n<p class=\"has-black-color has-text-color has-normal-font-size\">Nr. S Standard&nbsp;&nbsp;&nbsp;&nbsp;&nbsp;&nbsp;&nbsp;&nbsp;&nbsp; Breite&nbsp;&nbsp; &nbsp;&nbsp; 8.3 cm \u2013 9.5cm&nbsp;&nbsp;&nbsp;&nbsp;&nbsp;&nbsp;&nbsp; L\u00e4nge&nbsp; &nbsp; 9.0 cm<\/p>\n\n\n\n<p class=\"has-black-color has-text-color has-normal-font-size\">Nr. S Kurz&nbsp;&nbsp;&nbsp;&nbsp;&nbsp;&nbsp;&nbsp;&nbsp;&nbsp;&nbsp;&nbsp;&nbsp;&nbsp;&nbsp;&nbsp;&nbsp;&nbsp;&nbsp;Breite&nbsp;&nbsp; &nbsp;&nbsp; 8.3 cm \u2013 9.5cm&nbsp;&nbsp;&nbsp;&nbsp;&nbsp;&nbsp;&nbsp; L\u00e4nge&nbsp; &nbsp; 8.0 cm<\/p>\n\n\n\n<p class=\"has-black-color has-text-color has-normal-font-size\">Nr. O Standard&nbsp;&nbsp;&nbsp;&nbsp;&nbsp;&nbsp;   Breite&nbsp;&nbsp; &nbsp; &nbsp;7.5 cm \u2013 8.3 cm&nbsp;&nbsp;&nbsp;&nbsp;&nbsp;&nbsp; L\u00e4nge&nbsp; &nbsp; 7.5 cm<\/p>\n\n\n\n<p class=\"has-black-color has-text-color has-normal-font-size\">Nr. O Kurz\u00a0\u00a0\u00a0\u00a0\u00a0\u00a0\u00a0\u00a0\u00a0\u00a0\u00a0\u00a0\u00a0\u00a0\u00a0\u00a0\u00a0Breite\u00a0\u00a0 \u00a0 \u00a07.5 cm \u2013 8.3 cm\u00a0\u00a0\u00a0\u00a0\u00a0\u00a0 L\u00e4nge\u00a0 \u00a0 6.5 cm<\/p>\n\n\n\n<p><\/p>\n\n\n\n<p class=\"has-black-color has-text-color has-normal-font-size\">Ein Set Huf-Flex besteht aus 2 Federstahlringen.<\/p>\n\n\n\n<figure class=\"wp-block-image size-large is-resized\"><img loading=\"lazy\" decoding=\"async\" src=\"https:\/\/www.waefler-hufbeschlag.ch\/wp-content\/uploads\/2021\/01\/Hufflex-einzel-darstellung.jpg\" alt=\"\" class=\"wp-image-1334\" width=\"275\" height=\"388\" srcset=\"https:\/\/www.waefler-hufbeschlag.ch\/wp-content\/uploads\/2021\/01\/Hufflex-einzel-darstellung.jpg 674w, https:\/\/www.waefler-hufbeschlag.ch\/wp-content\/uploads\/2021\/01\/Hufflex-einzel-darstellung-600x847.jpg 600w, https:\/\/www.waefler-hufbeschlag.ch\/wp-content\/uploads\/2021\/01\/Hufflex-einzel-darstellung-212x300.jpg 212w, https:\/\/www.waefler-hufbeschlag.ch\/wp-content\/uploads\/2021\/01\/Hufflex-einzel-darstellung-480x678.jpg 480w\" sizes=\"auto, (max-width: 275px) 100vw, 275px\" \/><\/figure>\n\n\n\n<p class=\"has-black-color has-text-color\"><\/p>\n\n\n\n<p class=\"has-black-color has-text-color has-normal-font-size\">Nicht Inbegriffen ist die Montagezange, diese ist auch im Shop erh\u00e4ltlich.<\/p>\n\n\n\n<figure class=\"wp-block-image is-resized\"><img loading=\"lazy\" decoding=\"async\" src=\"https:\/\/www.waefler-hufbeschlag.ch\/wp-content\/uploads\/2019\/04\/Huf.Flex-Montagezange-Neu--1024x328.jpg\" alt=\"\" class=\"wp-image-358\" width=\"312\" height=\"100\" srcset=\"https:\/\/www.waefler-hufbeschlag.ch\/wp-content\/uploads\/2019\/04\/Huf.Flex-Montagezange-Neu--1024x328.jpg 1024w, https:\/\/www.waefler-hufbeschlag.ch\/wp-content\/uploads\/2019\/04\/Huf.Flex-Montagezange-Neu--600x192.jpg 600w, https:\/\/www.waefler-hufbeschlag.ch\/wp-content\/uploads\/2019\/04\/Huf.Flex-Montagezange-Neu--300x96.jpg 300w, https:\/\/www.waefler-hufbeschlag.ch\/wp-content\/uploads\/2019\/04\/Huf.Flex-Montagezange-Neu--768x246.jpg 768w, https:\/\/www.waefler-hufbeschlag.ch\/wp-content\/uploads\/2019\/04\/Huf.Flex-Montagezange-Neu-.jpg 1728w\" sizes=\"auto, (max-width: 312px) 100vw, 312px\" \/><\/figure>\n\n\n\n<p><\/p>\n\n\n\n<p class=\"has-black-color has-text-color has-normal-font-size\"><strong>Montage der Huf-Flex<\/strong><\/p>\n\n\n\n<p class=\"has-black-color has-text-color has-normal-font-size\">F\u00fcr die Montage der Huf-Flex m\u00fcssen die Hufe vorher sorgf\u00e4ltig gereinigt werden.<\/p>\n\n\n\n<p class=\"has-black-color has-text-color has-normal-font-size\">Kontrollieren Sie dass auch keine Steine oder andere Gegenst\u00e4nde in der Hufsohle verkeilt sind.<\/p>\n\n\n\n<p class=\"has-black-color has-text-color has-normal-font-size\">Das einsetzen der Flex erfolgt mittels der Montagezange (in der Lieferung nicht enthalten).<\/p>\n\n\n\n<p class=\"has-black-color has-text-color has-normal-font-size\">Fahren Sie die Zange an den Ringen ein und dr\u00fccken Sie diese vorsichtig zu, so dass das Flex nicht herausspringen kann.<\/p>\n\n\n\n<p class=\"has-black-color has-text-color has-normal-font-size\">F\u00fchren Sie zuerst das Flex an der Hufspitze ein und dann in die Eckstreben, und ziehen dann die Zange aus den Ringen.<\/p>\n\n\n\n<p class=\"has-black-color has-text-color has-normal-font-size\">Kontrollieren Sie mit den Daumen ob das Flex auch richtig sitzt und klemmt.<\/p>\n\n\n\n<p class=\"has-black-color has-text-color has-normal-font-size\">Das Flex muss parallel zu den Hufeisenenden liegen und soll nicht auf dem Strahl aufliegen.<\/p>\n\n\n\n<p class=\"has-black-color has-text-color has-normal-font-size\">Die Huf-Flex k\u00f6nnen auch \u00fcber mehrere Tag im Huf belassen werden, wenn es keinen Schnee mehr hat sollten sie entfernt werden<\/p>\n\n\n\n<div class=\"wp-block-columns is-layout-flex wp-container-core-columns-is-layout-9d6595d7 wp-block-columns-is-layout-flex\">\n<div class=\"wp-block-column is-layout-flow wp-block-column-is-layout-flow\" style=\"flex-basis:33.34%\">\n<figure class=\"wp-block-video\"><video controls src=\"https:\/\/www.waefler-hufbeschlag.ch\/wp-content\/uploads\/2023\/01\/VID-20230113-WA0021-Montagevideo-Huf-Flex-6.mp4\"><\/video><\/figure>\n<\/div>\n\n\n\n<div class=\"wp-block-column is-layout-flow wp-block-column-is-layout-flow\" style=\"flex-basis:33.34%\"><\/div>\n\n\n\n<div class=\"wp-block-column is-layout-flow wp-block-column-is-layout-flow\" style=\"flex-basis:33.33%\"><\/div>\n<\/div>\n\n\n\n<p class=\"has-vivid-red-color has-text-color\"><a href=\"https:\/\/www.waefler-hufbeschlag.ch\/?product=huf-flex\" data-type=\"URL\" data-id=\"www.waefler-hufbeschlag.ch\/?product=huf-flex\"><strong>Zum Shop<\/strong><\/a><\/p>\n","protected":false},"excerpt":{"rendered":"<p>Die richtige Gr\u00f6sse bestimmen Sie aus dem Mass der inneren Hufeisenbreite (Rot) und der Hufeisenl\u00e4nge (Blau) ermitteln. Achten Sie beim ausmessen dass die Ringen (\u00d8 12mm) der Huf-Flex nicht auf dem Hufstrahl aufliegen. Gr\u00f6ssenauswahl: Die Huf-Flex sind in 8 verschiedenen Gr\u00f6ssen erh\u00e4ltlich. Die Standardgr\u00f6sse sind f\u00fcr eher Rundliche Hufe angefertigt worden! Die Kurzversion sind eher [&hellip;]<\/p>\n","protected":false},"author":1,"featured_media":0,"parent":1319,"menu_order":0,"comment_status":"closed","ping_status":"closed","template":"","meta":{"footnotes":""},"class_list":["post-1286","page","type-page","status-publish","hentry"],"_links":{"self":[{"href":"https:\/\/www.waefler-hufbeschlag.ch\/index.php?rest_route=\/wp\/v2\/pages\/1286","targetHints":{"allow":["GET"]}}],"collection":[{"href":"https:\/\/www.waefler-hufbeschlag.ch\/index.php?rest_route=\/wp\/v2\/pages"}],"about":[{"href":"https:\/\/www.waefler-hufbeschlag.ch\/index.php?rest_route=\/wp\/v2\/types\/page"}],"author":[{"embeddable":true,"href":"https:\/\/www.waefler-hufbeschlag.ch\/index.php?rest_route=\/wp\/v2\/users\/1"}],"replies":[{"embeddable":true,"href":"https:\/\/www.waefler-hufbeschlag.ch\/index.php?rest_route=%2Fwp%2Fv2%2Fcomments&post=1286"}],"version-history":[{"count":19,"href":"https:\/\/www.waefler-hufbeschlag.ch\/index.php?rest_route=\/wp\/v2\/pages\/1286\/revisions"}],"predecessor-version":[{"id":8063,"href":"https:\/\/www.waefler-hufbeschlag.ch\/index.php?rest_route=\/wp\/v2\/pages\/1286\/revisions\/8063"}],"up":[{"embeddable":true,"href":"https:\/\/www.waefler-hufbeschlag.ch\/index.php?rest_route=\/wp\/v2\/pages\/1319"}],"wp:attachment":[{"href":"https:\/\/www.waefler-hufbeschlag.ch\/index.php?rest_route=%2Fwp%2Fv2%2Fmedia&parent=1286"}],"curies":[{"name":"wp","href":"https:\/\/api.w.org\/{rel}","templated":true}]}}